{"id":37617,"date":"2024-10-23T23:41:01","date_gmt":"2024-10-23T21:41:01","guid":{"rendered":"https:\/\/www.jl-paris.com\/?page_id=37617"},"modified":"2024-12-05T16:34:05","modified_gmt":"2024-12-05T15:34:05","slug":"philharmonie-de-paris","status":"publish","type":"page","link":"https:\/\/www.jl-paris.com\/en\/philharmonie-de-paris\/","title":{"rendered":"Visits to the Philharmonie de Paris"},"content":{"rendered":"<div class=\"wpb-content-wrapper\">[mk_page_section bg_image=&#8221;https:\/\/www.jl-paris.com\/wp-content\/uploads\/2024\/10\/jl-paris-philharmonie-de-paris-marco-borggreve-cover.jpg&#8221; bg_position=&#8221;center top&#8221; bg_repeat=&#8221;no-repeat&#8221; bg_stretch=&#8221;true&#8221; video_color_mask=&#8221;#000000&#8243; video_opacity=&#8221;0.4&#8243; min_height=&#8221;450&#8243; full_width=&#8221;true&#8221; js_vertical_centered=&#8221;true&#8221; padding_top=&#8221;0&#8243; padding_bottom=&#8221;0&#8243; sidebar=&#8221;sidebar-1&#8243;][vc_column][mk_ornamental_title tag_name=&#8221;h1&#8243; text_color=&#8221;#ffffff&#8221; font_family=&#8221;none&#8221; font_size=&#8221;50&#8243; font_weight=&#8221;300&#8243; txt_transform=&#8221;uppercase&#8221; ornament_style=&#8221;lemo-single&#8221; nss_align=&#8221;center&#8221; margin_bottom=&#8221;0&#8243; el_class=&#8221;texte-ombre-noire&#8221;]The Philharmonie de Paris[\/mk_ornamental_title][\/vc_column][\/mk_page_section][mk_page_section min_height=&#8221;0&#8243; js_vertical_centered=&#8221;true&#8221; padding_top=&#8221;30&#8243; padding_bottom=&#8221;0&#8243; sidebar=&#8221;sidebar-1&#8243;][vc_column][mk_image src=&#8221;https:\/\/www.jl-paris.com\/wp-content\/uploads\/2024\/10\/jl-paris-logo-philharmonie-de-paris.webp&#8221; image_size=&#8221;full&#8221; align=&#8221;center&#8221;][\/vc_column][\/mk_page_section][vc_row css=&#8221;.vc_custom_1480613876900{padding-top: 45px !important;}&#8221;][vc_column width=&#8221;1\/6&#8243;][\/vc_column][vc_column width=&#8221;2\/3&#8243;][vc_column_text align=&#8221;center&#8221; margin_bottom=&#8221;30&#8243; css=&#8221;.vc_custom_1733340528183{margin-bottom: 30px !important;}&#8221;]\n<p style=\"text-align: center;\"><span style=\"font-weight: 400;\">For the past year, J&amp;L PARIS and <\/span><b>the prestigious Philharmonie de Paris <\/b> have been <span style=\"font-weight: 400;\">working <\/span><b>together <\/b><span style=\"font-weight: 400;\">to offer <\/span><b>group tours <\/b>of <span style=\"font-weight: 400;\">this<\/span> <span style=\"font-weight: 400;\">must-see place for <\/span> music <b>and architecture<\/b> <b>enthusiasts<\/b><b>.<\/b><\/p>\n<p style=\"text-align: center;\"><span style=\"font-weight: 400;\">This institution and its building<\/span> <span style=\"font-weight: 400;\">are distinguished by a unique approach in the world: <strong>access for all to great music<\/strong>. From the symbolically strewn architecture to the majestic Grande Salle Pierre Boulez, the spectator has never been so close, bewitched and carried away by the music <\/span>.<\/p>\n<p>Together, our mission is to make you<b>\u00a0explore the beauty of complex acoustics inside an exceptional setting.\u00a0<\/b><\/p>\n[\/vc_column_text][\/vc_column][vc_column width=&#8221;1\/6&#8243;][\/vc_column][\/vc_row][mk_page_section min_height=&#8221;0&#8243; js_vertical_centered=&#8221;true&#8221; padding_top=&#8221;&#8221; padding_bottom=&#8221;0&#8243; margin_bottom=&#8221;30&#8243; sidebar=&#8221;sidebar-1&#8243;][vc_column][vc_tabs container_bg_color=&#8221;#ededed&#8221;][vc_tab title=&#8221;Inside view&#8221; tab_id=&#8221;1729696685958-1-7&#8243;][vc_row_inner][vc_column_inner width=&#8221;1\/2&#8243;][mk_image src=&#8221;https:\/\/www.jl-paris.com\/wp-content\/uploads\/2024\/10\/jl-paris-philharmonie-de-paris-grande-salle-gil-lefauconnier.webp&#8221; image_width=&#8221;600&#8243; image_height=&#8221;388&#8243; align=&#8221;center&#8221; animation=&#8221;fade-in&#8221;][\/vc_column_inner][vc_column_inner width=&#8221;1\/2&#8243;][mk_image src=&#8221;https:\/\/www.jl-paris.com\/wp-content\/uploads\/2024\/10\/jl-paris-philharmonie-de-paris-grande-salle-2016-gil-lefauconnier.webp&#8221; image_width=&#8221;600&#8243; image_height=&#8221;388&#8243; align=&#8221;center&#8221; animation=&#8221;fade-in&#8221;][\/vc_column_inner][\/vc_row_inner][vc_column_text disable_pattern=&#8221;false&#8221; align=&#8221;center&#8221; margin_bottom=&#8221;45&#8243; css=&#8221;.vc_custom_1729718083613{margin-bottom: 45px !important;}&#8221;]\n<p style=\"text-align: center;\"><em>The <span style=\"font-weight: 400;\">Great Pierre Boulez Hall<\/span><\/em><\/p>\n[\/vc_column_text][\/vc_tab][vc_tab title=&#8221;View from the outside&#8221; tab_id=&#8221;1709058904686-4-1&#8243;][mk_image src=&#8221;https:\/\/www.jl-paris.com\/wp-content\/uploads\/2024\/10\/jl-paris-philharmonie-de-paris-marco-borggreve.webp&#8221; image_size=&#8221;full&#8221; animation=&#8221;fade-in&#8221;][vc_column_text disable_pattern=&#8221;false&#8221; align=&#8221;center&#8221; margin_bottom=&#8221;45&#8243; css=&#8221;.vc_custom_1729717989794{margin-bottom: 45px !important;}&#8221;]\n<p style=\"text-align: center;\"><em>The unique fa\u00e7ade of the Philharmonie de Paris<\/em><\/p>\n[\/vc_column_text][\/vc_tab][\/vc_tabs][\/vc_column][\/mk_page_section][mk_page_section bg_color=&#8221;#e7ad9c&#8221; min_height=&#8221;&#8221; full_width=&#8221;true&#8221; js_vertical_centered=&#8221;true&#8221; padding_top=&#8221;30&#8243; padding_bottom=&#8221;30&#8243; top_shape_size=&#8221;small&#8221; top_shape_color=&#8221;#ffffff&#8221; top_shape_bg_color=&#8221;#e7ad9c&#8221; bottom_shape_size=&#8221;small&#8221; bottom_shape_color=&#8221;#ffffff&#8221; bottom_shape_bg_color=&#8221;#e7ad9c&#8221; sidebar=&#8221;sidebar-1&#8243;][vc_column][mk_fancy_title tag_name=&#8221;h4&#8243; color=&#8221;#ffffff&#8221; size=&#8221;22&#8243; font_weight=&#8221;400&#8243; letter_spacing=&#8221;2&#8243; margin_bottom=&#8221;0&#8243; font_family=&#8221;none&#8221; align=&#8221;center&#8221;]VISITS TO THE PHILHARMONIE DE PARIS[\/mk_fancy_title][\/vc_column][\/mk_page_section][vc_row css=&#8221;.vc_custom_1480613876900{padding-top: 45px !important;}&#8221;][vc_column width=&#8221;1\/6&#8243;][\/vc_column][vc_column width=&#8221;2\/3&#8243;][vc_column_text disable_pattern=&#8221;false&#8221; align=&#8221;center&#8221; css=&#8221;.vc_custom_1730135134210{margin-bottom: 0px !important;}&#8221;]\n<p style=\"text-align: center;\"><b>Guided tours:<\/b><br \/>\n<span style=\"font-weight: 400;\"><br \/>\nImmerse yourself in the fascinating world of the Philharmonie thanks to our tour guides. Explore the majestic Grande Salle Pierre Boulez and walk through carefully selected spaces in the heart of this iconic building. Extend this cultural experience with a concert by the Orchestre de Paris, during the week or by the Cit\u00e9 de la Musique, for a complete immersion in music. <\/span><\/p>\n<p style=\"text-align: center;\"><b>Who are these visits for?<\/b><br \/>\n<span style=\"font-weight: 400;\"><br \/>\nThese exclusive tours are currently reserved for groups such as tourist relays, CSEs, associations and groups of friends.<\/span><\/p>\n<p style=\"text-align: center;\"><b>Prices and booking terms:<br \/>\n<\/b><span style=\"font-weight: 400;\">For more information and to book your visit, contact the Philharmonie de Paris Groups Department:<br \/>\n+33 (0)1 44 84 44 84<br \/>\n<span style=\"text-decoration: underline;\"><a href=\"mailto:groupes@philharmoniedeparis.fr\">groupes@philharmoniedeparis.fr<\/a><\/span><br \/>\n<\/span><\/p>\n[\/vc_column_text][mk_button dimension=&#8221;flat&#8221; size=&#8221;large&#8221; icon=&#8221;mk-moon-music-5&#8243; icon_anim=&#8221;side&#8221; url=&#8221;https:\/\/philharmoniedeparis.fr\/en\/you-are\/groups&#8221; target=&#8221;_blank&#8221; align=&#8221;center&#8221;]ALL INFORMATION ON THE PHILHARMONIE WEBSITE[\/mk_button][vc_empty_space height=&#8221;30px&#8221;][\/vc_column][vc_column width=&#8221;1\/6&#8243;][\/vc_column][\/vc_row][mk_page_section bg_color=&#8221;#e7ad9c&#8221; min_height=&#8221;&#8221; full_width=&#8221;true&#8221; js_vertical_centered=&#8221;true&#8221; padding_top=&#8221;30&#8243; padding_bottom=&#8221;30&#8243; top_shape_size=&#8221;small&#8221; top_shape_color=&#8221;#ffffff&#8221; top_shape_bg_color=&#8221;#e7ad9c&#8221; bottom_shape_size=&#8221;small&#8221; bottom_shape_color=&#8221;#ffffff&#8221; bottom_shape_bg_color=&#8221;#e7ad9c&#8221; sidebar=&#8221;sidebar-1&#8243;][vc_column][mk_fancy_title tag_name=&#8221;h4&#8243; color=&#8221;#ffffff&#8221; size=&#8221;22&#8243; font_weight=&#8221;400&#8243; letter_spacing=&#8221;2&#8243; margin_bottom=&#8221;0&#8243; font_family=&#8221;none&#8221; align=&#8221;center&#8221;]CONTACT US?[\/mk_fancy_title][\/vc_column][\/mk_page_section][mk_page_section min_height=&#8221;0&#8243; js_vertical_centered=&#8221;true&#8221; padding_top=&#8221;30&#8243; padding_bottom=&#8221;0&#8243; sidebar=&#8221;sidebar-1&#8243;][vc_column][mk_contact_form style=&#8221;classic&#8221; email=&#8221;jlprojectparis@gmail.com&#8221; gdpr_consent=&#8221;false&#8221; captcha=&#8221;false&#8221;][\/vc_column][\/mk_page_section][vc_row css=&#8221;.vc_custom_1480613876900{padding-top: 45px !important;}&#8221;][vc_column][vc_column_text disable_pattern=&#8221;false&#8221; align=&#8221;center&#8221; css=&#8221;.vc_custom_1730135097054{margin-bottom: 0px !important;}&#8221;]\n<h6 style=\"text-align: left;\"><b>Photo credits:<br \/>\n<\/b>The two photos of the great Pierre Boulez \u00a9 hall Gil Lefauconnier<br \/>\nExterior view of the Philharmonie de Paris \u00a9 Marco Borggreve<b><\/b><\/h6>\n[\/vc_column_text][\/vc_column][\/vc_row]\n<\/div>","protected":false},"excerpt":{"rendered":"<p>[mk_page_section bg_image=&#8221;https:\/\/www.jl-paris.com\/wp-content\/uploads\/2024\/10\/jl-paris-philharmonie-de-paris-marco-borggreve-cover.jpg&#8221; bg_position=&#8221;center top&#8221; bg_repeat=&#8221;no-repeat&#8221; bg_stretch=&#8221;true&#8221; video_color_mask=&#8221;#000000&#8243; video_opacity=&#8221;0.4&#8243; min_height=&#8221;450&#8243; full_width=&#8221;true&#8221; js_vertical_centered=&#8221;true&#8221; padding_top=&#8221;0&#8243; padding_bottom=&#8221;0&#8243; sidebar=&#8221;sidebar-1&#8243;][vc_column][mk_ornamental_title tag_name=&#8221;h1&#8243; text_color=&#8221;#ffffff&#8221; font_family=&#8221;none&#8221; font_size=&#8221;50&#8243; font_weight=&#8221;300&#8243; txt_transform=&#8221;uppercase&#8221; ornament_style=&#8221;lemo-single&#8221; nss_align=&#8221;center&#8221; margin_bottom=&#8221;0&#8243; el_class=&#8221;texte-ombre-noire&#8221;]The Philharmonie de Paris[\/mk_ornamental_title][\/vc_column][\/mk_page_section][mk_page_section min_height=&#8221;0&#8243; js_vertical_centered=&#8221;true&#8221; padding_top=&#8221;30&#8243; padding_bottom=&#8221;0&#8243; sidebar=&#8221;sidebar-1&#8243;][vc_column][mk_image src=&#8221;https:\/\/www.jl-paris.com\/wp-content\/uploads\/2024\/10\/jl-paris-logo-philharmonie-de-paris.webp&#8221; image_size=&#8221;full&#8221; align=&#8221;center&#8221;][\/vc_column][\/mk_page_section][vc_row css=&#8221;.vc_custom_1480613876900{padding-top: 45px !important;}&#8221;][vc_column width=&#8221;1\/6&#8243;][\/vc_column][vc_column width=&#8221;2\/3&#8243;][vc_column_text align=&#8221;center&#8221; margin_bottom=&#8221;30&#8243; css=&#8221;.vc_custom_1733340528183{margin-bottom: 30px !important;}&#8221;] For the past year, J&amp;L PARIS and the prestigious Philharmonie [&hellip;]<\/p>\n","protected":false},"author":4,"featured_media":37614,"parent":0,"menu_order":30,"comment_status":"closed","ping_status":"closed","template":"","meta":{"_acf_changed":false,"footnotes":""},"class_list":["post-37617","page","type-page","status-publish","has-post-thumbnail","hentry"],"acf":[],"yoast_head":"<!-- This site is optimized with the Yoast SEO plugin v27.1.1 - https:\/\/yoast.com\/product\/yoast-seo-wordpress\/ -->\n<title>Tours of the Philharmonie de Paris with your guide!<\/title>\n<meta name=\"description\" content=\"Experience the Philharmonie de Paris like you&#039;ve never seen it before with J&amp;L Paris! Exceptional tours of this place are offered to you!\" \/>\n<meta name=\"robots\" content=\"index, follow, max-snippet:-1, max-image-preview:large, max-video-preview:-1\" \/>\n<link rel=\"canonical\" href=\"https:\/\/www.jl-paris.com\/en\/philharmonie-de-paris\/\" \/>\n<meta property=\"og:locale\" content=\"en_US\" \/>\n<meta property=\"og:type\" content=\"article\" \/>\n<meta property=\"og:title\" content=\"Tours of the Philharmonie de Paris with your guide!\" \/>\n<meta property=\"og:description\" content=\"Experience the Philharmonie de Paris like you&#039;ve never seen it before with J&amp;L Paris! Exceptional tours of this place are offered to you!\" \/>\n<meta property=\"og:url\" content=\"https:\/\/www.jl-paris.com\/en\/philharmonie-de-paris\/\" \/>\n<meta property=\"og:site_name\" content=\"J&amp;L Paris\" \/>\n<meta property=\"article:publisher\" content=\"https:\/\/www.facebook.com\/jlparis.agency\/\" \/>\n<meta property=\"article:modified_time\" content=\"2024-12-05T15:34:05+00:00\" \/>\n<meta property=\"og:image\" content=\"https:\/\/www.jl-paris.com\/wp-content\/uploads\/2024\/10\/jl-paris-philharmonie-de-paris-marco-borggreve.webp\" \/>\n\t<meta property=\"og:image:width\" content=\"1600\" \/>\n\t<meta property=\"og:image:height\" content=\"1067\" \/>\n\t<meta property=\"og:image:type\" content=\"image\/webp\" \/>\n<meta name=\"twitter:card\" content=\"summary_large_image\" \/>\n<meta name=\"twitter:site\" content=\"@JLParisagency\" \/>\n<meta name=\"twitter:label1\" content=\"Est. reading time\" \/>\n\t<meta name=\"twitter:data1\" content=\"3 minutes\" \/>\n<script type=\"application\/ld+json\" class=\"yoast-schema-graph\">{\"@context\":\"https:\/\/schema.org\",\"@graph\":[{\"@type\":\"WebPage\",\"@id\":\"https:\/\/www.jl-paris.com\/en\/philharmonie-de-paris\/\",\"url\":\"https:\/\/www.jl-paris.com\/en\/philharmonie-de-paris\/\",\"name\":\"Tours of the Philharmonie de Paris with your guide!\",\"isPartOf\":{\"@id\":\"https:\/\/www.jl-paris.com\/en\/#website\"},\"primaryImageOfPage\":{\"@id\":\"https:\/\/www.jl-paris.com\/en\/philharmonie-de-paris\/#primaryimage\"},\"image\":{\"@id\":\"https:\/\/www.jl-paris.com\/en\/philharmonie-de-paris\/#primaryimage\"},\"thumbnailUrl\":\"https:\/\/www.jl-paris.com\/wp-content\/uploads\/2024\/10\/jl-paris-philharmonie-de-paris-marco-borggreve.webp\",\"datePublished\":\"2024-10-23T21:41:01+00:00\",\"dateModified\":\"2024-12-05T15:34:05+00:00\",\"description\":\"Experience the Philharmonie de Paris like you've never seen it before with J&L Paris! Exceptional tours of this place are offered to you!\",\"breadcrumb\":{\"@id\":\"https:\/\/www.jl-paris.com\/en\/philharmonie-de-paris\/#breadcrumb\"},\"inLanguage\":\"en-US\",\"potentialAction\":[{\"@type\":\"ReadAction\",\"target\":[\"https:\/\/www.jl-paris.com\/en\/philharmonie-de-paris\/\"]}]},{\"@type\":\"ImageObject\",\"inLanguage\":\"en-US\",\"@id\":\"https:\/\/www.jl-paris.com\/en\/philharmonie-de-paris\/#primaryimage\",\"url\":\"https:\/\/www.jl-paris.com\/wp-content\/uploads\/2024\/10\/jl-paris-philharmonie-de-paris-marco-borggreve.webp\",\"contentUrl\":\"https:\/\/www.jl-paris.com\/wp-content\/uploads\/2024\/10\/jl-paris-philharmonie-de-paris-marco-borggreve.webp\",\"width\":1600,\"height\":1067,\"caption\":\"Philharmonie de Paris\"},{\"@type\":\"BreadcrumbList\",\"@id\":\"https:\/\/www.jl-paris.com\/en\/philharmonie-de-paris\/#breadcrumb\",\"itemListElement\":[{\"@type\":\"ListItem\",\"position\":1,\"name\":\"Accueil\",\"item\":\"https:\/\/www.jl-paris.com\/en\/\"},{\"@type\":\"ListItem\",\"position\":2,\"name\":\"Visits to the Philharmonie de Paris\"}]},{\"@type\":\"WebSite\",\"@id\":\"https:\/\/www.jl-paris.com\/en\/#website\",\"url\":\"https:\/\/www.jl-paris.com\/en\/\",\"name\":\"J&amp;L Paris\",\"description\":\"Visite guid\u00e9es, parcours, conf\u00e9rences \u00e0 Paris\",\"publisher\":{\"@id\":\"https:\/\/www.jl-paris.com\/en\/#organization\"},\"potentialAction\":[{\"@type\":\"SearchAction\",\"target\":{\"@type\":\"EntryPoint\",\"urlTemplate\":\"https:\/\/www.jl-paris.com\/en\/?s={search_term_string}\"},\"query-input\":{\"@type\":\"PropertyValueSpecification\",\"valueRequired\":true,\"valueName\":\"search_term_string\"}}],\"inLanguage\":\"en-US\"},{\"@type\":\"Organization\",\"@id\":\"https:\/\/www.jl-paris.com\/en\/#organization\",\"name\":\"J&L Paris\",\"url\":\"https:\/\/www.jl-paris.com\/en\/\",\"logo\":{\"@type\":\"ImageObject\",\"inLanguage\":\"en-US\",\"@id\":\"https:\/\/www.jl-paris.com\/en\/#\/schema\/logo\/image\/\",\"url\":\"https:\/\/www.jl-paris.com\/wp-content\/uploads\/2016\/11\/jl-paris-biography.jpg\",\"contentUrl\":\"https:\/\/www.jl-paris.com\/wp-content\/uploads\/2016\/11\/jl-paris-biography.jpg\",\"width\":400,\"height\":400,\"caption\":\"J&L Paris\"},\"image\":{\"@id\":\"https:\/\/www.jl-paris.com\/en\/#\/schema\/logo\/image\/\"},\"sameAs\":[\"https:\/\/www.facebook.com\/jlparis.agency\/\",\"https:\/\/x.com\/JLParisagency\",\"https:\/\/www.instagram.com\/jl_paris\/\",\"https:\/\/www.linkedin.com\/company\/10237378\/\"]}]}<\/script>\n<!-- \/ Yoast SEO plugin. -->","yoast_head_json":{"title":"Tours of the Philharmonie de Paris with your guide!","description":"Experience the Philharmonie de Paris like you've never seen it before with J&L Paris! Exceptional tours of this place are offered to you!","robots":{"index":"index","follow":"follow","max-snippet":"max-snippet:-1","max-image-preview":"max-image-preview:large","max-video-preview":"max-video-preview:-1"},"canonical":"https:\/\/www.jl-paris.com\/en\/philharmonie-de-paris\/","og_locale":"en_US","og_type":"article","og_title":"Tours of the Philharmonie de Paris with your guide!","og_description":"Experience the Philharmonie de Paris like you've never seen it before with J&L Paris! Exceptional tours of this place are offered to you!","og_url":"https:\/\/www.jl-paris.com\/en\/philharmonie-de-paris\/","og_site_name":"J&amp;L Paris","article_publisher":"https:\/\/www.facebook.com\/jlparis.agency\/","article_modified_time":"2024-12-05T15:34:05+00:00","og_image":[{"width":1600,"height":1067,"url":"https:\/\/www.jl-paris.com\/wp-content\/uploads\/2024\/10\/jl-paris-philharmonie-de-paris-marco-borggreve.webp","type":"image\/webp"}],"twitter_card":"summary_large_image","twitter_site":"@JLParisagency","twitter_misc":{"Est. reading time":"3 minutes"},"schema":{"@context":"https:\/\/schema.org","@graph":[{"@type":"WebPage","@id":"https:\/\/www.jl-paris.com\/en\/philharmonie-de-paris\/","url":"https:\/\/www.jl-paris.com\/en\/philharmonie-de-paris\/","name":"Tours of the Philharmonie de Paris with your guide!","isPartOf":{"@id":"https:\/\/www.jl-paris.com\/en\/#website"},"primaryImageOfPage":{"@id":"https:\/\/www.jl-paris.com\/en\/philharmonie-de-paris\/#primaryimage"},"image":{"@id":"https:\/\/www.jl-paris.com\/en\/philharmonie-de-paris\/#primaryimage"},"thumbnailUrl":"https:\/\/www.jl-paris.com\/wp-content\/uploads\/2024\/10\/jl-paris-philharmonie-de-paris-marco-borggreve.webp","datePublished":"2024-10-23T21:41:01+00:00","dateModified":"2024-12-05T15:34:05+00:00","description":"Experience the Philharmonie de Paris like you've never seen it before with J&L Paris! Exceptional tours of this place are offered to you!","breadcrumb":{"@id":"https:\/\/www.jl-paris.com\/en\/philharmonie-de-paris\/#breadcrumb"},"inLanguage":"en-US","potentialAction":[{"@type":"ReadAction","target":["https:\/\/www.jl-paris.com\/en\/philharmonie-de-paris\/"]}]},{"@type":"ImageObject","inLanguage":"en-US","@id":"https:\/\/www.jl-paris.com\/en\/philharmonie-de-paris\/#primaryimage","url":"https:\/\/www.jl-paris.com\/wp-content\/uploads\/2024\/10\/jl-paris-philharmonie-de-paris-marco-borggreve.webp","contentUrl":"https:\/\/www.jl-paris.com\/wp-content\/uploads\/2024\/10\/jl-paris-philharmonie-de-paris-marco-borggreve.webp","width":1600,"height":1067,"caption":"Philharmonie de Paris"},{"@type":"BreadcrumbList","@id":"https:\/\/www.jl-paris.com\/en\/philharmonie-de-paris\/#breadcrumb","itemListElement":[{"@type":"ListItem","position":1,"name":"Accueil","item":"https:\/\/www.jl-paris.com\/en\/"},{"@type":"ListItem","position":2,"name":"Visits to the Philharmonie de Paris"}]},{"@type":"WebSite","@id":"https:\/\/www.jl-paris.com\/en\/#website","url":"https:\/\/www.jl-paris.com\/en\/","name":"J&amp;L Paris","description":"Visite guid\u00e9es, parcours, conf\u00e9rences \u00e0 Paris","publisher":{"@id":"https:\/\/www.jl-paris.com\/en\/#organization"},"potentialAction":[{"@type":"SearchAction","target":{"@type":"EntryPoint","urlTemplate":"https:\/\/www.jl-paris.com\/en\/?s={search_term_string}"},"query-input":{"@type":"PropertyValueSpecification","valueRequired":true,"valueName":"search_term_string"}}],"inLanguage":"en-US"},{"@type":"Organization","@id":"https:\/\/www.jl-paris.com\/en\/#organization","name":"J&L Paris","url":"https:\/\/www.jl-paris.com\/en\/","logo":{"@type":"ImageObject","inLanguage":"en-US","@id":"https:\/\/www.jl-paris.com\/en\/#\/schema\/logo\/image\/","url":"https:\/\/www.jl-paris.com\/wp-content\/uploads\/2016\/11\/jl-paris-biography.jpg","contentUrl":"https:\/\/www.jl-paris.com\/wp-content\/uploads\/2016\/11\/jl-paris-biography.jpg","width":400,"height":400,"caption":"J&L Paris"},"image":{"@id":"https:\/\/www.jl-paris.com\/en\/#\/schema\/logo\/image\/"},"sameAs":["https:\/\/www.facebook.com\/jlparis.agency\/","https:\/\/x.com\/JLParisagency","https:\/\/www.instagram.com\/jl_paris\/","https:\/\/www.linkedin.com\/company\/10237378\/"]}]}},"_links":{"self":[{"href":"https:\/\/www.jl-paris.com\/en\/wp-json\/wp\/v2\/pages\/37617","targetHints":{"allow":["GET"]}}],"collection":[{"href":"https:\/\/www.jl-paris.com\/en\/wp-json\/wp\/v2\/pages"}],"about":[{"href":"https:\/\/www.jl-paris.com\/en\/wp-json\/wp\/v2\/types\/page"}],"author":[{"embeddable":true,"href":"https:\/\/www.jl-paris.com\/en\/wp-json\/wp\/v2\/users\/4"}],"replies":[{"embeddable":true,"href":"https:\/\/www.jl-paris.com\/en\/wp-json\/wp\/v2\/comments?post=37617"}],"version-history":[{"count":6,"href":"https:\/\/www.jl-paris.com\/en\/wp-json\/wp\/v2\/pages\/37617\/revisions"}],"predecessor-version":[{"id":37688,"href":"https:\/\/www.jl-paris.com\/en\/wp-json\/wp\/v2\/pages\/37617\/revisions\/37688"}],"wp:featuredmedia":[{"embeddable":true,"href":"https:\/\/www.jl-paris.com\/en\/wp-json\/wp\/v2\/media\/37614"}],"wp:attachment":[{"href":"https:\/\/www.jl-paris.com\/en\/wp-json\/wp\/v2\/media?parent=37617"}],"curies":[{"name":"wp","href":"https:\/\/api.w.org\/{rel}","templated":true}]}}