{"id":36013,"date":"2021-11-19T22:59:43","date_gmt":"2021-11-19T21:59:43","guid":{"rendered":"https:\/\/www.jl-paris.com\/tours-2\/cartes-cadeaux\/"},"modified":"2021-11-23T22:33:03","modified_gmt":"2021-11-23T21:33:03","slug":"cartes-cadeaux","status":"publish","type":"page","link":"https:\/\/www.jl-paris.com\/en\/cartes-cadeaux\/","title":{"rendered":"Cartes cadeaux"},"content":{"rendered":"<div class=\"wpb-content-wrapper\">[mk_page_section bg_image=&#8221;https:\/\/www.jl-paris.com\/wp-content\/uploads\/2020\/11\/jl-paris-carte-cadeau-noel-visuel-web-ordi-v2-cover-scaled.jpg&#8221; bg_position=&#8221;center top&#8221; bg_repeat=&#8221;no-repeat&#8221; bg_stretch=&#8221;true&#8221; video_color_mask=&#8221;#000000&#8243; video_opacity=&#8221;0.2&#8243; min_height=&#8221;450&#8243; full_width=&#8221;true&#8221; js_vertical_centered=&#8221;true&#8221; padding_top=&#8221;0&#8243; padding_bottom=&#8221;0&#8243; section_id=&#8221;top&#8221; visibility=&#8221;hidden-sm&#8221; sidebar=&#8221;sidebar-1&#8243;][vc_column][mk_ornamental_title tag_name=&#8221;h1&#8243; text_color=&#8221;#ffffff&#8221; font_family=&#8221;none&#8221; font_size=&#8221;50&#8243; font_weight=&#8221;300&#8243; txt_transform=&#8221;uppercase&#8221; ornament_style=&#8221;lemo-single&#8221; nss_align=&#8221;center&#8221; el_class=&#8221;texte-ombre-noire&#8221;]NOS CARTES CADEAUX DE NOEL[\/mk_ornamental_title][\/vc_column][\/mk_page_section][mk_page_section bg_image=&#8221;https:\/\/www.jl-paris.com\/wp-content\/uploads\/2020\/11\/jl-paris-carte-cadeau-noel-visuel-web-ordi-v2.jpg&#8221; bg_position=&#8221;center top&#8221; bg_repeat=&#8221;no-repeat&#8221; bg_stretch=&#8221;true&#8221; video_color_mask=&#8221;#000000&#8243; video_opacity=&#8221;0.2&#8243; min_height=&#8221;450&#8243; full_width=&#8221;true&#8221; js_vertical_centered=&#8221;true&#8221; padding_top=&#8221;0&#8243; padding_bottom=&#8221;0&#8243; section_id=&#8221;top&#8221; visibility=&#8221;visible-sm&#8221; sidebar=&#8221;sidebar-1&#8243;][vc_column][mk_ornamental_title tag_name=&#8221;h1&#8243; text_color=&#8221;#ffffff&#8221; font_family=&#8221;none&#8221; font_size=&#8221;50&#8243; font_weight=&#8221;300&#8243; txt_transform=&#8221;uppercase&#8221; ornament_style=&#8221;lemo-single&#8221; nss_align=&#8221;center&#8221; el_class=&#8221;texte-ombre-noire&#8221;]NOS CARTES CADEAUX DE NOEL[\/mk_ornamental_title][\/vc_column][\/mk_page_section][vc_row][vc_column width=&#8221;1\/6&#8243;][\/vc_column][vc_column width=&#8221;2\/3&#8243;][vc_empty_space height=&#8221;30px&#8221;][mk_font_icons icon=&#8221;mk-icon-tree&#8221; color=&#8221;#e7ad9c&#8221; size=&#8221;x-large&#8221; align=&#8221;center&#8221;][vc_empty_space height=&#8221;15px&#8221;][vc_custom_heading text=&#8221;Tic Tac, Tic Tac! No\u00ebl approche \u00e0 grands pas!&#8221; font_container=&#8221;tag:p|font_size:20|text_align:center|color:%23474747&#8243; google_fonts=&#8221;font_family:Lobster%3Aregular|font_style:400%20regular%3A400%3Anormal&#8221;][vc_column_text disable_pattern=&#8221;false&#8221; align=&#8221;center&#8221; css=&#8221;.vc_custom_1637355750630{margin-bottom: 0px !important;}&#8221;]\n<p style=\"text-align: center;\">Cette ann\u00e9e, offrez un cadeau original qui plaira \u00e0 tous les coups!<\/p>\n<p style=\"text-align: center;\">Une carte cadeau est une valeur s\u00fbre! Elle permet \u00e0 celui qui la re\u00e7oit de choisir librement parmi un panel de visites tr\u00e8s large.<\/p>\n<p style=\"text-align: center;\">Pour r\u00e9server, laissez vous guider et choisissez la formule qui vous convient!<\/p>\n[\/vc_column_text][vc_empty_space height=&#8221;15px&#8221;][\/vc_column][vc_column width=&#8221;1\/6&#8243;][\/vc_column][\/vc_row][vc_row][vc_column][vc_row_inner][vc_column_inner width=&#8221;1\/4&#8243;][\/vc_column_inner][vc_column_inner width=&#8221;1\/2&#8243;][vc_video host=&#8221;self_hosted&#8221; mp4=&#8221;https:\/\/www.jl-paris.com\/wp-content\/uploads\/2020\/11\/jl-paris-carte-cadeau-instream.mp4-1.mp4&#8243; autoplay=&#8221;true&#8221; loop=&#8221;true&#8221;][\/vc_column_inner][vc_column_inner width=&#8221;1\/4&#8243;][\/vc_column_inner][\/vc_row_inner][vc_empty_space height=&#8221;15px&#8221;][vc_empty_space height=&#8221;15px&#8221;][mk_font_icons icon=&#8221;mk-icon-tree&#8221; color=&#8221;#e7ad9c&#8221; size=&#8221;x-large&#8221; align=&#8221;center&#8221;][vc_empty_space height=&#8221;15px&#8221;][vc_text_separator title=&#8221;FORMULE PRESTIGE&#8221; color=&#8221;chino&#8221;][vc_custom_heading text=&#8221;Votre carte cadeau pr\u00eate \u00e0 l\u2019emploi est envoy\u00e9e chez vous par la Poste avec son enveloppe et sa carte d&#8217;accompagnement !&#8221; font_container=&#8221;tag:p|font_size:20|text_align:center|color:%23474747&#8243; google_fonts=&#8221;font_family:Lobster%3Aregular|font_style:400%20regular%3A400%3Anormal&#8221;][vc_empty_space height=&#8221;15px&#8221;][mk_image src=&#8221;https:\/\/www.jl-paris.com\/wp-content\/uploads\/2021\/11\/jl-paris-cartes-cadeaux-noel-2021-recto.png&#8221; image_width=&#8221;460&#8243; image_height=&#8221;270&#8243; frame_style=&#8221;border_shadow&#8221; target=&#8221;_blank&#8221; align=&#8221;center&#8221;][mk_image src=&#8221;https:\/\/www.jl-paris.com\/wp-content\/uploads\/2021\/11\/jl-paris-cartes-cadeaux-noel-2021-verso.png&#8221; image_width=&#8221;460&#8243; image_height=&#8221;270&#8243; frame_style=&#8221;border_shadow&#8221; target=&#8221;_blank&#8221; align=&#8221;center&#8221;][vc_column_text disable_pattern=&#8221;false&#8221; align=&#8221;center&#8221; css=&#8221;.vc_custom_1637356527836{margin-bottom: 0px !important;}&#8221;]\n<h5 style=\"text-align: center;\">CARTE CADEAU PAPIER ENVOYEE PAR LA POSTE<br \/>\n(+ 3\u20ac de frais de livraison)<\/h5>\n[\/vc_column_text][vc_empty_space height=&#8221;15px&#8221;][mk_font_icons icon=&#8221;mk-icon-tree&#8221; color=&#8221;#e7ad9c&#8221; size=&#8221;x-large&#8221; align=&#8221;center&#8221;][vc_column_text disable_pattern=&#8221;false&#8221; align=&#8221;center&#8221; css=&#8221;.vc_custom_1637357453055{margin-bottom: 0px !important;}&#8221;]\n<p style=\"text-align: center;\">[asp_product id=&#8221;35998&#8243;]\n[\/vc_column_text][vc_empty_space height=&#8221;15px&#8221;][vc_empty_space height=&#8221;15px&#8221;][mk_image src=&#8221;https:\/\/www.jl-paris.com\/wp-content\/uploads\/2020\/11\/jl-paris-carte-cadeau-noel-2020-collage.jpg&#8221; image_width=&#8221;350&#8243; frame_style=&#8221;border_shadow&#8221; target=&#8221;_blank&#8221; align=&#8221;center&#8221;][vc_empty_space height=&#8221;15px&#8221;][mk_font_icons icon=&#8221;mk-icon-tree&#8221; color=&#8221;#e7ad9c&#8221; size=&#8221;x-large&#8221; align=&#8221;center&#8221;][vc_empty_space height=&#8221;15px&#8221;][\/vc_column][\/vc_row][vc_row][vc_column][mk_contact_form title=&#8221;Si vous avez la moindre question, contactez-nous: contact@jl-paris.com!&#8221; style=&#8221;classic&#8221; button_text=&#8221;Envoyer&#8221; captcha=&#8221;false&#8221; gdpr_consent=&#8221;false&#8221;][vc_empty_space height=&#8221;15px&#8221;][\/vc_column][\/vc_row]\n<\/div>","protected":false},"excerpt":{"rendered":"<p>[mk_page_section bg_image=&#8221;https:\/\/www.jl-paris.com\/wp-content\/uploads\/2020\/11\/jl-paris-carte-cadeau-noel-visuel-web-ordi-v2-cover-scaled.jpg&#8221; bg_position=&#8221;center top&#8221; bg_repeat=&#8221;no-repeat&#8221; bg_stretch=&#8221;true&#8221; video_color_mask=&#8221;#000000&#8243; video_opacity=&#8221;0.2&#8243; min_height=&#8221;450&#8243; full_width=&#8221;true&#8221; js_vertical_centered=&#8221;true&#8221; padding_top=&#8221;0&#8243; padding_bottom=&#8221;0&#8243; section_id=&#8221;top&#8221; visibility=&#8221;hidden-sm&#8221; sidebar=&#8221;sidebar-1&#8243;][vc_column][mk_ornamental_title tag_name=&#8221;h1&#8243; text_color=&#8221;#ffffff&#8221; font_family=&#8221;none&#8221; font_size=&#8221;50&#8243; font_weight=&#8221;300&#8243; txt_transform=&#8221;uppercase&#8221; ornament_style=&#8221;lemo-single&#8221; nss_align=&#8221;center&#8221; el_class=&#8221;texte-ombre-noire&#8221;]NOS CARTES CADEAUX DE NOEL[\/mk_ornamental_title][\/vc_column][\/mk_page_section][mk_page_section bg_image=&#8221;https:\/\/www.jl-paris.com\/wp-content\/uploads\/2020\/11\/jl-paris-carte-cadeau-noel-visuel-web-ordi-v2.jpg&#8221; bg_position=&#8221;center top&#8221; bg_repeat=&#8221;no-repeat&#8221; bg_stretch=&#8221;true&#8221; video_color_mask=&#8221;#000000&#8243; video_opacity=&#8221;0.2&#8243; min_height=&#8221;450&#8243; full_width=&#8221;true&#8221; js_vertical_centered=&#8221;true&#8221; padding_top=&#8221;0&#8243; padding_bottom=&#8221;0&#8243; section_id=&#8221;top&#8221; visibility=&#8221;visible-sm&#8221; sidebar=&#8221;sidebar-1&#8243;][vc_column][mk_ornamental_title tag_name=&#8221;h1&#8243; text_color=&#8221;#ffffff&#8221; font_family=&#8221;none&#8221; font_size=&#8221;50&#8243; font_weight=&#8221;300&#8243; txt_transform=&#8221;uppercase&#8221; ornament_style=&#8221;lemo-single&#8221; nss_align=&#8221;center&#8221; el_class=&#8221;texte-ombre-noire&#8221;]NOS CARTES CADEAUX [&hellip;]<\/p>\n","protected":false},"author":4,"featured_media":36084,"parent":0,"menu_order":2,"comment_status":"closed","ping_status":"closed","template":"","meta":{"_acf_changed":false,"footnotes":""},"class_list":["post-36013","page","type-page","status-publish","has-post-thumbnail","hentry"],"acf":[],"yoast_head":"<!-- This site is optimized with the Yoast SEO plugin v27.1.1 - https:\/\/yoast.com\/product\/yoast-seo-wordpress\/ -->\n<title>Pour No\u00ebl, fa\u00eetes r\u00eaver vos proches avec la carte cadeau J&amp;L Paris!<\/title>\n<meta name=\"description\" content=\"Soyez original \u00e0 No\u00ebl et offrez une carte cadeau afin de participer \u00e0 une visite de r\u00eave - avec son enveloppe - le tout livr\u00e9 chez vous!\" \/>\n<meta name=\"robots\" content=\"index, follow, max-snippet:-1, max-image-preview:large, max-video-preview:-1\" \/>\n<link rel=\"canonical\" href=\"https:\/\/www.jl-paris.com\/en\/cartes-cadeaux\/\" \/>\n<meta property=\"og:locale\" content=\"en_US\" \/>\n<meta property=\"og:type\" content=\"article\" \/>\n<meta property=\"og:title\" content=\"Pour No\u00ebl, fa\u00eetes r\u00eaver vos proches avec la carte cadeau J&amp;L Paris!\" \/>\n<meta property=\"og:description\" content=\"Soyez original \u00e0 No\u00ebl et offrez une carte cadeau afin de participer \u00e0 une visite de r\u00eave - avec son enveloppe - le tout livr\u00e9 chez vous!\" \/>\n<meta property=\"og:url\" content=\"https:\/\/www.jl-paris.com\/en\/cartes-cadeaux\/\" \/>\n<meta property=\"og:site_name\" content=\"J&amp;L Paris\" \/>\n<meta property=\"article:publisher\" content=\"https:\/\/www.facebook.com\/jlparis.agency\/\" \/>\n<meta property=\"article:modified_time\" content=\"2021-11-23T21:33:03+00:00\" \/>\n<meta property=\"og:image\" content=\"https:\/\/www.jl-paris.com\/wp-content\/uploads\/2020\/11\/jl-paris-carte-cadeau-noel-visuel-web-ordi-v2.jpg\" \/>\n\t<meta property=\"og:image:width\" content=\"2248\" \/>\n\t<meta property=\"og:image:height\" content=\"1264\" \/>\n\t<meta property=\"og:image:type\" content=\"image\/jpeg\" \/>\n<meta name=\"twitter:card\" content=\"summary_large_image\" \/>\n<meta name=\"twitter:site\" content=\"@JLParisagency\" \/>\n<meta name=\"twitter:label1\" content=\"Est. reading time\" \/>\n\t<meta name=\"twitter:data1\" content=\"3 minutes\" \/>\n<script type=\"application\/ld+json\" class=\"yoast-schema-graph\">{\"@context\":\"https:\/\/schema.org\",\"@graph\":[{\"@type\":\"WebPage\",\"@id\":\"https:\/\/www.jl-paris.com\/en\/cartes-cadeaux\/\",\"url\":\"https:\/\/www.jl-paris.com\/en\/cartes-cadeaux\/\",\"name\":\"Pour No\u00ebl, fa\u00eetes r\u00eaver vos proches avec la carte cadeau J&L Paris!\",\"isPartOf\":{\"@id\":\"https:\/\/www.jl-paris.com\/en\/#website\"},\"primaryImageOfPage\":{\"@id\":\"https:\/\/www.jl-paris.com\/en\/cartes-cadeaux\/#primaryimage\"},\"image\":{\"@id\":\"https:\/\/www.jl-paris.com\/en\/cartes-cadeaux\/#primaryimage\"},\"thumbnailUrl\":\"https:\/\/www.jl-paris.com\/wp-content\/uploads\/2021\/12\/jl-paris-parcours-carte-cadeau-2021-16.9-scaled.jpg\",\"datePublished\":\"2021-11-19T21:59:43+00:00\",\"dateModified\":\"2021-11-23T21:33:03+00:00\",\"description\":\"Soyez original \u00e0 No\u00ebl et offrez une carte cadeau afin de participer \u00e0 une visite de r\u00eave - avec son enveloppe - le tout livr\u00e9 chez vous!\",\"breadcrumb\":{\"@id\":\"https:\/\/www.jl-paris.com\/en\/cartes-cadeaux\/#breadcrumb\"},\"inLanguage\":\"en-US\",\"potentialAction\":[{\"@type\":\"ReadAction\",\"target\":[\"https:\/\/www.jl-paris.com\/en\/cartes-cadeaux\/\"]}]},{\"@type\":\"ImageObject\",\"inLanguage\":\"en-US\",\"@id\":\"https:\/\/www.jl-paris.com\/en\/cartes-cadeaux\/#primaryimage\",\"url\":\"https:\/\/www.jl-paris.com\/wp-content\/uploads\/2021\/12\/jl-paris-parcours-carte-cadeau-2021-16.9-scaled.jpg\",\"contentUrl\":\"https:\/\/www.jl-paris.com\/wp-content\/uploads\/2021\/12\/jl-paris-parcours-carte-cadeau-2021-16.9-scaled.jpg\",\"width\":2560,\"height\":1439},{\"@type\":\"BreadcrumbList\",\"@id\":\"https:\/\/www.jl-paris.com\/en\/cartes-cadeaux\/#breadcrumb\",\"itemListElement\":[{\"@type\":\"ListItem\",\"position\":1,\"name\":\"Accueil\",\"item\":\"https:\/\/www.jl-paris.com\/en\/\"},{\"@type\":\"ListItem\",\"position\":2,\"name\":\"Cartes cadeaux\"}]},{\"@type\":\"WebSite\",\"@id\":\"https:\/\/www.jl-paris.com\/en\/#website\",\"url\":\"https:\/\/www.jl-paris.com\/en\/\",\"name\":\"J&amp;L Paris\",\"description\":\"Visite guid\u00e9es, parcours, conf\u00e9rences \u00e0 Paris\",\"publisher\":{\"@id\":\"https:\/\/www.jl-paris.com\/en\/#organization\"},\"potentialAction\":[{\"@type\":\"SearchAction\",\"target\":{\"@type\":\"EntryPoint\",\"urlTemplate\":\"https:\/\/www.jl-paris.com\/en\/?s={search_term_string}\"},\"query-input\":{\"@type\":\"PropertyValueSpecification\",\"valueRequired\":true,\"valueName\":\"search_term_string\"}}],\"inLanguage\":\"en-US\"},{\"@type\":\"Organization\",\"@id\":\"https:\/\/www.jl-paris.com\/en\/#organization\",\"name\":\"J&L Paris\",\"url\":\"https:\/\/www.jl-paris.com\/en\/\",\"logo\":{\"@type\":\"ImageObject\",\"inLanguage\":\"en-US\",\"@id\":\"https:\/\/www.jl-paris.com\/en\/#\/schema\/logo\/image\/\",\"url\":\"https:\/\/www.jl-paris.com\/wp-content\/uploads\/2016\/11\/jl-paris-biography.jpg\",\"contentUrl\":\"https:\/\/www.jl-paris.com\/wp-content\/uploads\/2016\/11\/jl-paris-biography.jpg\",\"width\":400,\"height\":400,\"caption\":\"J&L Paris\"},\"image\":{\"@id\":\"https:\/\/www.jl-paris.com\/en\/#\/schema\/logo\/image\/\"},\"sameAs\":[\"https:\/\/www.facebook.com\/jlparis.agency\/\",\"https:\/\/x.com\/JLParisagency\",\"https:\/\/www.instagram.com\/jl_paris\/\",\"https:\/\/www.linkedin.com\/company\/10237378\/\"]}]}<\/script>\n<!-- \/ Yoast SEO plugin. -->","yoast_head_json":{"title":"Pour No\u00ebl, fa\u00eetes r\u00eaver vos proches avec la carte cadeau J&L Paris!","description":"Soyez original \u00e0 No\u00ebl et offrez une carte cadeau afin de participer \u00e0 une visite de r\u00eave - avec son enveloppe - le tout livr\u00e9 chez vous!","robots":{"index":"index","follow":"follow","max-snippet":"max-snippet:-1","max-image-preview":"max-image-preview:large","max-video-preview":"max-video-preview:-1"},"canonical":"https:\/\/www.jl-paris.com\/en\/cartes-cadeaux\/","og_locale":"en_US","og_type":"article","og_title":"Pour No\u00ebl, fa\u00eetes r\u00eaver vos proches avec la carte cadeau J&L Paris!","og_description":"Soyez original \u00e0 No\u00ebl et offrez une carte cadeau afin de participer \u00e0 une visite de r\u00eave - avec son enveloppe - le tout livr\u00e9 chez vous!","og_url":"https:\/\/www.jl-paris.com\/en\/cartes-cadeaux\/","og_site_name":"J&amp;L Paris","article_publisher":"https:\/\/www.facebook.com\/jlparis.agency\/","article_modified_time":"2021-11-23T21:33:03+00:00","og_image":[{"width":2248,"height":1264,"url":"https:\/\/www.jl-paris.com\/wp-content\/uploads\/2020\/11\/jl-paris-carte-cadeau-noel-visuel-web-ordi-v2.jpg","type":"image\/jpeg"}],"twitter_card":"summary_large_image","twitter_site":"@JLParisagency","twitter_misc":{"Est. reading time":"3 minutes"},"schema":{"@context":"https:\/\/schema.org","@graph":[{"@type":"WebPage","@id":"https:\/\/www.jl-paris.com\/en\/cartes-cadeaux\/","url":"https:\/\/www.jl-paris.com\/en\/cartes-cadeaux\/","name":"Pour No\u00ebl, fa\u00eetes r\u00eaver vos proches avec la carte cadeau J&L Paris!","isPartOf":{"@id":"https:\/\/www.jl-paris.com\/en\/#website"},"primaryImageOfPage":{"@id":"https:\/\/www.jl-paris.com\/en\/cartes-cadeaux\/#primaryimage"},"image":{"@id":"https:\/\/www.jl-paris.com\/en\/cartes-cadeaux\/#primaryimage"},"thumbnailUrl":"https:\/\/www.jl-paris.com\/wp-content\/uploads\/2021\/12\/jl-paris-parcours-carte-cadeau-2021-16.9-scaled.jpg","datePublished":"2021-11-19T21:59:43+00:00","dateModified":"2021-11-23T21:33:03+00:00","description":"Soyez original \u00e0 No\u00ebl et offrez une carte cadeau afin de participer \u00e0 une visite de r\u00eave - avec son enveloppe - le tout livr\u00e9 chez vous!","breadcrumb":{"@id":"https:\/\/www.jl-paris.com\/en\/cartes-cadeaux\/#breadcrumb"},"inLanguage":"en-US","potentialAction":[{"@type":"ReadAction","target":["https:\/\/www.jl-paris.com\/en\/cartes-cadeaux\/"]}]},{"@type":"ImageObject","inLanguage":"en-US","@id":"https:\/\/www.jl-paris.com\/en\/cartes-cadeaux\/#primaryimage","url":"https:\/\/www.jl-paris.com\/wp-content\/uploads\/2021\/12\/jl-paris-parcours-carte-cadeau-2021-16.9-scaled.jpg","contentUrl":"https:\/\/www.jl-paris.com\/wp-content\/uploads\/2021\/12\/jl-paris-parcours-carte-cadeau-2021-16.9-scaled.jpg","width":2560,"height":1439},{"@type":"BreadcrumbList","@id":"https:\/\/www.jl-paris.com\/en\/cartes-cadeaux\/#breadcrumb","itemListElement":[{"@type":"ListItem","position":1,"name":"Accueil","item":"https:\/\/www.jl-paris.com\/en\/"},{"@type":"ListItem","position":2,"name":"Cartes cadeaux"}]},{"@type":"WebSite","@id":"https:\/\/www.jl-paris.com\/en\/#website","url":"https:\/\/www.jl-paris.com\/en\/","name":"J&amp;L Paris","description":"Visite guid\u00e9es, parcours, conf\u00e9rences \u00e0 Paris","publisher":{"@id":"https:\/\/www.jl-paris.com\/en\/#organization"},"potentialAction":[{"@type":"SearchAction","target":{"@type":"EntryPoint","urlTemplate":"https:\/\/www.jl-paris.com\/en\/?s={search_term_string}"},"query-input":{"@type":"PropertyValueSpecification","valueRequired":true,"valueName":"search_term_string"}}],"inLanguage":"en-US"},{"@type":"Organization","@id":"https:\/\/www.jl-paris.com\/en\/#organization","name":"J&L Paris","url":"https:\/\/www.jl-paris.com\/en\/","logo":{"@type":"ImageObject","inLanguage":"en-US","@id":"https:\/\/www.jl-paris.com\/en\/#\/schema\/logo\/image\/","url":"https:\/\/www.jl-paris.com\/wp-content\/uploads\/2016\/11\/jl-paris-biography.jpg","contentUrl":"https:\/\/www.jl-paris.com\/wp-content\/uploads\/2016\/11\/jl-paris-biography.jpg","width":400,"height":400,"caption":"J&L Paris"},"image":{"@id":"https:\/\/www.jl-paris.com\/en\/#\/schema\/logo\/image\/"},"sameAs":["https:\/\/www.facebook.com\/jlparis.agency\/","https:\/\/x.com\/JLParisagency","https:\/\/www.instagram.com\/jl_paris\/","https:\/\/www.linkedin.com\/company\/10237378\/"]}]}},"_links":{"self":[{"href":"https:\/\/www.jl-paris.com\/en\/wp-json\/wp\/v2\/pages\/36013","targetHints":{"allow":["GET"]}}],"collection":[{"href":"https:\/\/www.jl-paris.com\/en\/wp-json\/wp\/v2\/pages"}],"about":[{"href":"https:\/\/www.jl-paris.com\/en\/wp-json\/wp\/v2\/types\/page"}],"author":[{"embeddable":true,"href":"https:\/\/www.jl-paris.com\/en\/wp-json\/wp\/v2\/users\/4"}],"replies":[{"embeddable":true,"href":"https:\/\/www.jl-paris.com\/en\/wp-json\/wp\/v2\/comments?post=36013"}],"version-history":[{"count":1,"href":"https:\/\/www.jl-paris.com\/en\/wp-json\/wp\/v2\/pages\/36013\/revisions"}],"predecessor-version":[{"id":36014,"href":"https:\/\/www.jl-paris.com\/en\/wp-json\/wp\/v2\/pages\/36013\/revisions\/36014"}],"wp:featuredmedia":[{"embeddable":true,"href":"https:\/\/www.jl-paris.com\/en\/wp-json\/wp\/v2\/media\/36084"}],"wp:attachment":[{"href":"https:\/\/www.jl-paris.com\/en\/wp-json\/wp\/v2\/media?parent=36013"}],"curies":[{"name":"wp","href":"https:\/\/api.w.org\/{rel}","templated":true}]}}