{"id":35216,"date":"2021-02-04T12:14:37","date_gmt":"2021-02-04T11:14:37","guid":{"rendered":"https:\/\/www.jl-paris.com\/?page_id=35216"},"modified":"2024-12-04T20:47:22","modified_gmt":"2024-12-04T19:47:22","slug":"group-tours","status":"publish","type":"page","link":"https:\/\/www.jl-paris.com\/en\/paris\/group-tours\/","title":{"rendered":"Group Tours"},"content":{"rendered":"<div class=\"wpb-content-wrapper\">[mk_page_section bg_image=&#8221;https:\/\/www.jl-paris.com\/wp-content\/uploads\/2016\/11\/jl-paris-parcours-classiques-musees-orsay-presentation2.jpg&#8221; bg_position=&#8221;center top&#8221; bg_repeat=&#8221;no-repeat&#8221; bg_stretch=&#8221;true&#8221; video_color_mask=&#8221;#000000&#8243; video_opacity=&#8221;0.2&#8243; min_height=&#8221;450&#8243; full_width=&#8221;true&#8221; js_vertical_centered=&#8221;true&#8221; padding_top=&#8221;0&#8243; padding_bottom=&#8221;0&#8243; section_id=&#8221;top&#8221; visibility=&#8221;hidden-sm&#8221; sidebar=&#8221;sidebar-1&#8243;][vc_column][mk_ornamental_title tag_name=&#8221;h1&#8243; text_color=&#8221;#ffffff&#8221; font_family=&#8221;none&#8221; font_size=&#8221;50&#8243; font_weight=&#8221;300&#8243; txt_transform=&#8221;uppercase&#8221; ornament_style=&#8221;lemo-single&#8221; nss_align=&#8221;center&#8221; el_class=&#8221;texte-ombre-noire&#8221;]GROUP TOURS[\/mk_ornamental_title][\/vc_column][\/mk_page_section][mk_page_section bg_image=&#8221;https:\/\/www.jl-paris.com\/wp-content\/uploads\/2016\/11\/jl-paris-parcours-classiques-musees-orsay-presentation2.jpg&#8221; bg_position=&#8221;center top&#8221; bg_repeat=&#8221;no-repeat&#8221; bg_stretch=&#8221;true&#8221; video_color_mask=&#8221;#000000&#8243; video_opacity=&#8221;0.2&#8243; min_height=&#8221;450&#8243; full_width=&#8221;true&#8221; js_vertical_centered=&#8221;true&#8221; padding_top=&#8221;0&#8243; padding_bottom=&#8221;0&#8243; section_id=&#8221;top&#8221; visibility=&#8221;visible-sm&#8221; sidebar=&#8221;sidebar-1&#8243;][vc_column][mk_ornamental_title tag_name=&#8221;h1&#8243; text_color=&#8221;#ffffff&#8221; font_family=&#8221;none&#8221; font_size=&#8221;50&#8243; font_weight=&#8221;300&#8243; txt_transform=&#8221;uppercase&#8221; ornament_style=&#8221;lemo-single&#8221; nss_align=&#8221;center&#8221; el_class=&#8221;texte-ombre-noire&#8221;]GROUP TOURS[\/mk_ornamental_title][\/vc_column][\/mk_page_section][vc_row][vc_column width=&#8221;1\/6&#8243;][\/vc_column][vc_column width=&#8221;2\/3&#8243;][vc_empty_space height=&#8221;15px&#8221;][vc_empty_space height=&#8221;15px&#8221;][vc_custom_heading text=&#8221;Discover Paris and all its secrets at a lower cost!&#8221; font_container=&#8221;tag:p|font_size:24|text_align:center&#8221; google_fonts=&#8221;font_family:Oleo%20Script%3Aregular%2C700|font_style:400%20regular%3A400%3Anormal&#8221;][vc_column_text disable_pattern=&#8221;false&#8221; align=&#8221;center&#8221; css=&#8221;.vc_custom_1617289556677{margin-bottom: 0px !important;}&#8221;]\n<p style=\"text-align: center;\">With our special offers, there&#8217;s something for every taste and budget!<br \/>\nFrom history to fashion, from modern to contemporary, every month we offer different tours at preferential rates!<\/p>\n[\/vc_column_text][vc_custom_heading text=&#8221;Booking your place couldn&#8217;t be easier!&#8221; font_container=&#8221;tag:p|font_size:20|text_align:center&#8221; google_fonts=&#8221;font_family:Oleo%20Script%3Aregular%2C700|font_style:400%20regular%3A400%3Anormal&#8221;][vc_column_text disable_pattern=&#8221;false&#8221; align=&#8221;center&#8221; css=&#8221;.vc_custom_1617289574639{margin-bottom: 0px !important;}&#8221;]\n<p style=\"text-align: center;\">Just register directly on this page and meet your guide at the meeting point on the day of the event!<\/p>\n[\/vc_column_text][vc_column_text disable_pattern=&#8221;false&#8221; align=&#8221;center&#8221; css=&#8221;.vc_custom_1614807085184{margin-bottom: 0px !important;}&#8221;]\n<p style=\"text-align: center;\">Do not hesitate to contact us for more information: <a href=\"mailto:contact@jl-paris.com\">contact@jl-paris.com<\/a><\/p>\n[\/vc_column_text][vc_zigzag][vc_empty_space height=&#8221;15px&#8221;][mk_fancy_title tag_name=&#8221;h4&#8243; size=&#8221;23&#8243; font_weight=&#8221;bold&#8221; letter_spacing=&#8221;2&#8243; font_family=&#8221;none&#8221; align=&#8221;center&#8221;]CALENDAR[\/mk_fancy_title][vc_column_text css=&#8221;.vc_custom_1733338496376{margin-bottom: 0px !important;}&#8221;]\n<p style=\"text-align: center;\"><strong>NEW DATES BECOMING SOON !<\/strong><\/p>\n[\/vc_column_text][\/vc_column][vc_column width=&#8221;1\/6&#8243;][\/vc_column][\/vc_row][vc_row][vc_column][vc_empty_space height=&#8221;15px&#8221;][mk_contact_form title=&#8221;HAVE A QUESTION? CONTACT-US!&#8221; style=&#8221;classic&#8221; gdpr_consent=&#8221;false&#8221; captcha=&#8221;false&#8221;][vc_empty_space height=&#8221;15px&#8221;][mk_button dimension=&#8221;double-outline&#8221; corner_style=&#8221;rounded&#8221; size=&#8221;large&#8221; icon=&#8221;mk-icon-facebook-square&#8221; url=&#8221;https:\/\/www.facebook.com\/jlparis.agency\/events\/&#8221; align=&#8221;center&#8221; margin_top=&#8221;15&#8243; margin_right=&#8221;0&#8243; outline_skin=&#8221;custom&#8221; outline_active_color=&#8221;#e7ad9c&#8221; outline_active_text_color=&#8221;#ffffff&#8221; outline_hover_bg_color=&#8221;#ffffff&#8221; outline_hover_color=&#8221;#e7ad9c&#8221;]CHECK OUT ALL OUR SPECIAL OFFERS ON FACEBOOK![\/mk_button][vc_empty_space height=&#8221;45px&#8221;][\/vc_column][\/vc_row]\n<\/div>","protected":false},"excerpt":{"rendered":"<p>[mk_page_section bg_image=&#8221;https:\/\/www.jl-paris.com\/wp-content\/uploads\/2016\/11\/jl-paris-parcours-classiques-musees-orsay-presentation2.jpg&#8221; bg_position=&#8221;center top&#8221; bg_repeat=&#8221;no-repeat&#8221; bg_stretch=&#8221;true&#8221; video_color_mask=&#8221;#000000&#8243; video_opacity=&#8221;0.2&#8243; min_height=&#8221;450&#8243; full_width=&#8221;true&#8221; js_vertical_centered=&#8221;true&#8221; padding_top=&#8221;0&#8243; padding_bottom=&#8221;0&#8243; section_id=&#8221;top&#8221; visibility=&#8221;hidden-sm&#8221; sidebar=&#8221;sidebar-1&#8243;][vc_column][mk_ornamental_title tag_name=&#8221;h1&#8243; text_color=&#8221;#ffffff&#8221; font_family=&#8221;none&#8221; font_size=&#8221;50&#8243; font_weight=&#8221;300&#8243; txt_transform=&#8221;uppercase&#8221; ornament_style=&#8221;lemo-single&#8221; nss_align=&#8221;center&#8221; el_class=&#8221;texte-ombre-noire&#8221;]GROUP TOURS[\/mk_ornamental_title][\/vc_column][\/mk_page_section][mk_page_section bg_image=&#8221;https:\/\/www.jl-paris.com\/wp-content\/uploads\/2016\/11\/jl-paris-parcours-classiques-musees-orsay-presentation2.jpg&#8221; bg_position=&#8221;center top&#8221; bg_repeat=&#8221;no-repeat&#8221; bg_stretch=&#8221;true&#8221; video_color_mask=&#8221;#000000&#8243; video_opacity=&#8221;0.2&#8243; min_height=&#8221;450&#8243; full_width=&#8221;true&#8221; js_vertical_centered=&#8221;true&#8221; padding_top=&#8221;0&#8243; padding_bottom=&#8221;0&#8243; section_id=&#8221;top&#8221; visibility=&#8221;visible-sm&#8221; sidebar=&#8221;sidebar-1&#8243;][vc_column][mk_ornamental_title tag_name=&#8221;h1&#8243; text_color=&#8221;#ffffff&#8221; font_family=&#8221;none&#8221; font_size=&#8221;50&#8243; font_weight=&#8221;300&#8243; txt_transform=&#8221;uppercase&#8221; ornament_style=&#8221;lemo-single&#8221; nss_align=&#8221;center&#8221; el_class=&#8221;texte-ombre-noire&#8221;]GROUP TOURS[\/mk_ornamental_title][\/vc_column][\/mk_page_section][vc_row][vc_column width=&#8221;1\/6&#8243;][\/vc_column][vc_column width=&#8221;2\/3&#8243;][vc_empty_space height=&#8221;15px&#8221;][vc_empty_space height=&#8221;15px&#8221;][vc_custom_heading [&hellip;]<\/p>\n","protected":false},"author":4,"featured_media":33702,"parent":34333,"menu_order":2,"comment_status":"closed","ping_status":"closed","template":"","meta":{"_acf_changed":false,"footnotes":""},"class_list":["post-35216","page","type-page","status-publish","has-post-thumbnail","hentry"],"acf":[],"yoast_head":"<!-- This site is optimized with the Yoast SEO plugin v27.1.1 - https:\/\/yoast.com\/product\/yoast-seo-wordpress\/ -->\n<title>Guided group tours in Paris with a tour guide<\/title>\n<meta name=\"description\" content=\"Join our group tours and save money! With our special offers, there&#039;s something for every taste and budget!\" \/>\n<meta name=\"robots\" content=\"index, follow, max-snippet:-1, max-image-preview:large, max-video-preview:-1\" \/>\n<link rel=\"canonical\" href=\"https:\/\/www.jl-paris.com\/en\/paris\/group-tours\/\" \/>\n<meta property=\"og:locale\" content=\"en_US\" \/>\n<meta property=\"og:type\" content=\"article\" \/>\n<meta property=\"og:title\" content=\"Guided group tours in Paris with a tour guide\" \/>\n<meta property=\"og:description\" content=\"Join our group tours and save money! With our special offers, there&#039;s something for every taste and budget!\" \/>\n<meta property=\"og:url\" content=\"https:\/\/www.jl-paris.com\/en\/paris\/group-tours\/\" \/>\n<meta property=\"og:site_name\" content=\"J&amp;L Paris\" \/>\n<meta property=\"article:publisher\" content=\"https:\/\/www.facebook.com\/jlparis.agency\/\" \/>\n<meta property=\"article:modified_time\" content=\"2024-12-04T19:47:22+00:00\" \/>\n<meta property=\"og:image\" content=\"https:\/\/www.jl-paris.com\/wp-content\/uploads\/2020\/02\/jl-paris-evenements-exposition-matisse-pompidou.jpg\" \/>\n\t<meta property=\"og:image:width\" content=\"500\" \/>\n\t<meta property=\"og:image:height\" content=\"330\" \/>\n\t<meta property=\"og:image:type\" content=\"image\/jpeg\" \/>\n<meta name=\"twitter:card\" content=\"summary_large_image\" \/>\n<meta name=\"twitter:site\" content=\"@JLParisagency\" \/>\n<meta name=\"twitter:label1\" content=\"Est. reading time\" \/>\n\t<meta name=\"twitter:data1\" content=\"2 minutes\" \/>\n<script type=\"application\/ld+json\" class=\"yoast-schema-graph\">{\"@context\":\"https:\/\/schema.org\",\"@graph\":[{\"@type\":\"WebPage\",\"@id\":\"https:\/\/www.jl-paris.com\/en\/paris\/group-tours\/\",\"url\":\"https:\/\/www.jl-paris.com\/en\/paris\/group-tours\/\",\"name\":\"Guided group tours in Paris with a tour guide\",\"isPartOf\":{\"@id\":\"https:\/\/www.jl-paris.com\/en\/#website\"},\"primaryImageOfPage\":{\"@id\":\"https:\/\/www.jl-paris.com\/en\/paris\/group-tours\/#primaryimage\"},\"image\":{\"@id\":\"https:\/\/www.jl-paris.com\/en\/paris\/group-tours\/#primaryimage\"},\"thumbnailUrl\":\"https:\/\/www.jl-paris.com\/wp-content\/uploads\/2020\/02\/jl-paris-evenements-exposition-matisse-pompidou.jpg\",\"datePublished\":\"2021-02-04T11:14:37+00:00\",\"dateModified\":\"2024-12-04T19:47:22+00:00\",\"description\":\"Join our group tours and save money! With our special offers, there's something for every taste and budget!\",\"breadcrumb\":{\"@id\":\"https:\/\/www.jl-paris.com\/en\/paris\/group-tours\/#breadcrumb\"},\"inLanguage\":\"en-US\",\"potentialAction\":[{\"@type\":\"ReadAction\",\"target\":[\"https:\/\/www.jl-paris.com\/en\/paris\/group-tours\/\"]}]},{\"@type\":\"ImageObject\",\"inLanguage\":\"en-US\",\"@id\":\"https:\/\/www.jl-paris.com\/en\/paris\/group-tours\/#primaryimage\",\"url\":\"https:\/\/www.jl-paris.com\/wp-content\/uploads\/2020\/02\/jl-paris-evenements-exposition-matisse-pompidou.jpg\",\"contentUrl\":\"https:\/\/www.jl-paris.com\/wp-content\/uploads\/2020\/02\/jl-paris-evenements-exposition-matisse-pompidou.jpg\",\"width\":500,\"height\":330,\"caption\":\"exposition matisse centre Pompidou avec un guide conf\u00e9rencier J&L PARIS\"},{\"@type\":\"BreadcrumbList\",\"@id\":\"https:\/\/www.jl-paris.com\/en\/paris\/group-tours\/#breadcrumb\",\"itemListElement\":[{\"@type\":\"ListItem\",\"position\":1,\"name\":\"Accueil\",\"item\":\"https:\/\/www.jl-paris.com\/en\/\"},{\"@type\":\"ListItem\",\"position\":2,\"name\":\"Paris\",\"item\":\"https:\/\/www.jl-paris.com\/en\/paris\/\"},{\"@type\":\"ListItem\",\"position\":3,\"name\":\"Group Tours\"}]},{\"@type\":\"WebSite\",\"@id\":\"https:\/\/www.jl-paris.com\/en\/#website\",\"url\":\"https:\/\/www.jl-paris.com\/en\/\",\"name\":\"J&amp;L Paris\",\"description\":\"Visite guid\u00e9es, parcours, conf\u00e9rences \u00e0 Paris\",\"publisher\":{\"@id\":\"https:\/\/www.jl-paris.com\/en\/#organization\"},\"potentialAction\":[{\"@type\":\"SearchAction\",\"target\":{\"@type\":\"EntryPoint\",\"urlTemplate\":\"https:\/\/www.jl-paris.com\/en\/?s={search_term_string}\"},\"query-input\":{\"@type\":\"PropertyValueSpecification\",\"valueRequired\":true,\"valueName\":\"search_term_string\"}}],\"inLanguage\":\"en-US\"},{\"@type\":\"Organization\",\"@id\":\"https:\/\/www.jl-paris.com\/en\/#organization\",\"name\":\"J&L Paris\",\"url\":\"https:\/\/www.jl-paris.com\/en\/\",\"logo\":{\"@type\":\"ImageObject\",\"inLanguage\":\"en-US\",\"@id\":\"https:\/\/www.jl-paris.com\/en\/#\/schema\/logo\/image\/\",\"url\":\"https:\/\/www.jl-paris.com\/wp-content\/uploads\/2016\/11\/jl-paris-biography.jpg\",\"contentUrl\":\"https:\/\/www.jl-paris.com\/wp-content\/uploads\/2016\/11\/jl-paris-biography.jpg\",\"width\":400,\"height\":400,\"caption\":\"J&L Paris\"},\"image\":{\"@id\":\"https:\/\/www.jl-paris.com\/en\/#\/schema\/logo\/image\/\"},\"sameAs\":[\"https:\/\/www.facebook.com\/jlparis.agency\/\",\"https:\/\/x.com\/JLParisagency\",\"https:\/\/www.instagram.com\/jl_paris\/\",\"https:\/\/www.linkedin.com\/company\/10237378\/\"]}]}<\/script>\n<!-- \/ Yoast SEO plugin. -->","yoast_head_json":{"title":"Guided group tours in Paris with a tour guide","description":"Join our group tours and save money! With our special offers, there's something for every taste and budget!","robots":{"index":"index","follow":"follow","max-snippet":"max-snippet:-1","max-image-preview":"max-image-preview:large","max-video-preview":"max-video-preview:-1"},"canonical":"https:\/\/www.jl-paris.com\/en\/paris\/group-tours\/","og_locale":"en_US","og_type":"article","og_title":"Guided group tours in Paris with a tour guide","og_description":"Join our group tours and save money! With our special offers, there's something for every taste and budget!","og_url":"https:\/\/www.jl-paris.com\/en\/paris\/group-tours\/","og_site_name":"J&amp;L Paris","article_publisher":"https:\/\/www.facebook.com\/jlparis.agency\/","article_modified_time":"2024-12-04T19:47:22+00:00","og_image":[{"width":500,"height":330,"url":"https:\/\/www.jl-paris.com\/wp-content\/uploads\/2020\/02\/jl-paris-evenements-exposition-matisse-pompidou.jpg","type":"image\/jpeg"}],"twitter_card":"summary_large_image","twitter_site":"@JLParisagency","twitter_misc":{"Est. reading time":"2 minutes"},"schema":{"@context":"https:\/\/schema.org","@graph":[{"@type":"WebPage","@id":"https:\/\/www.jl-paris.com\/en\/paris\/group-tours\/","url":"https:\/\/www.jl-paris.com\/en\/paris\/group-tours\/","name":"Guided group tours in Paris with a tour guide","isPartOf":{"@id":"https:\/\/www.jl-paris.com\/en\/#website"},"primaryImageOfPage":{"@id":"https:\/\/www.jl-paris.com\/en\/paris\/group-tours\/#primaryimage"},"image":{"@id":"https:\/\/www.jl-paris.com\/en\/paris\/group-tours\/#primaryimage"},"thumbnailUrl":"https:\/\/www.jl-paris.com\/wp-content\/uploads\/2020\/02\/jl-paris-evenements-exposition-matisse-pompidou.jpg","datePublished":"2021-02-04T11:14:37+00:00","dateModified":"2024-12-04T19:47:22+00:00","description":"Join our group tours and save money! With our special offers, there's something for every taste and budget!","breadcrumb":{"@id":"https:\/\/www.jl-paris.com\/en\/paris\/group-tours\/#breadcrumb"},"inLanguage":"en-US","potentialAction":[{"@type":"ReadAction","target":["https:\/\/www.jl-paris.com\/en\/paris\/group-tours\/"]}]},{"@type":"ImageObject","inLanguage":"en-US","@id":"https:\/\/www.jl-paris.com\/en\/paris\/group-tours\/#primaryimage","url":"https:\/\/www.jl-paris.com\/wp-content\/uploads\/2020\/02\/jl-paris-evenements-exposition-matisse-pompidou.jpg","contentUrl":"https:\/\/www.jl-paris.com\/wp-content\/uploads\/2020\/02\/jl-paris-evenements-exposition-matisse-pompidou.jpg","width":500,"height":330,"caption":"exposition matisse centre Pompidou avec un guide conf\u00e9rencier J&L PARIS"},{"@type":"BreadcrumbList","@id":"https:\/\/www.jl-paris.com\/en\/paris\/group-tours\/#breadcrumb","itemListElement":[{"@type":"ListItem","position":1,"name":"Accueil","item":"https:\/\/www.jl-paris.com\/en\/"},{"@type":"ListItem","position":2,"name":"Paris","item":"https:\/\/www.jl-paris.com\/en\/paris\/"},{"@type":"ListItem","position":3,"name":"Group Tours"}]},{"@type":"WebSite","@id":"https:\/\/www.jl-paris.com\/en\/#website","url":"https:\/\/www.jl-paris.com\/en\/","name":"J&amp;L Paris","description":"Visite guid\u00e9es, parcours, conf\u00e9rences \u00e0 Paris","publisher":{"@id":"https:\/\/www.jl-paris.com\/en\/#organization"},"potentialAction":[{"@type":"SearchAction","target":{"@type":"EntryPoint","urlTemplate":"https:\/\/www.jl-paris.com\/en\/?s={search_term_string}"},"query-input":{"@type":"PropertyValueSpecification","valueRequired":true,"valueName":"search_term_string"}}],"inLanguage":"en-US"},{"@type":"Organization","@id":"https:\/\/www.jl-paris.com\/en\/#organization","name":"J&L Paris","url":"https:\/\/www.jl-paris.com\/en\/","logo":{"@type":"ImageObject","inLanguage":"en-US","@id":"https:\/\/www.jl-paris.com\/en\/#\/schema\/logo\/image\/","url":"https:\/\/www.jl-paris.com\/wp-content\/uploads\/2016\/11\/jl-paris-biography.jpg","contentUrl":"https:\/\/www.jl-paris.com\/wp-content\/uploads\/2016\/11\/jl-paris-biography.jpg","width":400,"height":400,"caption":"J&L Paris"},"image":{"@id":"https:\/\/www.jl-paris.com\/en\/#\/schema\/logo\/image\/"},"sameAs":["https:\/\/www.facebook.com\/jlparis.agency\/","https:\/\/x.com\/JLParisagency","https:\/\/www.instagram.com\/jl_paris\/","https:\/\/www.linkedin.com\/company\/10237378\/"]}]}},"_links":{"self":[{"href":"https:\/\/www.jl-paris.com\/en\/wp-json\/wp\/v2\/pages\/35216","targetHints":{"allow":["GET"]}}],"collection":[{"href":"https:\/\/www.jl-paris.com\/en\/wp-json\/wp\/v2\/pages"}],"about":[{"href":"https:\/\/www.jl-paris.com\/en\/wp-json\/wp\/v2\/types\/page"}],"author":[{"embeddable":true,"href":"https:\/\/www.jl-paris.com\/en\/wp-json\/wp\/v2\/users\/4"}],"replies":[{"embeddable":true,"href":"https:\/\/www.jl-paris.com\/en\/wp-json\/wp\/v2\/comments?post=35216"}],"version-history":[{"count":19,"href":"https:\/\/www.jl-paris.com\/en\/wp-json\/wp\/v2\/pages\/35216\/revisions"}],"predecessor-version":[{"id":37680,"href":"https:\/\/www.jl-paris.com\/en\/wp-json\/wp\/v2\/pages\/35216\/revisions\/37680"}],"up":[{"embeddable":true,"href":"https:\/\/www.jl-paris.com\/en\/wp-json\/wp\/v2\/pages\/34333"}],"wp:featuredmedia":[{"embeddable":true,"href":"https:\/\/www.jl-paris.com\/en\/wp-json\/wp\/v2\/media\/33702"}],"wp:attachment":[{"href":"https:\/\/www.jl-paris.com\/en\/wp-json\/wp\/v2\/media?parent=35216"}],"curies":[{"name":"wp","href":"https:\/\/api.w.org\/{rel}","templated":true}]}}