{"id":34333,"date":"2020-07-24T19:20:29","date_gmt":"2020-07-24T17:20:29","guid":{"rendered":"https:\/\/www.jl-paris.com\/?page_id=34333"},"modified":"2024-03-28T21:46:54","modified_gmt":"2024-03-28T20:46:54","slug":"paris","status":"publish","type":"page","link":"https:\/\/www.jl-paris.com\/en\/paris\/","title":{"rendered":"Paris"},"content":{"rendered":"<div class=\"wpb-content-wrapper\">[mk_page_section bg_image=&#8221;https:\/\/www.jl-paris.com\/wp-content\/uploads\/2020\/11\/jl-paris-haussmann-scaled-e1616447529233.jpeg&#8221; bg_position=&#8221;center bottom&#8221; bg_repeat=&#8221;no-repeat&#8221; bg_stretch=&#8221;true&#8221; video_color_mask=&#8221;#000000&#8243; video_opacity=&#8221;0.4&#8243; min_height=&#8221;450&#8243; full_width=&#8221;true&#8221; js_vertical_centered=&#8221;true&#8221; padding_top=&#8221;0&#8243; padding_bottom=&#8221;0&#8243; section_id=&#8221;top&#8221; animation=&#8221;fade-in&#8221; sidebar=&#8221;sidebar-1&#8243;][vc_column][mk_ornamental_title tag_name=&#8221;h1&#8243; text_color=&#8221;#ffffff&#8221; font_family=&#8221;none&#8221; font_size=&#8221;50&#8243; font_weight=&#8221;300&#8243; txt_transform=&#8221;uppercase&#8221; ornament_style=&#8221;lemo-single&#8221; nss_align=&#8221;center&#8221; el_class=&#8221;texte-ombre-noire&#8221;]PARIS[\/mk_ornamental_title][\/vc_column][\/mk_page_section][vc_row][vc_column width=&#8221;1\/6&#8243;][\/vc_column][vc_column width=&#8221;2\/3&#8243;][vc_empty_space height=&#8221;45px&#8221;][vc_column_text css=&#8221;.vc_custom_1595609698833{margin-bottom: 0px !important;}&#8221;]\n<p style=\"text-align: center;\">Our agency initially and mainly operates in Paris, our city of heart!<\/p>\n<p style=\"text-align: center;\">We offer private tours but also open tours where everyone can join a group and take advantage of a preferential rate!<\/p>\n<p style=\"text-align: center;\">Choose your package and enjoy the best that the capital has to offer!<\/p>\n[\/vc_column_text][\/vc_column][vc_column width=&#8221;1\/6&#8243;][\/vc_column][\/vc_row][mk_page_section min_height=&#8221;0&#8243; full_width=&#8221;true&#8221; js_vertical_centered=&#8221;true&#8221; padding_top=&#8221;25&#8243; padding_bottom=&#8221;60&#8243; sidebar=&#8221;sidebar-1&#8243;][vc_column width=&#8221;1\/2&#8243;][mk_custom_box padding_vertical=&#8221;25&#8243; padding_horizental=&#8221;0&#8243; margin_bottom=&#8221;0&#8243; min_height=&#8221;320&#8243; bg_color=&#8221;#e7ad9c&#8221; bg_image=&#8221;https:\/\/www.jl-paris.com\/wp-content\/uploads\/2020\/07\/jl-paris-visites-privees-fontainebleau-500-330.jpg&#8221; background_hov_color_style=&#8221;image&#8221; bg_hov_color=&#8221;#e7ad9c&#8221; bg_stretch=&#8221;true&#8221;][\/mk_custom_box][mk_button dimension=&#8221;flat&#8221; size=&#8221;x-large&#8221; url=&#8221;https:\/\/www.jl-paris.com\/paris\/visites-privees\/&#8221; align=&#8221;center&#8221; fullwidth=&#8221;true&#8221; margin_bottom=&#8221;0&#8243; margin_right=&#8221;0&#8243; bg_color=&#8221;#e7ad9c&#8221; btn_hover_bg=&#8221;#e29c87&#8243; btn_hover_txt_color=&#8221;#ffffff&#8221;]OUR PRIVATE TOURS[\/mk_button][mk_padding_divider size=&#8221;30&#8243; visibility=&#8221;hidden-dt&#8221;][\/vc_column][vc_column width=&#8221;1\/2&#8243;][mk_custom_box padding_vertical=&#8221;25&#8243; padding_horizental=&#8221;0&#8243; margin_bottom=&#8221;0&#8243; min_height=&#8221;320&#8243; bg_color=&#8221;#e7ad9c&#8221; bg_image=&#8221;https:\/\/www.jl-paris.com\/wp-content\/uploads\/2021\/06\/jl-paris-visite-groupe-auvers-sur-oise-jessica.jpg&#8221; bg_stretch=&#8221;true&#8221;][\/mk_custom_box][mk_button dimension=&#8221;flat&#8221; size=&#8221;x-large&#8221; url=&#8221;https:\/\/www.jl-paris.com\/parcours\/evenements\/&#8221; align=&#8221;center&#8221; fullwidth=&#8221;true&#8221; margin_bottom=&#8221;0&#8243; margin_right=&#8221;0&#8243; bg_color=&#8221;#e7ad9c&#8221; btn_hover_bg=&#8221;#e29c87&#8243; btn_hover_txt_color=&#8221;#ffffff&#8221;]OUR GROUP TOURS[\/mk_button][\/vc_column][\/mk_page_section][vc_row][vc_column width=&#8221;1\/4&#8243;][\/vc_column][vc_column width=&#8221;1\/2&#8243;][vc_zigzag][vc_empty_space height=&#8221;15px&#8221;][vc_empty_space height=&#8221;15px&#8221;][mk_fancy_title color=&#8221;#ffffff&#8221; size=&#8221;22&#8243; font_weight=&#8221;300&#8243; letter_spacing=&#8221;2&#8243; margin_bottom=&#8221;0&#8243; font_family=&#8221;none&#8221; align=&#8221;center&#8221;]\n<h3>\n            <strong>Brancusi at Pompidou<\/strong><br \/>\n          <\/h3>\n[\/mk_fancy_title][vc_empty_space height=&#8221;15px&#8221;][vc_column_text css=&#8221;.vc_custom_1711658621580{margin-bottom: 0px !important;}&#8221;]\n<p class=\"vc_custom_heading\" style=\"text-align: center;\">\n            <strong>Thursday, April 28, 2024 from 2:30 p.m. to 4 p.m.<\/strong>\n          <\/p>\n<div class=\" vc_custom_1694492340301\">\n<div class=\"mk-text-block \">\n<p style=\"text-align: center;\">\n                <strong>\u2013 Duration: 1 hour 30 minutes \u2013<\/strong>\n              <\/p>\n<p style=\"text-align: center;\">Meeting point :<br \/>\nIn front of the Stravinsky Fountain<\/p>\n<p style=\"text-align: center;\">Prices :<br \/>\nAdult: 39 \u20ac<br \/>\nChildren: 15 \u20ac<br \/>\n\u2013 Tickets included \u2013<\/p>\n<\/p><\/div><\/div>\n[\/vc_column_text][vc_empty_space height=&#8221;15px&#8221;][mk_image src=&#8221;https:\/\/www.jl-paris.com\/wp-content\/uploads\/2024\/02\/atelier-brancusi-centre-pompidou-paris.jpg&#8221; image_size=&#8221;medium&#8221; link=&#8221;https:\/\/www.jl-paris.com\/parcours\/visites-groupe\/#vinlouvre&#8221; align=&#8221;center&#8221; animation=&#8221;fade-in&#8221;][vc_empty_space height=&#8221;15px&#8221;][vc_column_text css=&#8221;.vc_custom_1711658673646{margin-bottom: 0px !important;}&#8221;]<em>The Centre Pompidou offers you an exceptional retrospective of the father of modern sculpture. His studio is the matrix of this exhibition, which will take you on a new set of 200 sculptures, photographs, drawings, films, tools and furniture. It&#8217;s an opportunity not to be missed when the last exhibition dedicated to the master dates back to 1995&#8230;<\/em>[\/vc_column_text][vc_empty_space height=&#8221;15px&#8221;][vc_column_text css=&#8221;.vc_custom_1618340489964{margin-bottom: 0px !important;}&#8221;]\n<h4 class=\"_1mf _1mj\" style=\"text-align: center;\" data-offset-key=\"259cv-0-0\">\n            <b>RESERVE YOUR SPOT HERE \u2193<\/b><br \/>\n          <\/h4>\n[\/vc_column_text][vc_empty_space height=&#8221;15px&#8221;][\/vc_column][vc_column width=&#8221;1\/4&#8243;][\/vc_column][\/vc_row][vc_row][vc_column][vc_column_text align=&#8221;center&#8221; css=&#8221;.vc_custom_1708620746886{margin-bottom: 0px !important;}&#8221;]\n<p style=\"text-align: center;\">1 adult<br \/>\nTotal = 49\u20ac (ticket included)<br \/>\n<div id=\"simpay-stripe_checkout-form-wrap-37120\" data-id=\"simpay-form-37120-wrap\" class=\"simpay-form-wrap simpay-stripe_checkout-form-wrap\"><form action=\"\" method=\"post\" class=\"simpay-checkout-form simpay-form-37120\" id=\"simpay-form-37120\" data-simpay-form-id=\"37120\" ><div class=\"simpay-form-control\"><button id=\"2\" class=\"simpay-btn simpay-payment-btn stripe-button-el\"><span>R\u00e9server<\/span><\/button><\/div><div class=\"simpay-generic-error simpay-errors\" id=\"simpay-form-37120-error\" aria-live=\"assertive\" aria-relevant=\"additions text\" aria-atomic=\"true\"><\/div><input type=\"hidden\" name=\"simpay_form_id\" value=\"37120\" \/><input type=\"hidden\" name=\"simpay_amount\" value=\"\" class=\"simpay-amount\" \/><input type=\"hidden\" id=\"_wpnonce\" name=\"_wpnonce\" value=\"4fb517d697\" \/><input type=\"hidden\" name=\"_wp_http_referer\" value=\"\/en\/wp-json\/wp\/v2\/pages\/34333\" \/><\/form><\/div>\n[\/vc_column_text][vc_empty_space height=&#8221;15px&#8221;][vc_column_text align=&#8221;center&#8221; css=&#8221;.vc_custom_1708620777342{margin-bottom: 0px !important;}&#8221;]\n<p style=\"text-align: center;\">2 adults<br \/>\nTotal = 98\u20ac (tickets included)<br \/>\n<div id=\"simpay-stripe_checkout-form-wrap-37121\" data-id=\"simpay-form-37121-wrap\" class=\"simpay-form-wrap simpay-stripe_checkout-form-wrap\"><form action=\"\" method=\"post\" class=\"simpay-checkout-form simpay-form-37121\" id=\"simpay-form-37121\" data-simpay-form-id=\"37121\" ><div class=\"simpay-form-control\"><button id=\"2\" class=\"simpay-btn simpay-payment-btn stripe-button-el\"><span>R\u00e9server<\/span><\/button><\/div><div class=\"simpay-generic-error simpay-errors\" id=\"simpay-form-37121-error\" aria-live=\"assertive\" aria-relevant=\"additions text\" aria-atomic=\"true\"><\/div><input type=\"hidden\" name=\"simpay_form_id\" value=\"37121\" \/><input type=\"hidden\" name=\"simpay_amount\" value=\"\" class=\"simpay-amount\" \/><input type=\"hidden\" id=\"_wpnonce\" name=\"_wpnonce\" value=\"4fb517d697\" \/><input type=\"hidden\" name=\"_wp_http_referer\" value=\"\/en\/wp-json\/wp\/v2\/pages\/34333\" \/><\/form><\/div>\n[\/vc_column_text][vc_empty_space height=&#8221;15px&#8221;][vc_column_text align=&#8221;center&#8221; css=&#8221;.vc_custom_1708620797720{margin-bottom: 0px !important;}&#8221;]\n<p style=\"text-align: center;\">4 adults<br \/>\nTotal = \u20ac196 (tickets included)<br \/>\n<div id=\"simpay-stripe_checkout-form-wrap-37122\" data-id=\"simpay-form-37122-wrap\" class=\"simpay-form-wrap simpay-stripe_checkout-form-wrap\"><form action=\"\" method=\"post\" class=\"simpay-checkout-form simpay-form-37122\" id=\"simpay-form-37122\" data-simpay-form-id=\"37122\" ><div class=\"simpay-form-control\"><button id=\"2\" class=\"simpay-btn simpay-payment-btn stripe-button-el\"><span>R\u00e9server<\/span><\/button><\/div><div class=\"simpay-generic-error simpay-errors\" id=\"simpay-form-37122-error\" aria-live=\"assertive\" aria-relevant=\"additions text\" aria-atomic=\"true\"><\/div><input type=\"hidden\" name=\"simpay_form_id\" value=\"37122\" \/><input type=\"hidden\" name=\"simpay_amount\" value=\"\" class=\"simpay-amount\" \/><input type=\"hidden\" id=\"_wpnonce\" name=\"_wpnonce\" value=\"4fb517d697\" \/><input type=\"hidden\" name=\"_wp_http_referer\" value=\"\/en\/wp-json\/wp\/v2\/pages\/34333\" \/><\/form><\/div>\n[\/vc_column_text][vc_empty_space height=&#8221;15px&#8221;][\/vc_column][\/vc_row][mk_page_section bg_position=&#8221;center center&#8221; min_height=&#8221;0&#8243; js_vertical_centered=&#8221;true&#8221; padding_top=&#8221;25&#8243; padding_bottom=&#8221;60&#8243; sidebar=&#8221;sidebar-1&#8243;][vc_column][mk_button dimension=&#8221;flat&#8221; size=&#8221;medium&#8221; icon=&#8221;mk-icon-group&#8221; icon_anim=&#8221;vertical&#8221; url=&#8221;https:\/\/www.jl-paris.com\/parcours\/visites-groupe\/&#8221; align=&#8221;center&#8221; margin_bottom=&#8221;0&#8243; margin_right=&#8221;0&#8243; bg_color=&#8221;#e7ad9c&#8221; btn_hover_bg=&#8221;#e29c87&#8243; btn_hover_txt_color=&#8221;#ffffff&#8221;]DISCOVER ALL OUR GROUP TOURS![\/mk_button][\/vc_column][\/mk_page_section][mk_page_section bg_color=&#8221;#e7ad9c&#8221; min_height=&#8221;0&#8243; js_vertical_centered=&#8221;true&#8221; padding_top=&#8221;30&#8243; padding_bottom=&#8221;30&#8243; sidebar=&#8221;sidebar-1&#8243;][vc_column][mk_fancy_title color=&#8221;#ffffff&#8221; size=&#8221;22&#8243; font_weight=&#8221;300&#8243; letter_spacing=&#8221;2&#8243; margin_bottom=&#8221;0&#8243; font_family=&#8221;none&#8221; align=&#8221;center&#8221;]OUR WORLD OF VISITS[\/mk_fancy_title][\/vc_column][\/mk_page_section][vc_row][vc_column width=&#8221;1\/6&#8243;][\/vc_column][vc_column width=&#8221;2\/3&#8243;][vc_empty_space height=&#8221;45px&#8221;][vc_column_text css=&#8221;.vc_custom_1595610668592{margin-bottom: 0px !important;}&#8221;]\n<p style=\"text-align: center;\">Discover the world of J&amp;L Paris through all its visits <a href=\"https:\/\/www.jl-paris.com\/en\/paris\/classic-tours\/\">by category<\/a> and <a href=\"https:\/\/www.jl-paris.com\/en\/paris\/thematic-tours\/\">theme<\/a>.<\/p>\n[\/vc_column_text][\/vc_column][vc_column width=&#8221;1\/6&#8243;][\/vc_column][\/vc_row][mk_page_section min_height=&#8221;0&#8243; full_width=&#8221;true&#8221; js_vertical_centered=&#8221;true&#8221; padding_top=&#8221;25&#8243; padding_bottom=&#8221;60&#8243; sidebar=&#8221;sidebar-1&#8243;][vc_column width=&#8221;1\/6&#8243;][\/vc_column][vc_column width=&#8221;2\/3&#8243;][mk_custom_box padding_vertical=&#8221;25&#8243; padding_horizental=&#8221;0&#8243; margin_bottom=&#8221;&#8221; min_height=&#8221;500&#8243; bg_color=&#8221;#e7ad9c&#8221; bg_image=&#8221;https:\/\/www.jl-paris.com\/wp-content\/uploads\/2020\/07\/jl-paris-paris-catalogues-visites-fontainebleau.jpg&#8221; background_hov_color_style=&#8221;image&#8221; bg_hov_color=&#8221;#e7ad9c&#8221; bg_stretch=&#8221;true&#8221;][\/mk_custom_box][mk_button dimension=&#8221;flat&#8221; size=&#8221;x-large&#8221; icon=&#8221;mk-moon-book&#8221; icon_anim=&#8221;vertical&#8221; url=&#8221;https:\/\/www.jl-paris.com\/parcours\/&#8221; align=&#8221;center&#8221; fullwidth=&#8221;true&#8221; margin_bottom=&#8221;0&#8243; margin_right=&#8221;0&#8243; bg_color=&#8221;#e7ad9c&#8221; btn_hover_bg=&#8221;#e29c87&#8243; btn_hover_txt_color=&#8221;#ffffff&#8221;]OUR WORLD OF VISITS[\/mk_button][\/vc_column][vc_column width=&#8221;1\/6&#8243;][\/vc_column][\/mk_page_section][vc_row][vc_column][mk_contact_form title=&#8221;HAVE A QUESTION? A TAILOR-MADE QUOTE? CONTACT-US! : CONTACT@JL-PARIS.COM&#8221; style=&#8221;classic&#8221; gdpr_consent=&#8221;false&#8221; captcha=&#8221;false&#8221;][vc_empty_space height=&#8221;45px&#8221;][\/vc_column][\/vc_row]\n<\/div>","protected":false},"excerpt":{"rendered":"<p>[mk_page_section bg_image=&#8221;https:\/\/www.jl-paris.com\/wp-content\/uploads\/2020\/11\/jl-paris-haussmann-scaled-e1616447529233.jpeg&#8221; bg_position=&#8221;center bottom&#8221; bg_repeat=&#8221;no-repeat&#8221; bg_stretch=&#8221;true&#8221; video_color_mask=&#8221;#000000&#8243; video_opacity=&#8221;0.4&#8243; min_height=&#8221;450&#8243; full_width=&#8221;true&#8221; js_vertical_centered=&#8221;true&#8221; padding_top=&#8221;0&#8243; padding_bottom=&#8221;0&#8243; section_id=&#8221;top&#8221; animation=&#8221;fade-in&#8221; sidebar=&#8221;sidebar-1&#8243;][vc_column][mk_ornamental_title tag_name=&#8221;h1&#8243; text_color=&#8221;#ffffff&#8221; font_family=&#8221;none&#8221; font_size=&#8221;50&#8243; font_weight=&#8221;300&#8243; txt_transform=&#8221;uppercase&#8221; ornament_style=&#8221;lemo-single&#8221; nss_align=&#8221;center&#8221; el_class=&#8221;texte-ombre-noire&#8221;]PARIS[\/mk_ornamental_title][\/vc_column][\/mk_page_section][vc_row][vc_column width=&#8221;1\/6&#8243;][\/vc_column][vc_column width=&#8221;2\/3&#8243;][vc_empty_space height=&#8221;45px&#8221;][vc_column_text css=&#8221;.vc_custom_1595609698833{margin-bottom: 0px !important;}&#8221;] Our agency initially and mainly operates in Paris, our city of heart! We offer private tours but also open tours where everyone can join [&hellip;]<\/p>\n","protected":false},"author":4,"featured_media":456,"parent":0,"menu_order":2,"comment_status":"closed","ping_status":"closed","template":"","meta":{"_acf_changed":false,"footnotes":""},"class_list":["post-34333","page","type-page","status-publish","has-post-thumbnail","hentry"],"acf":[],"yoast_head":"<!-- This site is optimized with the Yoast SEO plugin v27.1.1 - https:\/\/yoast.com\/product\/yoast-seo-wordpress\/ -->\n<title>Tailor-made guided tours in Paris with a tour guide<\/title>\n<meta name=\"description\" content=\"A museum? A neighborhood or a castle? Discover all our tailor-made guided tours in Paris with a tour guide!\" \/>\n<meta name=\"robots\" content=\"index, follow, max-snippet:-1, max-image-preview:large, max-video-preview:-1\" \/>\n<link rel=\"canonical\" href=\"https:\/\/www.jl-paris.com\/en\/paris\/\" \/>\n<meta property=\"og:locale\" content=\"en_US\" \/>\n<meta property=\"og:type\" content=\"article\" \/>\n<meta property=\"og:title\" content=\"Tailor-made guided tours in Paris with a tour guide\" \/>\n<meta property=\"og:description\" content=\"A museum? A neighborhood or a castle? Discover all our tailor-made guided tours in Paris with a tour guide!\" \/>\n<meta property=\"og:url\" content=\"https:\/\/www.jl-paris.com\/en\/paris\/\" \/>\n<meta property=\"og:site_name\" content=\"J&amp;L Paris\" \/>\n<meta property=\"article:publisher\" content=\"https:\/\/www.facebook.com\/jlparis.agency\/\" \/>\n<meta property=\"article:modified_time\" content=\"2024-03-28T20:46:54+00:00\" \/>\n<meta property=\"og:image\" content=\"https:\/\/www.jl-paris.com\/wp-content\/uploads\/2016\/11\/jl-paris-parcours-2.jpg\" \/>\n\t<meta property=\"og:image:width\" content=\"1350\" \/>\n\t<meta property=\"og:image:height\" content=\"599\" \/>\n\t<meta property=\"og:image:type\" content=\"image\/jpeg\" \/>\n<meta name=\"twitter:card\" content=\"summary_large_image\" \/>\n<meta name=\"twitter:site\" content=\"@JLParisagency\" \/>\n<meta name=\"twitter:label1\" content=\"Est. reading time\" \/>\n\t<meta name=\"twitter:data1\" content=\"2 minutes\" \/>\n<script type=\"application\/ld+json\" class=\"yoast-schema-graph\">{\"@context\":\"https:\/\/schema.org\",\"@graph\":[{\"@type\":\"WebPage\",\"@id\":\"https:\/\/www.jl-paris.com\/en\/paris\/\",\"url\":\"https:\/\/www.jl-paris.com\/en\/paris\/\",\"name\":\"Tailor-made guided tours in Paris with a tour guide\",\"isPartOf\":{\"@id\":\"https:\/\/www.jl-paris.com\/en\/#website\"},\"primaryImageOfPage\":{\"@id\":\"https:\/\/www.jl-paris.com\/en\/paris\/#primaryimage\"},\"image\":{\"@id\":\"https:\/\/www.jl-paris.com\/en\/paris\/#primaryimage\"},\"thumbnailUrl\":\"https:\/\/www.jl-paris.com\/wp-content\/uploads\/2016\/11\/jl-paris-parcours-2.jpg\",\"datePublished\":\"2020-07-24T17:20:29+00:00\",\"dateModified\":\"2024-03-28T20:46:54+00:00\",\"description\":\"A museum? A neighborhood or a castle? Discover all our tailor-made guided tours in Paris with a tour guide!\",\"breadcrumb\":{\"@id\":\"https:\/\/www.jl-paris.com\/en\/paris\/#breadcrumb\"},\"inLanguage\":\"en-US\",\"potentialAction\":[{\"@type\":\"ReadAction\",\"target\":[\"https:\/\/www.jl-paris.com\/en\/paris\/\"]}]},{\"@type\":\"ImageObject\",\"inLanguage\":\"en-US\",\"@id\":\"https:\/\/www.jl-paris.com\/en\/paris\/#primaryimage\",\"url\":\"https:\/\/www.jl-paris.com\/wp-content\/uploads\/2016\/11\/jl-paris-parcours-2.jpg\",\"contentUrl\":\"https:\/\/www.jl-paris.com\/wp-content\/uploads\/2016\/11\/jl-paris-parcours-2.jpg\",\"width\":1350,\"height\":599,\"caption\":\"parcours tours\"},{\"@type\":\"BreadcrumbList\",\"@id\":\"https:\/\/www.jl-paris.com\/en\/paris\/#breadcrumb\",\"itemListElement\":[{\"@type\":\"ListItem\",\"position\":1,\"name\":\"Accueil\",\"item\":\"https:\/\/www.jl-paris.com\/en\/\"},{\"@type\":\"ListItem\",\"position\":2,\"name\":\"Paris\"}]},{\"@type\":\"WebSite\",\"@id\":\"https:\/\/www.jl-paris.com\/en\/#website\",\"url\":\"https:\/\/www.jl-paris.com\/en\/\",\"name\":\"J&amp;L Paris\",\"description\":\"Visite guid\u00e9es, parcours, conf\u00e9rences \u00e0 Paris\",\"publisher\":{\"@id\":\"https:\/\/www.jl-paris.com\/en\/#organization\"},\"potentialAction\":[{\"@type\":\"SearchAction\",\"target\":{\"@type\":\"EntryPoint\",\"urlTemplate\":\"https:\/\/www.jl-paris.com\/en\/?s={search_term_string}\"},\"query-input\":{\"@type\":\"PropertyValueSpecification\",\"valueRequired\":true,\"valueName\":\"search_term_string\"}}],\"inLanguage\":\"en-US\"},{\"@type\":\"Organization\",\"@id\":\"https:\/\/www.jl-paris.com\/en\/#organization\",\"name\":\"J&L Paris\",\"url\":\"https:\/\/www.jl-paris.com\/en\/\",\"logo\":{\"@type\":\"ImageObject\",\"inLanguage\":\"en-US\",\"@id\":\"https:\/\/www.jl-paris.com\/en\/#\/schema\/logo\/image\/\",\"url\":\"https:\/\/www.jl-paris.com\/wp-content\/uploads\/2016\/11\/jl-paris-biography.jpg\",\"contentUrl\":\"https:\/\/www.jl-paris.com\/wp-content\/uploads\/2016\/11\/jl-paris-biography.jpg\",\"width\":400,\"height\":400,\"caption\":\"J&L Paris\"},\"image\":{\"@id\":\"https:\/\/www.jl-paris.com\/en\/#\/schema\/logo\/image\/\"},\"sameAs\":[\"https:\/\/www.facebook.com\/jlparis.agency\/\",\"https:\/\/x.com\/JLParisagency\",\"https:\/\/www.instagram.com\/jl_paris\/\",\"https:\/\/www.linkedin.com\/company\/10237378\/\"]}]}<\/script>\n<!-- \/ Yoast SEO plugin. -->","yoast_head_json":{"title":"Tailor-made guided tours in Paris with a tour guide","description":"A museum? A neighborhood or a castle? Discover all our tailor-made guided tours in Paris with a tour guide!","robots":{"index":"index","follow":"follow","max-snippet":"max-snippet:-1","max-image-preview":"max-image-preview:large","max-video-preview":"max-video-preview:-1"},"canonical":"https:\/\/www.jl-paris.com\/en\/paris\/","og_locale":"en_US","og_type":"article","og_title":"Tailor-made guided tours in Paris with a tour guide","og_description":"A museum? A neighborhood or a castle? Discover all our tailor-made guided tours in Paris with a tour guide!","og_url":"https:\/\/www.jl-paris.com\/en\/paris\/","og_site_name":"J&amp;L Paris","article_publisher":"https:\/\/www.facebook.com\/jlparis.agency\/","article_modified_time":"2024-03-28T20:46:54+00:00","og_image":[{"width":1350,"height":599,"url":"https:\/\/www.jl-paris.com\/wp-content\/uploads\/2016\/11\/jl-paris-parcours-2.jpg","type":"image\/jpeg"}],"twitter_card":"summary_large_image","twitter_site":"@JLParisagency","twitter_misc":{"Est. reading time":"2 minutes"},"schema":{"@context":"https:\/\/schema.org","@graph":[{"@type":"WebPage","@id":"https:\/\/www.jl-paris.com\/en\/paris\/","url":"https:\/\/www.jl-paris.com\/en\/paris\/","name":"Tailor-made guided tours in Paris with a tour guide","isPartOf":{"@id":"https:\/\/www.jl-paris.com\/en\/#website"},"primaryImageOfPage":{"@id":"https:\/\/www.jl-paris.com\/en\/paris\/#primaryimage"},"image":{"@id":"https:\/\/www.jl-paris.com\/en\/paris\/#primaryimage"},"thumbnailUrl":"https:\/\/www.jl-paris.com\/wp-content\/uploads\/2016\/11\/jl-paris-parcours-2.jpg","datePublished":"2020-07-24T17:20:29+00:00","dateModified":"2024-03-28T20:46:54+00:00","description":"A museum? A neighborhood or a castle? Discover all our tailor-made guided tours in Paris with a tour guide!","breadcrumb":{"@id":"https:\/\/www.jl-paris.com\/en\/paris\/#breadcrumb"},"inLanguage":"en-US","potentialAction":[{"@type":"ReadAction","target":["https:\/\/www.jl-paris.com\/en\/paris\/"]}]},{"@type":"ImageObject","inLanguage":"en-US","@id":"https:\/\/www.jl-paris.com\/en\/paris\/#primaryimage","url":"https:\/\/www.jl-paris.com\/wp-content\/uploads\/2016\/11\/jl-paris-parcours-2.jpg","contentUrl":"https:\/\/www.jl-paris.com\/wp-content\/uploads\/2016\/11\/jl-paris-parcours-2.jpg","width":1350,"height":599,"caption":"parcours tours"},{"@type":"BreadcrumbList","@id":"https:\/\/www.jl-paris.com\/en\/paris\/#breadcrumb","itemListElement":[{"@type":"ListItem","position":1,"name":"Accueil","item":"https:\/\/www.jl-paris.com\/en\/"},{"@type":"ListItem","position":2,"name":"Paris"}]},{"@type":"WebSite","@id":"https:\/\/www.jl-paris.com\/en\/#website","url":"https:\/\/www.jl-paris.com\/en\/","name":"J&amp;L Paris","description":"Visite guid\u00e9es, parcours, conf\u00e9rences \u00e0 Paris","publisher":{"@id":"https:\/\/www.jl-paris.com\/en\/#organization"},"potentialAction":[{"@type":"SearchAction","target":{"@type":"EntryPoint","urlTemplate":"https:\/\/www.jl-paris.com\/en\/?s={search_term_string}"},"query-input":{"@type":"PropertyValueSpecification","valueRequired":true,"valueName":"search_term_string"}}],"inLanguage":"en-US"},{"@type":"Organization","@id":"https:\/\/www.jl-paris.com\/en\/#organization","name":"J&L Paris","url":"https:\/\/www.jl-paris.com\/en\/","logo":{"@type":"ImageObject","inLanguage":"en-US","@id":"https:\/\/www.jl-paris.com\/en\/#\/schema\/logo\/image\/","url":"https:\/\/www.jl-paris.com\/wp-content\/uploads\/2016\/11\/jl-paris-biography.jpg","contentUrl":"https:\/\/www.jl-paris.com\/wp-content\/uploads\/2016\/11\/jl-paris-biography.jpg","width":400,"height":400,"caption":"J&L Paris"},"image":{"@id":"https:\/\/www.jl-paris.com\/en\/#\/schema\/logo\/image\/"},"sameAs":["https:\/\/www.facebook.com\/jlparis.agency\/","https:\/\/x.com\/JLParisagency","https:\/\/www.instagram.com\/jl_paris\/","https:\/\/www.linkedin.com\/company\/10237378\/"]}]}},"_links":{"self":[{"href":"https:\/\/www.jl-paris.com\/en\/wp-json\/wp\/v2\/pages\/34333","targetHints":{"allow":["GET"]}}],"collection":[{"href":"https:\/\/www.jl-paris.com\/en\/wp-json\/wp\/v2\/pages"}],"about":[{"href":"https:\/\/www.jl-paris.com\/en\/wp-json\/wp\/v2\/types\/page"}],"author":[{"embeddable":true,"href":"https:\/\/www.jl-paris.com\/en\/wp-json\/wp\/v2\/users\/4"}],"replies":[{"embeddable":true,"href":"https:\/\/www.jl-paris.com\/en\/wp-json\/wp\/v2\/comments?post=34333"}],"version-history":[{"count":8,"href":"https:\/\/www.jl-paris.com\/en\/wp-json\/wp\/v2\/pages\/34333\/revisions"}],"predecessor-version":[{"id":37690,"href":"https:\/\/www.jl-paris.com\/en\/wp-json\/wp\/v2\/pages\/34333\/revisions\/37690"}],"wp:featuredmedia":[{"embeddable":true,"href":"https:\/\/www.jl-paris.com\/en\/wp-json\/wp\/v2\/media\/456"}],"wp:attachment":[{"href":"https:\/\/www.jl-paris.com\/en\/wp-json\/wp\/v2\/media?parent=34333"}],"curies":[{"name":"wp","href":"https:\/\/api.w.org\/{rel}","templated":true}]}}