{"id":33749,"date":"2020-02-13T12:53:45","date_gmt":"2020-02-13T11:53:45","guid":{"rendered":"https:\/\/www.jl-paris.com\/world-tourism-fair-in-paris\/"},"modified":"2020-03-11T12:02:42","modified_gmt":"2020-03-11T11:02:42","slug":"world-tourism-fair-in-paris","status":"publish","type":"page","link":"https:\/\/www.jl-paris.com\/en\/world-tourism-fair-in-paris\/","title":{"rendered":"World Tourism Fair in Paris"},"content":{"rendered":"[mk_page_section bg_image=&#8221;https:\/\/www.jl-paris.com\/wp-content\/uploads\/2019\/10\/jl-paris-parcours-journe.jpg&#8221; bg_position=&#8221;center top&#8221; bg_repeat=&#8221;no-repeat&#8221; bg_stretch=&#8221;true&#8221; video_color_mask=&#8221;#000000&#8243; video_opacity=&#8221;0.2&#8243; min_height=&#8221;450&#8243; full_width=&#8221;true&#8221; js_vertical_centered=&#8221;true&#8221; padding_top=&#8221;0&#8243; padding_bottom=&#8221;0&#8243; sidebar=&#8221;sidebar-1&#8243;][vc_column][mk_ornamental_title tag_name=&#8221;h1&#8243; text_color=&#8221;#ffffff&#8221; font_family=&#8221;none&#8221; font_size=&#8221;50&#8243; font_weight=&#8221;300&#8243; txt_transform=&#8221;uppercase&#8221; ornament_style=&#8221;lemo-single&#8221; nss_align=&#8221;center&#8221; margin_bottom=&#8221;0&#8243; el_class=&#8221;texte-ombre-noire&#8221;]World tourism fair in Paris[\/mk_ornamental_title][\/vc_column][\/mk_page_section][mk_page_section bg_color=&#8221;#e7ad9c&#8221; min_height=&#8221;&#8221; full_width=&#8221;true&#8221; js_vertical_centered=&#8221;true&#8221; padding_top=&#8221;30&#8243; padding_bottom=&#8221;30&#8243; top_shape_size=&#8221;small&#8221; top_shape_color=&#8221;#ffffff&#8221; top_shape_bg_color=&#8221;#e7ad9c&#8221; bottom_shape_size=&#8221;small&#8221; bottom_shape_color=&#8221;#ffffff&#8221; bottom_shape_bg_color=&#8221;#e7ad9c&#8221; section_id=&#8221;resa&#8221; sidebar=&#8221;sidebar-1&#8243;][vc_column][mk_fancy_title tag_name=&#8221;h4&#8243; color=&#8221;#ffffff&#8221; size=&#8221;22&#8243; font_weight=&#8221;400&#8243; letter_spacing=&#8221;2&#8243; margin_bottom=&#8221;0&#8243; font_family=&#8221;none&#8221; align=&#8221;center&#8221;]WORLD TOURISM FAIR IN PARIS[\/mk_fancy_title][\/vc_column][\/mk_page_section][mk_page_section min_height=&#8221;0&#8243; js_vertical_centered=&#8221;true&#8221; padding_top=&#8221;30&#8243; padding_bottom=&#8221;15&#8243; sidebar=&#8221;sidebar-1&#8243;][vc_column][vc_column_text disable_pattern=&#8221;false&#8221; align=&#8221;center&#8221; css=&#8221;.vc_custom_1583924377238{margin-bottom: 0px !important;}&#8221;]\n<p style=\"text-align: center;\">Unfortunately, the World tourism fair in Paris is canceled<br \/>\ndue to the COVID-19.<\/p>\n<p style=\"text-align: center;\">See you there next year!<\/p>\n<p style=\"text-align: center;\">Thank you for your support! \u2665<\/p>\n[\/vc_column_text][mk_image src=&#8221;https:\/\/www.jl-paris.com\/wp-content\/uploads\/2020\/01\/jl-paris-salon-mondial-du-tourisme-2020-eng.png&#8221; image_width=&#8221;600&#8243; image_height=&#8221;315&#8243; align=&#8221;center&#8221;][vc_empty_space height=&#8221;15px&#8221;][vc_column_text disable_pattern=&#8221;false&#8221; align=&#8221;center&#8221; css=&#8221;.vc_custom_1581593151207{margin-bottom: 0px !important;}&#8221;]\n<p style=\"margin-top: 15px; text-align: center;\">For more information, contact us : <a href=\"mailto:contact@jl-paris.com\">contact@jl-paris.com<\/a>.<\/p>\n[\/vc_column_text][\/vc_column][\/mk_page_section][mk_page_section bg_color=&#8221;#e7ad9c&#8221; min_height=&#8221;&#8221; full_width=&#8221;true&#8221; js_vertical_centered=&#8221;true&#8221; padding_top=&#8221;30&#8243; padding_bottom=&#8221;30&#8243; top_shape_size=&#8221;small&#8221; top_shape_color=&#8221;#ffffff&#8221; top_shape_bg_color=&#8221;#e7ad9c&#8221; bottom_shape_size=&#8221;small&#8221; bottom_shape_color=&#8221;#ffffff&#8221; bottom_shape_bg_color=&#8221;#e7ad9c&#8221; section_id=&#8221;resa&#8221; sidebar=&#8221;sidebar-1&#8243;][vc_column][mk_fancy_title tag_name=&#8221;h4&#8243; color=&#8221;#ffffff&#8221; size=&#8221;22&#8243; font_weight=&#8221;400&#8243; letter_spacing=&#8221;2&#8243; margin_bottom=&#8221;0&#8243; font_family=&#8221;none&#8221; align=&#8221;center&#8221;]PAVILION OF CULTURAL AND LEISURE ACTIVITIES[\/mk_fancy_title][\/vc_column][\/mk_page_section][mk_page_section min_height=&#8221;0&#8243; js_vertical_centered=&#8221;true&#8221; padding_top=&#8221;30&#8243; padding_bottom=&#8221;15&#8243; sidebar=&#8221;sidebar-1&#8243;][vc_column][vc_empty_space height=&#8221;15px&#8221;][mk_image src=&#8221;https:\/\/www.jl-paris.com\/wp-content\/uploads\/2016\/11\/jl-paris-biography.jpg&#8221; image_width=&#8221;150&#8243; image_height=&#8221;150&#8243; align=&#8221;center&#8221;][vc_empty_space height=&#8221;15px&#8221;][mk_button dimension=&#8221;flat&#8221; size=&#8221;medium&#8221; icon=&#8221;mk-moon-home-6&#8243; icon_anim=&#8221;vertical&#8221; url=&#8221;https:\/\/www.salons-du-tourisme.com\/Paris\/Decouvrez-le-salon\/PAVILLON-SORTIES-LOISIRS-CULTURELS&#8221; align=&#8221;center&#8221; margin_top=&#8221;30&#8243; margin_bottom=&#8221;30&#8243;]PAVILION OF CULTURAL AND LEISURE ACTIVITIES[\/mk_button][\/vc_column][\/mk_page_section][mk_page_section bg_color=&#8221;#e7ad9c&#8221; min_height=&#8221;&#8221; full_width=&#8221;true&#8221; js_vertical_centered=&#8221;true&#8221; padding_top=&#8221;30&#8243; padding_bottom=&#8221;30&#8243; top_shape_size=&#8221;small&#8221; top_shape_color=&#8221;#ffffff&#8221; top_shape_bg_color=&#8221;#e7ad9c&#8221; bottom_shape_size=&#8221;small&#8221; bottom_shape_color=&#8221;#ffffff&#8221; bottom_shape_bg_color=&#8221;#e7ad9c&#8221; section_id=&#8221;resa&#8221; sidebar=&#8221;sidebar-1&#8243;][vc_column][mk_fancy_title tag_name=&#8221;h4&#8243; color=&#8221;#ffffff&#8221; size=&#8221;22&#8243; font_weight=&#8221;400&#8243; letter_spacing=&#8221;2&#8243; margin_bottom=&#8221;0&#8243; font_family=&#8221;none&#8221; align=&#8221;center&#8221;]NEWS[\/mk_fancy_title][\/vc_column][\/mk_page_section][mk_page_section min_height=&#8221;0&#8243; js_vertical_centered=&#8221;true&#8221; padding_top=&#8221;30&#8243; padding_bottom=&#8221;30&#8243; sidebar=&#8221;sidebar-1&#8243;][vc_column][vc_column_text disable_pattern=&#8221;false&#8221; align=&#8221;center&#8221; css=&#8221;.vc_custom_1581597232695{margin-bottom: 0px !important;}&#8221;]\n<p style=\"text-align: center;\">Follow us and get all information on this page and on our social networks!<\/p>\n[\/vc_column_text][mk_social_networks size=&#8221;medium&#8221; style=&#8221;square-rounded&#8221; margin=&#8221;15&#8243; border_color=&#8221;#3d4045&#8243; bg_hover_color=&#8221;#e7ad9c&#8221; icon_color=&#8221;#3d4045&#8243; icon_hover_color=&#8221;#3d4045&#8243; align=&#8221;center&#8221; facebook=&#8221;https:\/\/www.facebook.com\/jlparis.agency\/&#8221; twitter=&#8221;https:\/\/twitter.com\/JLParisagency&#8221; instagram=&#8221;https:\/\/www.instagram.com\/jl_paris\/&#8221;][vc_empty_space height=&#8221;15px&#8221;][mk_image src=&#8221;https:\/\/www.jl-paris.com\/wp-content\/uploads\/2020\/02\/salon-participation-j-14-fb.jpg&#8221; image_width=&#8221;600&#8243; image_height=&#8221;315&#8243; align=&#8221;center&#8221;][\/vc_column][\/mk_page_section][mk_page_section bg_color=&#8221;#e7ad9c&#8221; min_height=&#8221;&#8221; full_width=&#8221;true&#8221; js_vertical_centered=&#8221;true&#8221; padding_top=&#8221;30&#8243; padding_bottom=&#8221;30&#8243; top_shape_size=&#8221;small&#8221; top_shape_color=&#8221;#ffffff&#8221; top_shape_bg_color=&#8221;#e7ad9c&#8221; bottom_shape_size=&#8221;small&#8221; bottom_shape_color=&#8221;#ffffff&#8221; bottom_shape_bg_color=&#8221;#e7ad9c&#8221; section_id=&#8221;resa&#8221; sidebar=&#8221;sidebar-1&#8243;][vc_column][mk_fancy_title tag_name=&#8221;h4&#8243; color=&#8221;#ffffff&#8221; size=&#8221;22&#8243; font_weight=&#8221;400&#8243; letter_spacing=&#8221;2&#8243; margin_bottom=&#8221;0&#8243; font_family=&#8221;none&#8221; align=&#8221;center&#8221;]INVITATIONS[\/mk_fancy_title][\/vc_column][\/mk_page_section][mk_page_section min_height=&#8221;0&#8243; js_vertical_centered=&#8221;true&#8221; padding_top=&#8221;60&#8243; padding_bottom=&#8221;60&#8243; sidebar=&#8221;sidebar-1&#8243;][vc_column][vc_column_text disable_pattern=&#8221;false&#8221; align=&#8221;center&#8221; css=&#8221;.vc_custom_1581591868302{margin-bottom: 0px !important;}&#8221;]\n<p style=\"text-align: center;\">To receive your invitation, contact us!<\/p>\n[\/vc_column_text][mk_contact_form style=&#8221;classic&#8221; gdpr_consent=&#8221;false&#8221;][vc_empty_space height=&#8221;15px&#8221;][\/vc_column][\/mk_page_section]\n","protected":false},"excerpt":{"rendered":"<p>[mk_page_section bg_image=&#8221;https:\/\/www.jl-paris.com\/wp-content\/uploads\/2019\/10\/jl-paris-parcours-journe.jpg&#8221; bg_position=&#8221;center top&#8221; bg_repeat=&#8221;no-repeat&#8221; bg_stretch=&#8221;true&#8221; video_color_mask=&#8221;#000000&#8243; video_opacity=&#8221;0.2&#8243; min_height=&#8221;450&#8243; full_width=&#8221;true&#8221; js_vertical_centered=&#8221;true&#8221; padding_top=&#8221;0&#8243; padding_bottom=&#8221;0&#8243; sidebar=&#8221;sidebar-1&#8243;][vc_column][mk_ornamental_title tag_name=&#8221;h1&#8243; text_color=&#8221;#ffffff&#8221; font_family=&#8221;none&#8221; font_size=&#8221;50&#8243; font_weight=&#8221;300&#8243; txt_transform=&#8221;uppercase&#8221; ornament_style=&#8221;lemo-single&#8221; nss_align=&#8221;center&#8221; margin_bottom=&#8221;0&#8243; el_class=&#8221;texte-ombre-noire&#8221;]World tourism fair in Paris[\/mk_ornamental_title][\/vc_column][\/mk_page_section][mk_page_section bg_color=&#8221;#e7ad9c&#8221; min_height=&#8221;&#8221; full_width=&#8221;true&#8221; js_vertical_centered=&#8221;true&#8221; padding_top=&#8221;30&#8243; padding_bottom=&#8221;30&#8243; top_shape_size=&#8221;small&#8221; top_shape_color=&#8221;#ffffff&#8221; top_shape_bg_color=&#8221;#e7ad9c&#8221; bottom_shape_size=&#8221;small&#8221; bottom_shape_color=&#8221;#ffffff&#8221; bottom_shape_bg_color=&#8221;#e7ad9c&#8221; section_id=&#8221;resa&#8221; sidebar=&#8221;sidebar-1&#8243;][vc_column][mk_fancy_title tag_name=&#8221;h4&#8243; color=&#8221;#ffffff&#8221; size=&#8221;22&#8243; font_weight=&#8221;400&#8243; letter_spacing=&#8221;2&#8243; margin_bottom=&#8221;0&#8243; font_family=&#8221;none&#8221; align=&#8221;center&#8221;]WORLD TOURISM FAIR IN PARIS[\/mk_fancy_title][\/vc_column][\/mk_page_section][mk_page_section min_height=&#8221;0&#8243; [&hellip;]<\/p>\n","protected":false},"author":4,"featured_media":33642,"parent":0,"menu_order":4,"comment_status":"closed","ping_status":"closed","template":"","meta":{"_acf_changed":false,"footnotes":""},"class_list":["post-33749","page","type-page","status-publish","has-post-thumbnail","hentry"],"acf":[],"yoast_head":"<!-- This site is optimized with the Yoast SEO plugin v27.1.1 - https:\/\/yoast.com\/product\/yoast-seo-wordpress\/ -->\n<title>J&amp;L Paris at the 2020 Word tourism fair in Paris!<\/title>\n<meta name=\"description\" content=\"Join us at the World tourism fair in Paris! We will be at the Pavilion dedicated to cultural and leisure activities\" \/>\n<meta name=\"robots\" content=\"index, follow, max-snippet:-1, max-image-preview:large, max-video-preview:-1\" \/>\n<link rel=\"canonical\" href=\"https:\/\/www.jl-paris.com\/en\/world-tourism-fair-in-paris\/\" \/>\n<meta property=\"og:locale\" content=\"en_US\" \/>\n<meta property=\"og:type\" content=\"article\" \/>\n<meta property=\"og:title\" content=\"J&amp;L Paris at the 2020 Word tourism fair in Paris!\" \/>\n<meta property=\"og:description\" content=\"Join us at the World tourism fair in Paris! We will be at the Pavilion dedicated to cultural and leisure activities\" \/>\n<meta property=\"og:url\" content=\"https:\/\/www.jl-paris.com\/en\/world-tourism-fair-in-paris\/\" \/>\n<meta property=\"og:site_name\" content=\"J&amp;L Paris\" \/>\n<meta property=\"article:publisher\" content=\"https:\/\/www.facebook.com\/jlparis.agency\/\" \/>\n<meta property=\"article:modified_time\" content=\"2020-03-11T11:02:42+00:00\" \/>\n<meta property=\"og:image\" content=\"https:\/\/www.jl-paris.com\/wp-content\/uploads\/2020\/01\/jl-paris-salon-mondial-du-tourisme-2020-eng.png\" \/>\n\t<meta property=\"og:image:width\" content=\"1200\" \/>\n\t<meta property=\"og:image:height\" content=\"630\" \/>\n\t<meta property=\"og:image:type\" content=\"image\/png\" \/>\n<meta name=\"twitter:card\" content=\"summary_large_image\" \/>\n<meta name=\"twitter:site\" content=\"@JLParisagency\" \/>\n<meta name=\"twitter:label1\" content=\"Est. reading time\" \/>\n\t<meta name=\"twitter:data1\" content=\"4 minutes\" \/>\n<script type=\"application\/ld+json\" class=\"yoast-schema-graph\">{\"@context\":\"https:\/\/schema.org\",\"@graph\":[{\"@type\":\"WebPage\",\"@id\":\"https:\/\/www.jl-paris.com\/en\/world-tourism-fair-in-paris\/\",\"url\":\"https:\/\/www.jl-paris.com\/en\/world-tourism-fair-in-paris\/\",\"name\":\"J&L Paris at the 2020 Word tourism fair in Paris!\",\"isPartOf\":{\"@id\":\"https:\/\/www.jl-paris.com\/en\/#website\"},\"primaryImageOfPage\":{\"@id\":\"https:\/\/www.jl-paris.com\/en\/world-tourism-fair-in-paris\/#primaryimage\"},\"image\":{\"@id\":\"https:\/\/www.jl-paris.com\/en\/world-tourism-fair-in-paris\/#primaryimage\"},\"thumbnailUrl\":\"https:\/\/www.jl-paris.com\/wp-content\/uploads\/2020\/01\/jl-paris-salon-mondial-du-tourisme-2020-eng.png\",\"datePublished\":\"2020-02-13T11:53:45+00:00\",\"dateModified\":\"2020-03-11T11:02:42+00:00\",\"description\":\"Join us at the World tourism fair in Paris! We will be at the Pavilion dedicated to cultural and leisure activities\",\"breadcrumb\":{\"@id\":\"https:\/\/www.jl-paris.com\/en\/world-tourism-fair-in-paris\/#breadcrumb\"},\"inLanguage\":\"en-US\",\"potentialAction\":[{\"@type\":\"ReadAction\",\"target\":[\"https:\/\/www.jl-paris.com\/en\/world-tourism-fair-in-paris\/\"]}]},{\"@type\":\"ImageObject\",\"inLanguage\":\"en-US\",\"@id\":\"https:\/\/www.jl-paris.com\/en\/world-tourism-fair-in-paris\/#primaryimage\",\"url\":\"https:\/\/www.jl-paris.com\/wp-content\/uploads\/2020\/01\/jl-paris-salon-mondial-du-tourisme-2020-eng.png\",\"contentUrl\":\"https:\/\/www.jl-paris.com\/wp-content\/uploads\/2020\/01\/jl-paris-salon-mondial-du-tourisme-2020-eng.png\",\"width\":\"1200\",\"height\":\"630\",\"caption\":\"2020 World Tourism Fair Paris\"},{\"@type\":\"BreadcrumbList\",\"@id\":\"https:\/\/www.jl-paris.com\/en\/world-tourism-fair-in-paris\/#breadcrumb\",\"itemListElement\":[{\"@type\":\"ListItem\",\"position\":1,\"name\":\"Accueil\",\"item\":\"https:\/\/www.jl-paris.com\/en\/\"},{\"@type\":\"ListItem\",\"position\":2,\"name\":\"World Tourism Fair in Paris\"}]},{\"@type\":\"WebSite\",\"@id\":\"https:\/\/www.jl-paris.com\/en\/#website\",\"url\":\"https:\/\/www.jl-paris.com\/en\/\",\"name\":\"J&amp;L Paris\",\"description\":\"Visite guid\u00e9es, parcours, conf\u00e9rences \u00e0 Paris\",\"publisher\":{\"@id\":\"https:\/\/www.jl-paris.com\/en\/#organization\"},\"potentialAction\":[{\"@type\":\"SearchAction\",\"target\":{\"@type\":\"EntryPoint\",\"urlTemplate\":\"https:\/\/www.jl-paris.com\/en\/?s={search_term_string}\"},\"query-input\":{\"@type\":\"PropertyValueSpecification\",\"valueRequired\":true,\"valueName\":\"search_term_string\"}}],\"inLanguage\":\"en-US\"},{\"@type\":\"Organization\",\"@id\":\"https:\/\/www.jl-paris.com\/en\/#organization\",\"name\":\"J&L Paris\",\"url\":\"https:\/\/www.jl-paris.com\/en\/\",\"logo\":{\"@type\":\"ImageObject\",\"inLanguage\":\"en-US\",\"@id\":\"https:\/\/www.jl-paris.com\/en\/#\/schema\/logo\/image\/\",\"url\":\"https:\/\/www.jl-paris.com\/wp-content\/uploads\/2016\/11\/jl-paris-biography.jpg\",\"contentUrl\":\"https:\/\/www.jl-paris.com\/wp-content\/uploads\/2016\/11\/jl-paris-biography.jpg\",\"width\":400,\"height\":400,\"caption\":\"J&L Paris\"},\"image\":{\"@id\":\"https:\/\/www.jl-paris.com\/en\/#\/schema\/logo\/image\/\"},\"sameAs\":[\"https:\/\/www.facebook.com\/jlparis.agency\/\",\"https:\/\/x.com\/JLParisagency\",\"https:\/\/www.instagram.com\/jl_paris\/\",\"https:\/\/www.linkedin.com\/company\/10237378\/\"]}]}<\/script>\n<!-- \/ Yoast SEO plugin. -->","yoast_head_json":{"title":"J&L Paris at the 2020 Word tourism fair in Paris!","description":"Join us at the World tourism fair in Paris! We will be at the Pavilion dedicated to cultural and leisure activities","robots":{"index":"index","follow":"follow","max-snippet":"max-snippet:-1","max-image-preview":"max-image-preview:large","max-video-preview":"max-video-preview:-1"},"canonical":"https:\/\/www.jl-paris.com\/en\/world-tourism-fair-in-paris\/","og_locale":"en_US","og_type":"article","og_title":"J&L Paris at the 2020 Word tourism fair in Paris!","og_description":"Join us at the World tourism fair in Paris! We will be at the Pavilion dedicated to cultural and leisure activities","og_url":"https:\/\/www.jl-paris.com\/en\/world-tourism-fair-in-paris\/","og_site_name":"J&amp;L Paris","article_publisher":"https:\/\/www.facebook.com\/jlparis.agency\/","article_modified_time":"2020-03-11T11:02:42+00:00","og_image":[{"width":1200,"height":630,"url":"https:\/\/www.jl-paris.com\/wp-content\/uploads\/2020\/01\/jl-paris-salon-mondial-du-tourisme-2020-eng.png","type":"image\/png"}],"twitter_card":"summary_large_image","twitter_site":"@JLParisagency","twitter_misc":{"Est. reading time":"4 minutes"},"schema":{"@context":"https:\/\/schema.org","@graph":[{"@type":"WebPage","@id":"https:\/\/www.jl-paris.com\/en\/world-tourism-fair-in-paris\/","url":"https:\/\/www.jl-paris.com\/en\/world-tourism-fair-in-paris\/","name":"J&L Paris at the 2020 Word tourism fair in Paris!","isPartOf":{"@id":"https:\/\/www.jl-paris.com\/en\/#website"},"primaryImageOfPage":{"@id":"https:\/\/www.jl-paris.com\/en\/world-tourism-fair-in-paris\/#primaryimage"},"image":{"@id":"https:\/\/www.jl-paris.com\/en\/world-tourism-fair-in-paris\/#primaryimage"},"thumbnailUrl":"https:\/\/www.jl-paris.com\/wp-content\/uploads\/2020\/01\/jl-paris-salon-mondial-du-tourisme-2020-eng.png","datePublished":"2020-02-13T11:53:45+00:00","dateModified":"2020-03-11T11:02:42+00:00","description":"Join us at the World tourism fair in Paris! We will be at the Pavilion dedicated to cultural and leisure activities","breadcrumb":{"@id":"https:\/\/www.jl-paris.com\/en\/world-tourism-fair-in-paris\/#breadcrumb"},"inLanguage":"en-US","potentialAction":[{"@type":"ReadAction","target":["https:\/\/www.jl-paris.com\/en\/world-tourism-fair-in-paris\/"]}]},{"@type":"ImageObject","inLanguage":"en-US","@id":"https:\/\/www.jl-paris.com\/en\/world-tourism-fair-in-paris\/#primaryimage","url":"https:\/\/www.jl-paris.com\/wp-content\/uploads\/2020\/01\/jl-paris-salon-mondial-du-tourisme-2020-eng.png","contentUrl":"https:\/\/www.jl-paris.com\/wp-content\/uploads\/2020\/01\/jl-paris-salon-mondial-du-tourisme-2020-eng.png","width":"1200","height":"630","caption":"2020 World Tourism Fair Paris"},{"@type":"BreadcrumbList","@id":"https:\/\/www.jl-paris.com\/en\/world-tourism-fair-in-paris\/#breadcrumb","itemListElement":[{"@type":"ListItem","position":1,"name":"Accueil","item":"https:\/\/www.jl-paris.com\/en\/"},{"@type":"ListItem","position":2,"name":"World Tourism Fair in Paris"}]},{"@type":"WebSite","@id":"https:\/\/www.jl-paris.com\/en\/#website","url":"https:\/\/www.jl-paris.com\/en\/","name":"J&amp;L Paris","description":"Visite guid\u00e9es, parcours, conf\u00e9rences \u00e0 Paris","publisher":{"@id":"https:\/\/www.jl-paris.com\/en\/#organization"},"potentialAction":[{"@type":"SearchAction","target":{"@type":"EntryPoint","urlTemplate":"https:\/\/www.jl-paris.com\/en\/?s={search_term_string}"},"query-input":{"@type":"PropertyValueSpecification","valueRequired":true,"valueName":"search_term_string"}}],"inLanguage":"en-US"},{"@type":"Organization","@id":"https:\/\/www.jl-paris.com\/en\/#organization","name":"J&L Paris","url":"https:\/\/www.jl-paris.com\/en\/","logo":{"@type":"ImageObject","inLanguage":"en-US","@id":"https:\/\/www.jl-paris.com\/en\/#\/schema\/logo\/image\/","url":"https:\/\/www.jl-paris.com\/wp-content\/uploads\/2016\/11\/jl-paris-biography.jpg","contentUrl":"https:\/\/www.jl-paris.com\/wp-content\/uploads\/2016\/11\/jl-paris-biography.jpg","width":400,"height":400,"caption":"J&L Paris"},"image":{"@id":"https:\/\/www.jl-paris.com\/en\/#\/schema\/logo\/image\/"},"sameAs":["https:\/\/www.facebook.com\/jlparis.agency\/","https:\/\/x.com\/JLParisagency","https:\/\/www.instagram.com\/jl_paris\/","https:\/\/www.linkedin.com\/company\/10237378\/"]}]}},"_links":{"self":[{"href":"https:\/\/www.jl-paris.com\/en\/wp-json\/wp\/v2\/pages\/33749","targetHints":{"allow":["GET"]}}],"collection":[{"href":"https:\/\/www.jl-paris.com\/en\/wp-json\/wp\/v2\/pages"}],"about":[{"href":"https:\/\/www.jl-paris.com\/en\/wp-json\/wp\/v2\/types\/page"}],"author":[{"embeddable":true,"href":"https:\/\/www.jl-paris.com\/en\/wp-json\/wp\/v2\/users\/4"}],"replies":[{"embeddable":true,"href":"https:\/\/www.jl-paris.com\/en\/wp-json\/wp\/v2\/comments?post=33749"}],"version-history":[{"count":0,"href":"https:\/\/www.jl-paris.com\/en\/wp-json\/wp\/v2\/pages\/33749\/revisions"}],"wp:featuredmedia":[{"embeddable":true,"href":"https:\/\/www.jl-paris.com\/en\/wp-json\/wp\/v2\/media\/33642"}],"wp:attachment":[{"href":"https:\/\/www.jl-paris.com\/en\/wp-json\/wp\/v2\/media?parent=33749"}],"curies":[{"name":"wp","href":"https:\/\/api.w.org\/{rel}","templated":true}]}}