{"id":33452,"date":"2019-11-26T13:00:01","date_gmt":"2019-11-26T12:00:01","guid":{"rendered":"https:\/\/www.jl-paris.com\/?page_id=33452"},"modified":"2019-12-10T21:12:23","modified_gmt":"2019-12-10T20:12:23","slug":"christmas-offer","status":"publish","type":"page","link":"https:\/\/www.jl-paris.com\/en\/christmas-offer\/","title":{"rendered":"Chistmas offer"},"content":{"rendered":"<div class=\"wpb-content-wrapper\">[mk_page_section bg_image=&#8221;https:\/\/www.jl-paris.com\/wp-content\/uploads\/2019\/11\/jl-paris-parcours-noel-2-2.jpg&#8221; bg_position=&#8221;center top&#8221; bg_repeat=&#8221;no-repeat&#8221; bg_stretch=&#8221;true&#8221; video_color_mask=&#8221;#000000&#8243; video_opacity=&#8221;0.4&#8243; min_height=&#8221;450&#8243; full_width=&#8221;true&#8221; js_vertical_centered=&#8221;true&#8221; padding_top=&#8221;0&#8243; padding_bottom=&#8221;0&#8243; section_id=&#8221;top&#8221; sidebar=&#8221;sidebar-1&#8243;][vc_column][mk_ornamental_title tag_name=&#8221;h1&#8243; text_color=&#8221;#ffffff&#8221; font_family=&#8221;none&#8221; font_size=&#8221;50&#8243; font_weight=&#8221;300&#8243; txt_transform=&#8221;uppercase&#8221; ornament_style=&#8221;lemo-single&#8221; nss_align=&#8221;center&#8221; el_class=&#8221;texte-ombre-noire&#8221;]CHRISTMAS OFFER[\/mk_ornamental_title][\/vc_column][\/mk_page_section][vc_row][vc_column width=&#8221;1\/6&#8243;][\/vc_column][vc_column width=&#8221;2\/3&#8243;][vc_empty_space height=&#8221;30px&#8221;][vc_column_text disable_pattern=&#8221;false&#8221; align=&#8221;center&#8221; css=&#8221;.vc_custom_1574773476226{margin-bottom: 0px !important;}&#8221;]\n<p style=\"text-align: center;\">Tic Tac, Tic Tac! Christmas time is coming!<\/p>\n<p style=\"text-align: center;\">This year, we want to celebrate the sweet Paris and its French Chefs shops:<\/p>\n<p style=\"text-align: center;\"><em>Pierre Herm\u00e9, Michalak, Patrick Roger, Pralus, etc.<\/em><\/p>\n<p style=\"text-align: center;\">In 2 hours, you will discover the tasty and historic French chocolate and pastries!<\/p>\n<p style=\"text-align: center;\">To offer or discover this tour, it&#8217;s really easy! Book your package on this page and our agency handles everything for you!<\/p>\n[\/vc_column_text][vc_empty_space height=&#8221;30px&#8221;][\/vc_column][vc_column width=&#8221;1\/6&#8243;][\/vc_column][\/vc_row][vc_row][vc_column][mk_font_icons icon=&#8221;mk-icon-tree&#8221; color=&#8221;#e7ad9c&#8221; size=&#8221;x-large&#8221; align=&#8221;center&#8221;][vc_empty_space height=&#8221;45px&#8221;][\/vc_column][\/vc_row][vc_row][vc_column width=&#8221;1\/4&#8243;][\/vc_column][vc_column width=&#8221;1\/2&#8243;][mk_fancy_title font_family=&#8221;none&#8221; align=&#8221;center&#8221;]\n<h3>THE SWEET PARIS TOUR<\/h3>\n<h3>(PRIVATE TOUR WITH TASTINGS)<\/h3>\n[\/mk_fancy_title][mk_custom_box padding_vertical=&#8221;25&#8243; padding_horizental=&#8221;0&#8243; min_height=&#8221;320&#8243; bg_image=&#8221;https:\/\/www.jl-paris.com\/wp-content\/uploads\/2019\/11\/jl-paris-paris-parcours-thematiques-patisseries-chocolat.jpg&#8221; background_hov_color_style=&#8221;image&#8221; bg_hov_color=&#8221;#e7ad9c&#8221; bg_stretch=&#8221;true&#8221;][\/mk_custom_box][vc_empty_space height=&#8221;15px&#8221;][vc_column_text disable_pattern=&#8221;false&#8221; align=&#8221;center&#8221; css=&#8221;.vc_custom_1574764832982{margin-bottom: 0px !important;}&#8221;]\n<p style=\"text-align: center;\"><strong>DURATION: 2h<\/strong><\/p>\n<div class=\"wpb_text_column wpb_content_element \">\n<div class=\"wpb_wrapper\">\n<div class=\"wpb_text_column wpb_content_element \">\n<div class=\"wpb_wrapper\">\n<div class=\"\" style=\"text-align: center;\" data-block=\"true\" data-editor=\"ds9bf\" data-offset-key=\"86dio-0-0\">\n<div class=\"_1mf _1mj\" data-offset-key=\"86dio-0-0\"><em><span class=\"fsl\" data-testid=\"event-permalink-details\">Come to discover the tasty and historic French chocolate and pastries. Through many chocolate and pastry French Chefs shops, you will learn to recognize their engagements, their savoir-faire and their signature dish.<\/span><\/em><\/div>\n<\/div>\n<\/div>\n<\/div>\n<\/div>\n<\/div>\n[\/vc_column_text][vc_column_text disable_pattern=&#8221;false&#8221; align=&#8221;center&#8221; css=&#8221;.vc_custom_1576003033038{margin-bottom: 0px !important;}&#8221;]\n<div class=\"\" data-block=\"true\" data-editor=\"esfvf\" data-offset-key=\"259cv-0-0\">\n<p class=\"_1mf _1mj\" style=\"text-align: center;\" data-offset-key=\"259cv-0-0\"><strong>Private tour with a licensed guide<\/strong><\/p>\n<p class=\"_1mf _1mj\" style=\"text-align: center;\" data-offset-key=\"259cv-0-0\"><strong>Tastings including<\/strong><\/p>\n<p class=\"_1mf _1mj\" style=\"text-align: center;\" data-offset-key=\"259cv-0-0\">Max : 10 people<\/p>\n<p class=\"_1mf _1mj\" style=\"text-align: center;\" data-offset-key=\"259cv-0-0\">Book your tour and let us know when you want to have your visit! (except on Sunday and Monday) : <a href=\"mailto:Contact@jl-paris.com\">Contact@jl-paris.com<\/a><\/p>\n<\/div>\n[\/vc_column_text][vc_empty_space height=&#8221;15px&#8221;][vc_empty_space height=&#8221;15px&#8221;][vc_column_text disable_pattern=&#8221;false&#8221; align=&#8221;center&#8221; css=&#8221;.vc_custom_1576005496797{margin-bottom: 0px !important;}&#8221;]\n<p style=\"text-align: center;\">! <span style=\"text-decoration: underline;\">FREE FOR KIDS UNDER 10<\/span> !<\/p>\n<p style=\"text-align: center;\"><span style=\"text-decoration: underline;\">BOOK YOUR TOUR!<\/span><\/p>\n[\/vc_column_text][vc_empty_space height=&#8221;15px&#8221;][\/vc_column][vc_column width=&#8221;1\/4&#8243;][\/vc_column][\/vc_row][mk_page_section min_height=&#8221;0&#8243; js_vertical_centered=&#8221;true&#8221; padding_top=&#8221;25&#8243; padding_bottom=&#8221;60&#8243; sidebar=&#8221;sidebar-1&#8243;][vc_column width=&#8221;1\/3&#8243; css=&#8221;.vc_custom_1488550073834{padding-right: 60px !important;}&#8221;][\/vc_column][vc_column width=&#8221;1\/3&#8243;][vc_row_inner][vc_column_inner width=&#8221;1\/2&#8243;][vc_column_text disable_pattern=&#8221;false&#8221; align=&#8221;center&#8221; css=&#8221;.vc_custom_1574768929313{margin-bottom: 0px !important;}&#8221;]\n<p style=\"text-align: left;\">Package 2 adults<br \/>\nTotal = 249\u20ac*<\/p>\n[\/vc_column_text][\/vc_column_inner][vc_column_inner width=&#8221;1\/2&#8243;][vc_empty_space height=&#8221;15px&#8221;][vc_column_text disable_pattern=&#8221;false&#8221; align=&#8221;center&#8221; css=&#8221;.vc_custom_1574768949780{margin-bottom: 0px !important;}&#8221;][accept_stripe_payment name=&#8221;The sweet Paris &#8211; 2A&#8221; price=&#8221;249.00&#8243; button_text=&#8221;Buy Now&#8221;][\/vc_column_text][\/vc_column_inner][\/vc_row_inner][vc_empty_space height=&#8221;45px&#8221;][vc_row_inner][vc_column_inner width=&#8221;1\/2&#8243;][vc_column_text disable_pattern=&#8221;false&#8221; align=&#8221;center&#8221; css=&#8221;.vc_custom_1574769016609{margin-bottom: 0px !important;}&#8221;]\n<p style=\"text-align: left;\">Package 4 adults<br \/>\nTotal = 390\u20ac*<\/p>\n[\/vc_column_text][\/vc_column_inner][vc_column_inner width=&#8221;1\/2&#8243;][vc_empty_space height=&#8221;15px&#8221;][vc_column_text disable_pattern=&#8221;false&#8221; align=&#8221;center&#8221; css=&#8221;.vc_custom_1574769047917{margin-bottom: 0px !important;}&#8221;][accept_stripe_payment name=&#8221;The sweet Paris &#8211; 4A&#8221; price=&#8221;390.00&#8243; button_text=&#8221;Buy Now&#8221;][\/vc_column_text][\/vc_column_inner][\/vc_row_inner][\/vc_column][vc_column width=&#8221;1\/3&#8243;][\/vc_column][\/mk_page_section][vc_row][vc_column][mk_font_icons icon=&#8221;mk-icon-tree&#8221; color=&#8221;#e7ad9c&#8221; size=&#8221;x-large&#8221; align=&#8221;center&#8221;][vc_empty_space height=&#8221;45px&#8221;][mk_image src=&#8221;https:\/\/www.jl-paris.com\/wp-content\/uploads\/2019\/11\/jl-paris-parcours-noel.jpg&#8221; image_size=&#8221;medium&#8221; align=&#8221;center&#8221;][vc_empty_space height=&#8221;45px&#8221;][\/vc_column][\/vc_row][vc_row][vc_column][mk_font_icons icon=&#8221;mk-icon-tree&#8221; color=&#8221;#e7ad9c&#8221; size=&#8221;x-large&#8221; align=&#8221;center&#8221;][vc_empty_space height=&#8221;45px&#8221;][vc_column_text disable_pattern=&#8221;false&#8221; align=&#8221;center&#8221; css=&#8221;.vc_custom_1574804729378{margin-bottom: 0px !important;}&#8221;]\n<p style=\"text-align: center;\">If you want to offer another tour, please contact us to receive your <strong>gift card<\/strong>!<br \/>\nReady to be put under the Christmas tree, offer the best gift ever, a tour of Paris!<\/p>\n[\/vc_column_text][vc_empty_space height=&#8221;45px&#8221;][mk_image src=&#8221;https:\/\/www.jl-paris.com\/wp-content\/uploads\/2018\/11\/jl-paris-parcours-carte-cadeau-noel.png&#8221; image_width=&#8221;320&#8243; image_height=&#8221;180&#8243; align=&#8221;center&#8221;][vc_empty_space height=&#8221;45px&#8221;][mk_contact_form style=&#8221;classic&#8221; button_text=&#8221;Send&#8221; captcha=&#8221;false&#8221; gdpr_consent=&#8221;false&#8221;][vc_empty_space height=&#8221;45px&#8221;][mk_font_icons icon=&#8221;mk-icon-tree&#8221; color=&#8221;#e7ad9c&#8221; size=&#8221;x-large&#8221; align=&#8221;center&#8221;][vc_empty_space height=&#8221;45px&#8221;][\/vc_column][\/vc_row][vc_row][vc_column][vc_column_text disable_pattern=&#8221;false&#8221; align=&#8221;center&#8221; css=&#8221;.vc_custom_1574764997292{margin-bottom: 0px !important;}&#8221;]\n<p style=\"text-align: left;\">* This price includes the tastings during the tour.<\/p>\n<p style=\"text-align: left;\">If you want to customize your tour, please feel free to <a href=\"https:\/\/www.jl-paris.com\/en\/contact\/\"><span style=\"text-decoration: underline;\">contact us<\/span><\/a>: <a href=\"mailto:contact@jl-paris.com\">contact@jl-paris.com<\/a>!<\/p>\n[\/vc_column_text][vc_empty_space height=&#8221;45px&#8221;][\/vc_column][\/vc_row]\n<\/div>","protected":false},"excerpt":{"rendered":"<p>[mk_page_section bg_image=&#8221;https:\/\/www.jl-paris.com\/wp-content\/uploads\/2019\/11\/jl-paris-parcours-noel-2-2.jpg&#8221; bg_position=&#8221;center top&#8221; bg_repeat=&#8221;no-repeat&#8221; bg_stretch=&#8221;true&#8221; video_color_mask=&#8221;#000000&#8243; video_opacity=&#8221;0.4&#8243; min_height=&#8221;450&#8243; full_width=&#8221;true&#8221; js_vertical_centered=&#8221;true&#8221; padding_top=&#8221;0&#8243; padding_bottom=&#8221;0&#8243; section_id=&#8221;top&#8221; sidebar=&#8221;sidebar-1&#8243;][vc_column][mk_ornamental_title tag_name=&#8221;h1&#8243; text_color=&#8221;#ffffff&#8221; font_family=&#8221;none&#8221; font_size=&#8221;50&#8243; font_weight=&#8221;300&#8243; txt_transform=&#8221;uppercase&#8221; ornament_style=&#8221;lemo-single&#8221; nss_align=&#8221;center&#8221; el_class=&#8221;texte-ombre-noire&#8221;]CHRISTMAS OFFER[\/mk_ornamental_title][\/vc_column][\/mk_page_section][vc_row][vc_column width=&#8221;1\/6&#8243;][\/vc_column][vc_column width=&#8221;2\/3&#8243;][vc_empty_space height=&#8221;30px&#8221;][vc_column_text disable_pattern=&#8221;false&#8221; align=&#8221;center&#8221; css=&#8221;.vc_custom_1574773476226{margin-bottom: 0px !important;}&#8221;] Tic Tac, Tic Tac! Christmas time is coming! This year, we want to celebrate the sweet Paris and its French Chefs shops: [&hellip;]<\/p>\n","protected":false},"author":4,"featured_media":35015,"parent":0,"menu_order":2,"comment_status":"closed","ping_status":"closed","template":"","meta":{"_acf_changed":false,"footnotes":""},"class_list":["post-33452","page","type-page","status-publish","has-post-thumbnail","hentry"],"acf":[],"yoast_head":"<!-- This site is optimized with the Yoast SEO plugin v27.1.1 - https:\/\/yoast.com\/product\/yoast-seo-wordpress\/ -->\n<title>Christmas offer - The Sweet Paris Tour to offer or to discover!<\/title>\n<meta name=\"description\" content=\"Enjoy your Christmas time in Paris with us! This year, we want to celebrate the sweet Paris between chocolates and pastries! To offer or to discover!\" \/>\n<meta name=\"robots\" content=\"index, follow, max-snippet:-1, max-image-preview:large, max-video-preview:-1\" \/>\n<link rel=\"canonical\" href=\"https:\/\/www.jl-paris.com\/en\/christmas-offer\/\" \/>\n<meta property=\"og:locale\" content=\"en_US\" \/>\n<meta property=\"og:type\" content=\"article\" \/>\n<meta property=\"og:title\" content=\"Christmas offer - The Sweet Paris Tour to offer or to discover!\" \/>\n<meta property=\"og:description\" content=\"Enjoy your Christmas time in Paris with us! This year, we want to celebrate the sweet Paris between chocolates and pastries! To offer or to discover!\" \/>\n<meta property=\"og:url\" content=\"https:\/\/www.jl-paris.com\/en\/christmas-offer\/\" \/>\n<meta property=\"og:site_name\" content=\"J&amp;L Paris\" \/>\n<meta property=\"article:publisher\" content=\"https:\/\/www.facebook.com\/jlparis.agency\/\" \/>\n<meta property=\"article:modified_time\" content=\"2019-12-10T20:12:23+00:00\" \/>\n<meta property=\"og:image\" content=\"https:\/\/www.jl-paris.com\/wp-content\/uploads\/2020\/11\/jl-paris-carte-cadeau-noel-visuel-full-1.jpg\" \/>\n\t<meta property=\"og:image:width\" content=\"1000\" \/>\n\t<meta property=\"og:image:height\" content=\"630\" \/>\n\t<meta property=\"og:image:type\" content=\"image\/jpeg\" \/>\n<meta name=\"twitter:card\" content=\"summary_large_image\" \/>\n<meta name=\"twitter:site\" content=\"@JLParisagency\" \/>\n<meta name=\"twitter:label1\" content=\"Est. reading time\" \/>\n\t<meta name=\"twitter:data1\" content=\"4 minutes\" \/>\n<script type=\"application\/ld+json\" class=\"yoast-schema-graph\">{\"@context\":\"https:\/\/schema.org\",\"@graph\":[{\"@type\":\"WebPage\",\"@id\":\"https:\/\/www.jl-paris.com\/en\/christmas-offer\/\",\"url\":\"https:\/\/www.jl-paris.com\/en\/christmas-offer\/\",\"name\":\"Christmas offer - The Sweet Paris Tour to offer or to discover!\",\"isPartOf\":{\"@id\":\"https:\/\/www.jl-paris.com\/en\/#website\"},\"primaryImageOfPage\":{\"@id\":\"https:\/\/www.jl-paris.com\/en\/christmas-offer\/#primaryimage\"},\"image\":{\"@id\":\"https:\/\/www.jl-paris.com\/en\/christmas-offer\/#primaryimage\"},\"thumbnailUrl\":\"https:\/\/www.jl-paris.com\/wp-content\/uploads\/2020\/11\/jl-paris-carte-cadeau-noel-visuel-full-1.jpg\",\"datePublished\":\"2019-11-26T12:00:01+00:00\",\"dateModified\":\"2019-12-10T20:12:23+00:00\",\"description\":\"Enjoy your Christmas time in Paris with us! This year, we want to celebrate the sweet Paris between chocolates and pastries! To offer or to discover!\",\"breadcrumb\":{\"@id\":\"https:\/\/www.jl-paris.com\/en\/christmas-offer\/#breadcrumb\"},\"inLanguage\":\"en-US\",\"potentialAction\":[{\"@type\":\"ReadAction\",\"target\":[\"https:\/\/www.jl-paris.com\/en\/christmas-offer\/\"]}]},{\"@type\":\"ImageObject\",\"inLanguage\":\"en-US\",\"@id\":\"https:\/\/www.jl-paris.com\/en\/christmas-offer\/#primaryimage\",\"url\":\"https:\/\/www.jl-paris.com\/wp-content\/uploads\/2020\/11\/jl-paris-carte-cadeau-noel-visuel-full-1.jpg\",\"contentUrl\":\"https:\/\/www.jl-paris.com\/wp-content\/uploads\/2020\/11\/jl-paris-carte-cadeau-noel-visuel-full-1.jpg\",\"width\":1000,\"height\":630,\"caption\":\"carte cadeau noel j&l paris visites guid\u00e9es\"},{\"@type\":\"BreadcrumbList\",\"@id\":\"https:\/\/www.jl-paris.com\/en\/christmas-offer\/#breadcrumb\",\"itemListElement\":[{\"@type\":\"ListItem\",\"position\":1,\"name\":\"Accueil\",\"item\":\"https:\/\/www.jl-paris.com\/en\/\"},{\"@type\":\"ListItem\",\"position\":2,\"name\":\"Chistmas offer\"}]},{\"@type\":\"WebSite\",\"@id\":\"https:\/\/www.jl-paris.com\/en\/#website\",\"url\":\"https:\/\/www.jl-paris.com\/en\/\",\"name\":\"J&amp;L Paris\",\"description\":\"Visite guid\u00e9es, parcours, conf\u00e9rences \u00e0 Paris\",\"publisher\":{\"@id\":\"https:\/\/www.jl-paris.com\/en\/#organization\"},\"potentialAction\":[{\"@type\":\"SearchAction\",\"target\":{\"@type\":\"EntryPoint\",\"urlTemplate\":\"https:\/\/www.jl-paris.com\/en\/?s={search_term_string}\"},\"query-input\":{\"@type\":\"PropertyValueSpecification\",\"valueRequired\":true,\"valueName\":\"search_term_string\"}}],\"inLanguage\":\"en-US\"},{\"@type\":\"Organization\",\"@id\":\"https:\/\/www.jl-paris.com\/en\/#organization\",\"name\":\"J&L Paris\",\"url\":\"https:\/\/www.jl-paris.com\/en\/\",\"logo\":{\"@type\":\"ImageObject\",\"inLanguage\":\"en-US\",\"@id\":\"https:\/\/www.jl-paris.com\/en\/#\/schema\/logo\/image\/\",\"url\":\"https:\/\/www.jl-paris.com\/wp-content\/uploads\/2016\/11\/jl-paris-biography.jpg\",\"contentUrl\":\"https:\/\/www.jl-paris.com\/wp-content\/uploads\/2016\/11\/jl-paris-biography.jpg\",\"width\":400,\"height\":400,\"caption\":\"J&L Paris\"},\"image\":{\"@id\":\"https:\/\/www.jl-paris.com\/en\/#\/schema\/logo\/image\/\"},\"sameAs\":[\"https:\/\/www.facebook.com\/jlparis.agency\/\",\"https:\/\/x.com\/JLParisagency\",\"https:\/\/www.instagram.com\/jl_paris\/\",\"https:\/\/www.linkedin.com\/company\/10237378\/\"]}]}<\/script>\n<!-- \/ Yoast SEO plugin. -->","yoast_head_json":{"title":"Christmas offer - The Sweet Paris Tour to offer or to discover!","description":"Enjoy your Christmas time in Paris with us! This year, we want to celebrate the sweet Paris between chocolates and pastries! To offer or to discover!","robots":{"index":"index","follow":"follow","max-snippet":"max-snippet:-1","max-image-preview":"max-image-preview:large","max-video-preview":"max-video-preview:-1"},"canonical":"https:\/\/www.jl-paris.com\/en\/christmas-offer\/","og_locale":"en_US","og_type":"article","og_title":"Christmas offer - The Sweet Paris Tour to offer or to discover!","og_description":"Enjoy your Christmas time in Paris with us! This year, we want to celebrate the sweet Paris between chocolates and pastries! To offer or to discover!","og_url":"https:\/\/www.jl-paris.com\/en\/christmas-offer\/","og_site_name":"J&amp;L Paris","article_publisher":"https:\/\/www.facebook.com\/jlparis.agency\/","article_modified_time":"2019-12-10T20:12:23+00:00","og_image":[{"width":1000,"height":630,"url":"https:\/\/www.jl-paris.com\/wp-content\/uploads\/2020\/11\/jl-paris-carte-cadeau-noel-visuel-full-1.jpg","type":"image\/jpeg"}],"twitter_card":"summary_large_image","twitter_site":"@JLParisagency","twitter_misc":{"Est. reading time":"4 minutes"},"schema":{"@context":"https:\/\/schema.org","@graph":[{"@type":"WebPage","@id":"https:\/\/www.jl-paris.com\/en\/christmas-offer\/","url":"https:\/\/www.jl-paris.com\/en\/christmas-offer\/","name":"Christmas offer - The Sweet Paris Tour to offer or to discover!","isPartOf":{"@id":"https:\/\/www.jl-paris.com\/en\/#website"},"primaryImageOfPage":{"@id":"https:\/\/www.jl-paris.com\/en\/christmas-offer\/#primaryimage"},"image":{"@id":"https:\/\/www.jl-paris.com\/en\/christmas-offer\/#primaryimage"},"thumbnailUrl":"https:\/\/www.jl-paris.com\/wp-content\/uploads\/2020\/11\/jl-paris-carte-cadeau-noel-visuel-full-1.jpg","datePublished":"2019-11-26T12:00:01+00:00","dateModified":"2019-12-10T20:12:23+00:00","description":"Enjoy your Christmas time in Paris with us! This year, we want to celebrate the sweet Paris between chocolates and pastries! To offer or to discover!","breadcrumb":{"@id":"https:\/\/www.jl-paris.com\/en\/christmas-offer\/#breadcrumb"},"inLanguage":"en-US","potentialAction":[{"@type":"ReadAction","target":["https:\/\/www.jl-paris.com\/en\/christmas-offer\/"]}]},{"@type":"ImageObject","inLanguage":"en-US","@id":"https:\/\/www.jl-paris.com\/en\/christmas-offer\/#primaryimage","url":"https:\/\/www.jl-paris.com\/wp-content\/uploads\/2020\/11\/jl-paris-carte-cadeau-noel-visuel-full-1.jpg","contentUrl":"https:\/\/www.jl-paris.com\/wp-content\/uploads\/2020\/11\/jl-paris-carte-cadeau-noel-visuel-full-1.jpg","width":1000,"height":630,"caption":"carte cadeau noel j&l paris visites guid\u00e9es"},{"@type":"BreadcrumbList","@id":"https:\/\/www.jl-paris.com\/en\/christmas-offer\/#breadcrumb","itemListElement":[{"@type":"ListItem","position":1,"name":"Accueil","item":"https:\/\/www.jl-paris.com\/en\/"},{"@type":"ListItem","position":2,"name":"Chistmas offer"}]},{"@type":"WebSite","@id":"https:\/\/www.jl-paris.com\/en\/#website","url":"https:\/\/www.jl-paris.com\/en\/","name":"J&amp;L Paris","description":"Visite guid\u00e9es, parcours, conf\u00e9rences \u00e0 Paris","publisher":{"@id":"https:\/\/www.jl-paris.com\/en\/#organization"},"potentialAction":[{"@type":"SearchAction","target":{"@type":"EntryPoint","urlTemplate":"https:\/\/www.jl-paris.com\/en\/?s={search_term_string}"},"query-input":{"@type":"PropertyValueSpecification","valueRequired":true,"valueName":"search_term_string"}}],"inLanguage":"en-US"},{"@type":"Organization","@id":"https:\/\/www.jl-paris.com\/en\/#organization","name":"J&L Paris","url":"https:\/\/www.jl-paris.com\/en\/","logo":{"@type":"ImageObject","inLanguage":"en-US","@id":"https:\/\/www.jl-paris.com\/en\/#\/schema\/logo\/image\/","url":"https:\/\/www.jl-paris.com\/wp-content\/uploads\/2016\/11\/jl-paris-biography.jpg","contentUrl":"https:\/\/www.jl-paris.com\/wp-content\/uploads\/2016\/11\/jl-paris-biography.jpg","width":400,"height":400,"caption":"J&L Paris"},"image":{"@id":"https:\/\/www.jl-paris.com\/en\/#\/schema\/logo\/image\/"},"sameAs":["https:\/\/www.facebook.com\/jlparis.agency\/","https:\/\/x.com\/JLParisagency","https:\/\/www.instagram.com\/jl_paris\/","https:\/\/www.linkedin.com\/company\/10237378\/"]}]}},"_links":{"self":[{"href":"https:\/\/www.jl-paris.com\/en\/wp-json\/wp\/v2\/pages\/33452","targetHints":{"allow":["GET"]}}],"collection":[{"href":"https:\/\/www.jl-paris.com\/en\/wp-json\/wp\/v2\/pages"}],"about":[{"href":"https:\/\/www.jl-paris.com\/en\/wp-json\/wp\/v2\/types\/page"}],"author":[{"embeddable":true,"href":"https:\/\/www.jl-paris.com\/en\/wp-json\/wp\/v2\/users\/4"}],"replies":[{"embeddable":true,"href":"https:\/\/www.jl-paris.com\/en\/wp-json\/wp\/v2\/comments?post=33452"}],"version-history":[{"count":0,"href":"https:\/\/www.jl-paris.com\/en\/wp-json\/wp\/v2\/pages\/33452\/revisions"}],"wp:featuredmedia":[{"embeddable":true,"href":"https:\/\/www.jl-paris.com\/en\/wp-json\/wp\/v2\/media\/35015"}],"wp:attachment":[{"href":"https:\/\/www.jl-paris.com\/en\/wp-json\/wp\/v2\/media?parent=33452"}],"curies":[{"name":"wp","href":"https:\/\/api.w.org\/{rel}","templated":true}]}}