{"id":33277,"date":"2019-10-08T16:38:10","date_gmt":"2019-10-08T14:38:10","guid":{"rendered":"https:\/\/www.jl-paris.com\/?page_id=33277"},"modified":"2021-10-06T12:06:24","modified_gmt":"2021-10-06T10:06:24","slug":"world","status":"publish","type":"page","link":"https:\/\/www.jl-paris.com\/en\/world\/","title":{"rendered":"World Tours"},"content":{"rendered":"<div class=\"wpb-content-wrapper\">[mk_page_section bg_image=&#8221;https:\/\/www.jl-paris.com\/wp-content\/uploads\/2019\/10\/jl-paris-monde.jpg&#8221; bg_position=&#8221;center top&#8221; bg_repeat=&#8221;no-repeat&#8221; bg_stretch=&#8221;true&#8221; video_color_mask=&#8221;#000000&#8243; video_opacity=&#8221;0.2&#8243; min_height=&#8221;450&#8243; full_width=&#8221;true&#8221; js_vertical_centered=&#8221;true&#8221; padding_top=&#8221;0&#8243; padding_bottom=&#8221;0&#8243; sidebar=&#8221;sidebar-1&#8243;][vc_column][mk_ornamental_title tag_name=&#8221;h1&#8243; text_color=&#8221;#ffffff&#8221; font_family=&#8221;none&#8221; font_size=&#8221;50&#8243; font_weight=&#8221;300&#8243; txt_transform=&#8221;uppercase&#8221; ornament_style=&#8221;lemo-single&#8221; nss_align=&#8221;center&#8221; margin_bottom=&#8221;0&#8243; el_class=&#8221;texte-ombre-noire&#8221;]World Tours[\/mk_ornamental_title][\/vc_column][\/mk_page_section][mk_page_section min_height=&#8221;0&#8243; js_vertical_centered=&#8221;true&#8221; padding_top=&#8221;30&#8243; padding_bottom=&#8221;60&#8243; sidebar=&#8221;sidebar-1&#8243;][vc_column][vc_row_inner][vc_column_inner width=&#8221;1\/6&#8243;][\/vc_column_inner][vc_column_inner width=&#8221;2\/3&#8243;][vc_column_text disable_pattern=&#8221;false&#8221; align=&#8221;center&#8221; css=&#8221;.vc_custom_1596281231501{margin-bottom: 0px !important;}&#8221;]\n<p style=\"text-align: center;\">Discover the world with a tour guide recommended by our agency! We share with you our network to offer you incredible handmade tours.<\/p>\n<p style=\"text-align: center;\">Rome, New York, Abu Dhabi or Cairo, play it safe and let us plan everything for you! After studying your travel project, we propose you a program including customized solutions (English speaking guide, tickets, private driver, etc.).<\/p>\n<p style=\"text-align: center;\">Plan your trip with J&amp;L to access the knowledge and the experience of the best guides all around the world!<\/p>\n[\/vc_column_text][\/vc_column_inner][vc_column_inner width=&#8221;1\/6&#8243;][\/vc_column_inner][\/vc_row_inner][mk_image src=&#8221;https:\/\/www.jl-paris.com\/wp-content\/uploads\/2021\/10\/jl-paris-jl-monde-carte-destinations-tours.png&#8221; image_size=&#8221;full&#8221; align=&#8221;center&#8221;][\/vc_column][\/mk_page_section][mk_page_section min_height=&#8221;0&#8243; js_vertical_centered=&#8221;true&#8221; padding_top=&#8221;15&#8243; padding_bottom=&#8221;0&#8243; sidebar=&#8221;sidebar-1&#8243;][vc_column][vc_tabs container_bg_color=&#8221;#ededed&#8221;][vc_tab title=&#8221;Europe&#8221; tab_id=&#8221;1480537244374-6-2&#8243;][mk_fancy_title color=&#8221;#e7ad9c&#8221; size=&#8221;22&#8243; font_weight=&#8221;300&#8243; letter_spacing=&#8221;2&#8243; font_family=&#8221;none&#8221; align=&#8221;center&#8221;]<strong>EUROPE<\/strong>[\/mk_fancy_title][vc_row_inner][vc_column_inner width=&#8221;1\/2&#8243;][mk_image src=&#8221;https:\/\/www.jl-paris.com\/wp-content\/uploads\/2019\/10\/jl-paris-etranger-europe.jpg&#8221; image_size=&#8221;full&#8221; caption_location=&#8221;outside-image&#8221; align=&#8221;center&#8221; margin_bottom=&#8221;15&#8243;][\/vc_column_inner][vc_column_inner width=&#8221;1\/2&#8243;][vc_column_text disable_pattern=&#8221;false&#8221; css=&#8221;.vc_custom_1574674544432{margin-bottom: 0px !important;}&#8221;]<strong>ITALY<\/strong> : Roma, Florence, Venice, Siena, Naples<\/p>\n<p><strong>GREECE<\/strong> : Athens, Nafplion, Olympia<\/p>\n<p><strong>SPAIN <\/strong>: Barcelona, Madrid, Seville, Granada, Cordoba<\/p>\n<p><strong>UNITED KINGDOM \/ IRELAND <\/strong>: London, Edinburgh, Dublin<\/p>\n<p><strong>CENTRAL EUROPE <\/strong>: Berlin, Munich, Amsterdam, Brussels<\/p>\n<p><strong>EASTERN EUROPE <\/strong>: Vienna, Budapest[\/vc_column_text][\/vc_column_inner][\/vc_row_inner][vc_column_text]<a name=\"resa\"><\/a>[\/vc_column_text][\/vc_tab][vc_tab title=&#8221;North America&#8221; tab_id=&#8221;1562603448803-11-6&#8243;][mk_fancy_title color=&#8221;#e7ad9c&#8221; size=&#8221;22&#8243; font_weight=&#8221;300&#8243; letter_spacing=&#8221;2&#8243; font_family=&#8221;none&#8221; align=&#8221;center&#8221;]<strong>NORTH AMERICA<\/strong>[\/mk_fancy_title][vc_row_inner][vc_column_inner width=&#8221;1\/2&#8243;][mk_image src=&#8221;https:\/\/www.jl-paris.com\/wp-content\/uploads\/2019\/10\/jl-paris-jl-monde-amerique-du-nord.jpg&#8221; image_size=&#8221;full&#8221; caption_location=&#8221;outside-image&#8221; align=&#8221;center&#8221; margin_bottom=&#8221;15&#8243;][\/vc_column_inner][vc_column_inner width=&#8221;1\/2&#8243;][vc_column_text disable_pattern=&#8221;false&#8221; css=&#8221;.vc_custom_1575365457306{margin-bottom: 0px !important;}&#8221;]<strong>USA <\/strong>: New York, Philadelphia, Washington, Chicago, Los Angeles, San Francisco, Miami<\/p>\n<p><strong>CANADA <\/strong>: Montreal, Quebec<\/p>\n<p><strong>MEXICO <\/strong>: Mexico City[\/vc_column_text][vc_empty_space height=&#8221;15px&#8221;][\/vc_column_inner][\/vc_row_inner][vc_column_text]<a name=\"resa\"><\/a>[\/vc_column_text][\/vc_tab][vc_tab title=&#8221;South America&#8221; tab_id=&#8221;1562603606961-12-9&#8243;][mk_fancy_title color=&#8221;#e7ad9c&#8221; size=&#8221;22&#8243; font_weight=&#8221;300&#8243; letter_spacing=&#8221;2&#8243; font_family=&#8221;none&#8221; align=&#8221;center&#8221;]<strong>SOUTH AMERICA<\/strong>[\/mk_fancy_title][vc_row_inner][vc_column_inner width=&#8221;1\/2&#8243;][mk_image src=&#8221;https:\/\/www.jl-paris.com\/wp-content\/uploads\/2019\/10\/jl-paris-jl-monde-amerique-du-sud-1.jpg&#8221; image_width=&#8221;500&#8243; image_height=&#8221;330&#8243; caption_location=&#8221;outside-image&#8221; align=&#8221;center&#8221; margin_bottom=&#8221;15&#8243;][\/vc_column_inner][vc_column_inner width=&#8221;1\/2&#8243;][vc_column_text disable_pattern=&#8221;false&#8221; css=&#8221;.vc_custom_1575365510245{margin-bottom: 0px !important;}&#8221;]<b><strong>BRAZIL <\/strong><\/b>: Rio de Janeiro, Sao Paulo<\/p>\n<p><strong>ARGENTINA <\/strong>: Buenos Aires<\/p>\n<p><strong>CHILE <\/strong>: Santiago<\/p>\n<p><strong>PERU <\/strong>: Lima<\/p>\n<p><strong>COLOMBIA <\/strong>: Medell\u00edn[\/vc_column_text][\/vc_column_inner][\/vc_row_inner][vc_column_text]<a name=\"resa\"><\/a>[\/vc_column_text][\/vc_tab][vc_tab title=&#8221;Asia&#8221; tab_id=&#8221;1488474303160-6-9&#8243;][mk_fancy_title color=&#8221;#e7ad9c&#8221; size=&#8221;22&#8243; font_weight=&#8221;300&#8243; letter_spacing=&#8221;2&#8243; font_family=&#8221;none&#8221; align=&#8221;center&#8221;]<strong>ASIA<\/strong>[\/mk_fancy_title][vc_row_inner][vc_column_inner width=&#8221;1\/2&#8243;][mk_image src=&#8221;https:\/\/www.jl-paris.com\/wp-content\/uploads\/2019\/10\/jl-paris-jl-monde-asie-1.jpg&#8221; image_width=&#8221;500&#8243; image_height=&#8221;330&#8243; caption_location=&#8221;outside-image&#8221; align=&#8221;center&#8221; margin_bottom=&#8221;15&#8243;][\/vc_column_inner][vc_column_inner width=&#8221;1\/2&#8243;][vc_column_text disable_pattern=&#8221;false&#8221; css=&#8221;.vc_custom_1574674502406{margin-bottom: 0px !important;}&#8221;]<strong>CHINE <\/strong>: P\u00e9kin, Shangai, Hong Kong<\/p>\n<p><strong>JAPON <\/strong>: Tokyo, Kyoto, Nara<\/p>\n<p><strong>INDE <\/strong>: Bombay<\/p>\n<p><strong>TURQUIE <\/strong>: Istanbul[\/vc_column_text][\/vc_column_inner][vc_column_inner][\/vc_column_inner][\/vc_row_inner][vc_column_text]<a name=\"resa\"><\/a>[\/vc_column_text][\/vc_tab][vc_tab title=&#8221;Africa \/ Middle East&#8221; tab_id=&#8221;1562604566121-14-8&#8243;][mk_fancy_title color=&#8221;#e7ad9c&#8221; size=&#8221;22&#8243; font_weight=&#8221;300&#8243; letter_spacing=&#8221;2&#8243; font_family=&#8221;none&#8221; align=&#8221;center&#8221;]<strong>AFRICA \/ MIDDLE EAST<\/strong>[\/mk_fancy_title][vc_row_inner][vc_column_inner width=&#8221;1\/2&#8243;][mk_image src=&#8221;https:\/\/www.jl-paris.com\/wp-content\/uploads\/2019\/10\/jl-paris-jl-monde-afrique-moyen-orient-1.jpg&#8221; image_width=&#8221;500&#8243; image_height=&#8221;330&#8243; caption_location=&#8221;outside-image&#8221; align=&#8221;center&#8221; margin_bottom=&#8221;15&#8243;][\/vc_column_inner][vc_column_inner width=&#8221;1\/2&#8243;][vc_column_text disable_pattern=&#8221;false&#8221; css=&#8221;.vc_custom_1575365742615{margin-bottom: 0px !important;}&#8221;]<strong>MOROCCO <\/strong>: Casablanca, Essaouira, Agadir<\/p>\n<p><strong>EGYPT <\/strong>: Cairo<\/p>\n<p><strong>SOUTH AFRICA <\/strong>: Cape Town, Johannesburg<\/p>\n<p><strong>MAURITIUS<\/strong><\/p>\n<p><strong>UNITED ARAB EMIRATES <\/strong>: Abu Dhabi, Duba\u00ef<\/p>\n<p><strong>UNITED ARAB EMIRATES <\/strong>: Muscat<\/p>\n<p><strong>ISRAEL &amp; JORDAN<\/strong>[\/vc_column_text][\/vc_column_inner][\/vc_row_inner][vc_column_text]<a name=\"resa\"><\/a>[\/vc_column_text][\/vc_tab][\/vc_tabs][\/vc_column][\/mk_page_section][mk_page_section min_height=&#8221;0&#8243; js_vertical_centered=&#8221;true&#8221; padding_top=&#8221;0&#8243; padding_bottom=&#8221;60&#8243; sidebar=&#8221;sidebar-1&#8243;][vc_column][mk_font_icons icon=&#8221;mk-moon-cart-add&#8221; color=&#8221;#e7ad9c&#8221; size=&#8221;medium&#8221; align=&#8221;center&#8221;][vc_column_text disable_pattern=&#8221;false&#8221; css=&#8221;.vc_custom_1570795335845{margin-bottom: 0px !important;}&#8221;]\n<h4 style=\"text-align: center;\"><span style=\"text-decoration: underline;\"><a href=\"#resa\">ASK FOR YOUR ESTIMATE!<\/a><\/span><\/h4>\n[\/vc_column_text][\/vc_column][\/mk_page_section][mk_page_section min_height=&#8221;0&#8243; js_vertical_centered=&#8221;true&#8221; padding_top=&#8221;0&#8243; padding_bottom=&#8221;60&#8243; sidebar=&#8221;sidebar-1&#8243;][vc_column][mk_image src=&#8221;https:\/\/www.jl-paris.com\/wp-content\/uploads\/2019\/10\/jl-paris-jl-monde-europe-bilbao-1.jpg&#8221; image_size=&#8221;full&#8221; align=&#8221;center&#8221;][\/vc_column][\/mk_page_section][mk_page_section bg_color=&#8221;#e7ad9c&#8221; min_height=&#8221;&#8221; full_width=&#8221;true&#8221; js_vertical_centered=&#8221;true&#8221; padding_top=&#8221;30&#8243; padding_bottom=&#8221;30&#8243; top_shape_size=&#8221;small&#8221; top_shape_color=&#8221;#ffffff&#8221; top_shape_bg_color=&#8221;#e7ad9c&#8221; bottom_shape_size=&#8221;small&#8221; bottom_shape_color=&#8221;#ffffff&#8221; bottom_shape_bg_color=&#8221;#e7ad9c&#8221; section_id=&#8221;resa&#8221; sidebar=&#8221;sidebar-1&#8243;][vc_column][mk_fancy_title tag_name=&#8221;h4&#8243; color=&#8221;#ffffff&#8221; size=&#8221;22&#8243; font_weight=&#8221;400&#8243; letter_spacing=&#8221;2&#8243; margin_bottom=&#8221;0&#8243; font_family=&#8221;none&#8221; align=&#8221;center&#8221;]BOOKING FORM[\/mk_fancy_title][\/vc_column][\/mk_page_section][mk_page_section min_height=&#8221;0&#8243; js_vertical_centered=&#8221;true&#8221; padding_top=&#8221;30&#8243; padding_bottom=&#8221;15&#8243; sidebar=&#8221;sidebar-1&#8243;][vc_column width=&#8221;1\/6&#8243;][\/vc_column][vc_column width=&#8221;2\/3&#8243;][vc_column_text disable_pattern=&#8221;false&#8221; align=&#8221;center&#8221; css=&#8221;.vc_custom_1570545992512{margin-bottom: 0px !important;}&#8221;]\n<p style=\"text-align: center;\">To get a customized estimate, please indicate in your message your <span style=\"text-decoration: underline;\"><span style=\"color: #e7ad9c; text-decoration: underline;\">travel dates<\/span><\/span> and any other relevant information to properly plan your journey.<br \/>\nWe will get back to you very soon.<\/p>\n[\/vc_column_text][\/vc_column][vc_column width=&#8221;1\/6&#8243;][\/vc_column][\/mk_page_section][mk_page_section min_height=&#8221;0&#8243; js_vertical_centered=&#8221;true&#8221; padding_top=&#8221;0&#8243; padding_bottom=&#8221;15&#8243; sidebar=&#8221;sidebar-1&#8243;][vc_column][mk_contact_form style=&#8221;classic&#8221; gdpr_consent=&#8221;false&#8221;][\/vc_column][\/mk_page_section][mk_page_section min_height=&#8221;0&#8243; js_vertical_centered=&#8221;true&#8221; padding_top=&#8221;0&#8243; padding_bottom=&#8221;60&#8243; sidebar=&#8221;sidebar-1&#8243;][vc_column][mk_image src=&#8221;https:\/\/www.jl-paris.com\/wp-content\/uploads\/2019\/10\/jl-paris-jl-monde-europe-londres.jpg&#8221; image_size=&#8221;full&#8221; align=&#8221;center&#8221;][\/vc_column][\/mk_page_section]\n<\/div>","protected":false},"excerpt":{"rendered":"<p>[mk_page_section bg_image=&#8221;https:\/\/www.jl-paris.com\/wp-content\/uploads\/2019\/10\/jl-paris-monde.jpg&#8221; bg_position=&#8221;center top&#8221; bg_repeat=&#8221;no-repeat&#8221; bg_stretch=&#8221;true&#8221; video_color_mask=&#8221;#000000&#8243; video_opacity=&#8221;0.2&#8243; min_height=&#8221;450&#8243; full_width=&#8221;true&#8221; js_vertical_centered=&#8221;true&#8221; padding_top=&#8221;0&#8243; padding_bottom=&#8221;0&#8243; sidebar=&#8221;sidebar-1&#8243;][vc_column][mk_ornamental_title tag_name=&#8221;h1&#8243; text_color=&#8221;#ffffff&#8221; font_family=&#8221;none&#8221; font_size=&#8221;50&#8243; font_weight=&#8221;300&#8243; txt_transform=&#8221;uppercase&#8221; ornament_style=&#8221;lemo-single&#8221; nss_align=&#8221;center&#8221; margin_bottom=&#8221;0&#8243; el_class=&#8221;texte-ombre-noire&#8221;]World Tours[\/mk_ornamental_title][\/vc_column][\/mk_page_section][mk_page_section min_height=&#8221;0&#8243; js_vertical_centered=&#8221;true&#8221; padding_top=&#8221;30&#8243; padding_bottom=&#8221;60&#8243; sidebar=&#8221;sidebar-1&#8243;][vc_column][vc_row_inner][vc_column_inner width=&#8221;1\/6&#8243;][\/vc_column_inner][vc_column_inner width=&#8221;2\/3&#8243;][vc_column_text disable_pattern=&#8221;false&#8221; align=&#8221;center&#8221; css=&#8221;.vc_custom_1596281231501{margin-bottom: 0px !important;}&#8221;] Discover the world with a tour guide recommended by our agency! We share with you our network to [&hellip;]<\/p>\n","protected":false},"author":4,"featured_media":33177,"parent":0,"menu_order":4,"comment_status":"closed","ping_status":"closed","template":"","meta":{"_acf_changed":false,"footnotes":""},"class_list":["post-33277","page","type-page","status-publish","has-post-thumbnail","hentry"],"acf":[],"yoast_head":"<!-- This site is optimized with the Yoast SEO plugin v27.1.1 - https:\/\/yoast.com\/product\/yoast-seo-wordpress\/ -->\n<title>World tours - Travel with the best tour guides all around the world!<\/title>\n<meta name=\"description\" content=\"Discover the world with a tour guide recommended by our agency! We share with you our network to offer you incredible customized tours.\" \/>\n<meta name=\"robots\" content=\"index, follow, max-snippet:-1, max-image-preview:large, max-video-preview:-1\" \/>\n<link rel=\"canonical\" href=\"https:\/\/www.jl-paris.com\/en\/world\/\" \/>\n<meta property=\"og:locale\" content=\"en_US\" \/>\n<meta property=\"og:type\" content=\"article\" \/>\n<meta property=\"og:title\" content=\"World tours - Travel with the best tour guides all around the world!\" \/>\n<meta property=\"og:description\" content=\"Discover the world with a tour guide recommended by our agency! We share with you our network to offer you incredible customized tours.\" \/>\n<meta property=\"og:url\" content=\"https:\/\/www.jl-paris.com\/en\/world\/\" \/>\n<meta property=\"og:site_name\" content=\"J&amp;L Paris\" \/>\n<meta property=\"article:publisher\" content=\"https:\/\/www.facebook.com\/jlparis.agency\/\" \/>\n<meta property=\"article:modified_time\" content=\"2021-10-06T10:06:24+00:00\" \/>\n<meta property=\"og:image\" content=\"https:\/\/www.jl-paris.com\/wp-content\/uploads\/2019\/10\/jl-paris-monde.jpg\" \/>\n\t<meta property=\"og:image:width\" content=\"1300\" \/>\n\t<meta property=\"og:image:height\" content=\"609\" \/>\n\t<meta property=\"og:image:type\" content=\"image\/jpeg\" \/>\n<meta name=\"twitter:card\" content=\"summary_large_image\" \/>\n<meta name=\"twitter:site\" content=\"@JLParisagency\" \/>\n<meta name=\"twitter:label1\" content=\"Est. reading time\" \/>\n\t<meta name=\"twitter:data1\" content=\"6 minutes\" \/>\n<script type=\"application\/ld+json\" class=\"yoast-schema-graph\">{\"@context\":\"https:\/\/schema.org\",\"@graph\":[{\"@type\":\"WebPage\",\"@id\":\"https:\/\/www.jl-paris.com\/en\/world\/\",\"url\":\"https:\/\/www.jl-paris.com\/en\/world\/\",\"name\":\"World tours - Travel with the best tour guides all around the world!\",\"isPartOf\":{\"@id\":\"https:\/\/www.jl-paris.com\/en\/#website\"},\"primaryImageOfPage\":{\"@id\":\"https:\/\/www.jl-paris.com\/en\/world\/#primaryimage\"},\"image\":{\"@id\":\"https:\/\/www.jl-paris.com\/en\/world\/#primaryimage\"},\"thumbnailUrl\":\"https:\/\/www.jl-paris.com\/wp-content\/uploads\/2019\/10\/jl-paris-monde.jpg\",\"datePublished\":\"2019-10-08T14:38:10+00:00\",\"dateModified\":\"2021-10-06T10:06:24+00:00\",\"description\":\"Discover the world with a tour guide recommended by our agency! We share with you our network to offer you incredible customized tours.\",\"breadcrumb\":{\"@id\":\"https:\/\/www.jl-paris.com\/en\/world\/#breadcrumb\"},\"inLanguage\":\"en-US\",\"potentialAction\":[{\"@type\":\"ReadAction\",\"target\":[\"https:\/\/www.jl-paris.com\/en\/world\/\"]}]},{\"@type\":\"ImageObject\",\"inLanguage\":\"en-US\",\"@id\":\"https:\/\/www.jl-paris.com\/en\/world\/#primaryimage\",\"url\":\"https:\/\/www.jl-paris.com\/wp-content\/uploads\/2019\/10\/jl-paris-monde.jpg\",\"contentUrl\":\"https:\/\/www.jl-paris.com\/wp-content\/uploads\/2019\/10\/jl-paris-monde.jpg\",\"width\":\"1300\",\"height\":\"609\",\"caption\":\"J&L Monde World\"},{\"@type\":\"BreadcrumbList\",\"@id\":\"https:\/\/www.jl-paris.com\/en\/world\/#breadcrumb\",\"itemListElement\":[{\"@type\":\"ListItem\",\"position\":1,\"name\":\"Accueil\",\"item\":\"https:\/\/www.jl-paris.com\/en\/\"},{\"@type\":\"ListItem\",\"position\":2,\"name\":\"World Tours\"}]},{\"@type\":\"WebSite\",\"@id\":\"https:\/\/www.jl-paris.com\/en\/#website\",\"url\":\"https:\/\/www.jl-paris.com\/en\/\",\"name\":\"J&amp;L Paris\",\"description\":\"Visite guid\u00e9es, parcours, conf\u00e9rences \u00e0 Paris\",\"publisher\":{\"@id\":\"https:\/\/www.jl-paris.com\/en\/#organization\"},\"potentialAction\":[{\"@type\":\"SearchAction\",\"target\":{\"@type\":\"EntryPoint\",\"urlTemplate\":\"https:\/\/www.jl-paris.com\/en\/?s={search_term_string}\"},\"query-input\":{\"@type\":\"PropertyValueSpecification\",\"valueRequired\":true,\"valueName\":\"search_term_string\"}}],\"inLanguage\":\"en-US\"},{\"@type\":\"Organization\",\"@id\":\"https:\/\/www.jl-paris.com\/en\/#organization\",\"name\":\"J&L Paris\",\"url\":\"https:\/\/www.jl-paris.com\/en\/\",\"logo\":{\"@type\":\"ImageObject\",\"inLanguage\":\"en-US\",\"@id\":\"https:\/\/www.jl-paris.com\/en\/#\/schema\/logo\/image\/\",\"url\":\"https:\/\/www.jl-paris.com\/wp-content\/uploads\/2016\/11\/jl-paris-biography.jpg\",\"contentUrl\":\"https:\/\/www.jl-paris.com\/wp-content\/uploads\/2016\/11\/jl-paris-biography.jpg\",\"width\":400,\"height\":400,\"caption\":\"J&L Paris\"},\"image\":{\"@id\":\"https:\/\/www.jl-paris.com\/en\/#\/schema\/logo\/image\/\"},\"sameAs\":[\"https:\/\/www.facebook.com\/jlparis.agency\/\",\"https:\/\/x.com\/JLParisagency\",\"https:\/\/www.instagram.com\/jl_paris\/\",\"https:\/\/www.linkedin.com\/company\/10237378\/\"]}]}<\/script>\n<!-- \/ Yoast SEO plugin. -->","yoast_head_json":{"title":"World tours - Travel with the best tour guides all around the world!","description":"Discover the world with a tour guide recommended by our agency! We share with you our network to offer you incredible customized tours.","robots":{"index":"index","follow":"follow","max-snippet":"max-snippet:-1","max-image-preview":"max-image-preview:large","max-video-preview":"max-video-preview:-1"},"canonical":"https:\/\/www.jl-paris.com\/en\/world\/","og_locale":"en_US","og_type":"article","og_title":"World tours - Travel with the best tour guides all around the world!","og_description":"Discover the world with a tour guide recommended by our agency! We share with you our network to offer you incredible customized tours.","og_url":"https:\/\/www.jl-paris.com\/en\/world\/","og_site_name":"J&amp;L Paris","article_publisher":"https:\/\/www.facebook.com\/jlparis.agency\/","article_modified_time":"2021-10-06T10:06:24+00:00","og_image":[{"width":1300,"height":609,"url":"https:\/\/www.jl-paris.com\/wp-content\/uploads\/2019\/10\/jl-paris-monde.jpg","type":"image\/jpeg"}],"twitter_card":"summary_large_image","twitter_site":"@JLParisagency","twitter_misc":{"Est. reading time":"6 minutes"},"schema":{"@context":"https:\/\/schema.org","@graph":[{"@type":"WebPage","@id":"https:\/\/www.jl-paris.com\/en\/world\/","url":"https:\/\/www.jl-paris.com\/en\/world\/","name":"World tours - Travel with the best tour guides all around the world!","isPartOf":{"@id":"https:\/\/www.jl-paris.com\/en\/#website"},"primaryImageOfPage":{"@id":"https:\/\/www.jl-paris.com\/en\/world\/#primaryimage"},"image":{"@id":"https:\/\/www.jl-paris.com\/en\/world\/#primaryimage"},"thumbnailUrl":"https:\/\/www.jl-paris.com\/wp-content\/uploads\/2019\/10\/jl-paris-monde.jpg","datePublished":"2019-10-08T14:38:10+00:00","dateModified":"2021-10-06T10:06:24+00:00","description":"Discover the world with a tour guide recommended by our agency! We share with you our network to offer you incredible customized tours.","breadcrumb":{"@id":"https:\/\/www.jl-paris.com\/en\/world\/#breadcrumb"},"inLanguage":"en-US","potentialAction":[{"@type":"ReadAction","target":["https:\/\/www.jl-paris.com\/en\/world\/"]}]},{"@type":"ImageObject","inLanguage":"en-US","@id":"https:\/\/www.jl-paris.com\/en\/world\/#primaryimage","url":"https:\/\/www.jl-paris.com\/wp-content\/uploads\/2019\/10\/jl-paris-monde.jpg","contentUrl":"https:\/\/www.jl-paris.com\/wp-content\/uploads\/2019\/10\/jl-paris-monde.jpg","width":"1300","height":"609","caption":"J&L Monde World"},{"@type":"BreadcrumbList","@id":"https:\/\/www.jl-paris.com\/en\/world\/#breadcrumb","itemListElement":[{"@type":"ListItem","position":1,"name":"Accueil","item":"https:\/\/www.jl-paris.com\/en\/"},{"@type":"ListItem","position":2,"name":"World Tours"}]},{"@type":"WebSite","@id":"https:\/\/www.jl-paris.com\/en\/#website","url":"https:\/\/www.jl-paris.com\/en\/","name":"J&amp;L Paris","description":"Visite guid\u00e9es, parcours, conf\u00e9rences \u00e0 Paris","publisher":{"@id":"https:\/\/www.jl-paris.com\/en\/#organization"},"potentialAction":[{"@type":"SearchAction","target":{"@type":"EntryPoint","urlTemplate":"https:\/\/www.jl-paris.com\/en\/?s={search_term_string}"},"query-input":{"@type":"PropertyValueSpecification","valueRequired":true,"valueName":"search_term_string"}}],"inLanguage":"en-US"},{"@type":"Organization","@id":"https:\/\/www.jl-paris.com\/en\/#organization","name":"J&L Paris","url":"https:\/\/www.jl-paris.com\/en\/","logo":{"@type":"ImageObject","inLanguage":"en-US","@id":"https:\/\/www.jl-paris.com\/en\/#\/schema\/logo\/image\/","url":"https:\/\/www.jl-paris.com\/wp-content\/uploads\/2016\/11\/jl-paris-biography.jpg","contentUrl":"https:\/\/www.jl-paris.com\/wp-content\/uploads\/2016\/11\/jl-paris-biography.jpg","width":400,"height":400,"caption":"J&L Paris"},"image":{"@id":"https:\/\/www.jl-paris.com\/en\/#\/schema\/logo\/image\/"},"sameAs":["https:\/\/www.facebook.com\/jlparis.agency\/","https:\/\/x.com\/JLParisagency","https:\/\/www.instagram.com\/jl_paris\/","https:\/\/www.linkedin.com\/company\/10237378\/"]}]}},"_links":{"self":[{"href":"https:\/\/www.jl-paris.com\/en\/wp-json\/wp\/v2\/pages\/33277","targetHints":{"allow":["GET"]}}],"collection":[{"href":"https:\/\/www.jl-paris.com\/en\/wp-json\/wp\/v2\/pages"}],"about":[{"href":"https:\/\/www.jl-paris.com\/en\/wp-json\/wp\/v2\/types\/page"}],"author":[{"embeddable":true,"href":"https:\/\/www.jl-paris.com\/en\/wp-json\/wp\/v2\/users\/4"}],"replies":[{"embeddable":true,"href":"https:\/\/www.jl-paris.com\/en\/wp-json\/wp\/v2\/comments?post=33277"}],"version-history":[{"count":1,"href":"https:\/\/www.jl-paris.com\/en\/wp-json\/wp\/v2\/pages\/33277\/revisions"}],"predecessor-version":[{"id":35855,"href":"https:\/\/www.jl-paris.com\/en\/wp-json\/wp\/v2\/pages\/33277\/revisions\/35855"}],"wp:featuredmedia":[{"embeddable":true,"href":"https:\/\/www.jl-paris.com\/en\/wp-json\/wp\/v2\/media\/33177"}],"wp:attachment":[{"href":"https:\/\/www.jl-paris.com\/en\/wp-json\/wp\/v2\/media?parent=33277"}],"curies":[{"name":"wp","href":"https:\/\/api.w.org\/{rel}","templated":true}]}}