{"id":30827,"date":"2016-11-26T00:04:30","date_gmt":"2016-11-25T23:04:30","guid":{"rendered":"https:\/\/www.jl-paris.com\/contact\/"},"modified":"2021-03-19T12:05:14","modified_gmt":"2021-03-19T11:05:14","slug":"contact","status":"publish","type":"page","link":"https:\/\/www.jl-paris.com\/en\/contact\/","title":{"rendered":"Contact"},"content":{"rendered":"[mk_page_section min_height=&#8221;0&#8243; js_vertical_centered=&#8221;true&#8221; padding_top=&#8221;45&#8243; padding_bottom=&#8221;0&#8243; sidebar=&#8221;sidebar-1&#8243;][vc_column][mk_ornamental_title font_family=&#8221;none&#8221; font_size=&#8221;30&#8243;]CONTACT FORM[\/mk_ornamental_title][\/vc_column][\/mk_page_section][mk_page_section min_height=&#8221;450&#8243; js_vertical_centered=&#8221;true&#8221; padding_top=&#8221;30&#8243; padding_bottom=&#8221;30&#8243; sidebar=&#8221;sidebar-1&#8243;][vc_column][vc_column_text disable_pattern=&#8221;false&#8221; align=&#8221;center&#8221; css=&#8221;.vc_custom_1595605160778{margin-bottom: 0px !important;}&#8221;]\n<p style=\"text-align: center;\">A QUESTION ? AN ESTIMATE?<\/p>\n<p style=\"text-align: center;\">Contact us through the form below our at the following address: <span style=\"text-decoration: underline;\"><a href=\"mailto:contact@jl-paris.com\">contact@jl-paris.com<\/a><\/span>.<br \/>\nWe will be back to you within 24 hours !<\/p>\n[\/vc_column_text][mk_contact_form style=&#8221;classic&#8221; button_text=&#8221;Send&#8221; captcha=&#8221;false&#8221; gdpr_consent=&#8221;false&#8221;][vc_column_text]\n<p style=\"text-align: justify;\"><em><small>In accordance with the Data Protection Act of 6 January 1978, the information requested on the contact form are necessary to get back to you. J&amp;L Paris respects the privacy of individuals and protects, in so far as possible, your data. You have a right to access, correct, or remove data relating to you by contacting J&amp;L Paris at the following address: <a href=\"mailto:contact@jl-paris.com\">contact@jl-paris.com<\/a><\/small><\/em><\/p>\n[\/vc_column_text][\/vc_column][\/mk_page_section][mk_page_section bg_color=&#8221;#e7ad9c&#8221; min_height=&#8221;&#8221; js_vertical_centered=&#8221;true&#8221; padding_top=&#8221;30&#8243; padding_bottom=&#8221;30&#8243; sidebar=&#8221;sidebar-1&#8243;][vc_column][mk_fancy_title color=&#8221;#ffffff&#8221; size=&#8221;22&#8243; font_weight=&#8221;300&#8243; letter_spacing=&#8221;2&#8243; margin_bottom=&#8221;0&#8243; font_family=&#8221;none&#8221; align=&#8221;center&#8221;]HOW TO CONTACT US?[\/mk_fancy_title][\/vc_column][\/mk_page_section][mk_page_section min_height=&#8221;450&#8243; js_vertical_centered=&#8221;true&#8221; padding_top=&#8221;0&#8243; padding_bottom=&#8221;0&#8243; sidebar=&#8221;sidebar-1&#8243;][vc_column width=&#8221;1\/3&#8243;][mk_font_icons icon=&#8221;mk-li-pinmap&#8221; color=&#8221;#e7ad9c&#8221; size=&#8221;large&#8221; align=&#8221;center&#8221;][vc_column_text]\n<p style=\"text-align: center;\"><strong>Address<\/strong><\/p>\n<p style=\"text-align: center;\">32 boulevard de Strasbourg \u2013 CS 30108<br \/>\n75468 PARIS Cedex 10<\/p>\n[\/vc_column_text][\/vc_column][vc_column width=&#8221;1\/3&#8243;][mk_font_icons icon=&#8221;mk-li-mail&#8221; color=&#8221;#e7ad9c&#8221; size=&#8221;large&#8221; align=&#8221;center&#8221;][vc_column_text css=&#8221;.vc_custom_1504192900129{margin-bottom: 0px !important;}&#8221;]\n<p style=\"text-align: center;\"><strong>Email<\/strong><\/p>\n<p style=\"text-align: center;\"><a href=\"mailto:contact@jl-paris.com\">contact@jl-paris.com<\/a><\/p>\n[\/vc_column_text][\/vc_column][vc_column width=&#8221;1\/3&#8243;][mk_font_icons icon=&#8221;mk-li-phone&#8221; color=&#8221;#e7ad9c&#8221; size=&#8221;large&#8221; align=&#8221;center&#8221;][vc_column_text css=&#8221;.vc_custom_1533755211085{margin-bottom: 0px !important;}&#8221;]\n<p style=\"text-align: center;\"><strong>Telephone<\/strong><\/p>\n<p style=\"text-align: center;\">+33 6 35 52 87 14<br \/>\n7\/7 \u2013 From 10am to 7pm<\/p>\n[\/vc_column_text][\/vc_column][\/mk_page_section]\n","protected":false},"excerpt":{"rendered":"<p>[mk_page_section min_height=&#8221;0&#8243; js_vertical_centered=&#8221;true&#8221; padding_top=&#8221;45&#8243; padding_bottom=&#8221;0&#8243; sidebar=&#8221;sidebar-1&#8243;][vc_column][mk_ornamental_title font_family=&#8221;none&#8221; font_size=&#8221;30&#8243;]CONTACT FORM[\/mk_ornamental_title][\/vc_column][\/mk_page_section][mk_page_section min_height=&#8221;450&#8243; js_vertical_centered=&#8221;true&#8221; padding_top=&#8221;30&#8243; padding_bottom=&#8221;30&#8243; sidebar=&#8221;sidebar-1&#8243;][vc_column][vc_column_text disable_pattern=&#8221;false&#8221; align=&#8221;center&#8221; css=&#8221;.vc_custom_1595605160778{margin-bottom: 0px !important;}&#8221;] A QUESTION ? AN ESTIMATE? Contact us through the form below our at the following address: contact@jl-paris.com. We will be back to you within 24 hours ! [\/vc_column_text][mk_contact_form style=&#8221;classic&#8221; button_text=&#8221;Send&#8221; captcha=&#8221;false&#8221; gdpr_consent=&#8221;false&#8221;][vc_column_text] In accordance with the [&hellip;]<\/p>\n","protected":false},"author":1,"featured_media":42,"parent":0,"menu_order":997,"comment_status":"closed","ping_status":"closed","template":"","meta":{"_acf_changed":false,"footnotes":""},"class_list":["post-30827","page","type-page","status-publish","has-post-thumbnail","hentry"],"acf":[],"yoast_head":"<!-- This site is optimized with the Yoast SEO plugin v27.1.1 - https:\/\/yoast.com\/product\/yoast-seo-wordpress\/ -->\n<title>Guided tours in Paris - Contact us<\/title>\n<meta name=\"description\" content=\"CONTACT FORM - For all questions and estimate requests, please feel free to contact our agency! (Phone reception: 7 days a week)\" \/>\n<meta name=\"robots\" content=\"index, follow, max-snippet:-1, max-image-preview:large, max-video-preview:-1\" \/>\n<link rel=\"canonical\" href=\"https:\/\/www.jl-paris.com\/en\/contact\/\" \/>\n<meta property=\"og:locale\" content=\"en_US\" \/>\n<meta property=\"og:type\" content=\"article\" \/>\n<meta property=\"og:title\" content=\"Guided tours in Paris - Contact us\" \/>\n<meta property=\"og:description\" content=\"CONTACT FORM - For all questions and estimate requests, please feel free to contact our agency! (Phone reception: 7 days a week)\" \/>\n<meta property=\"og:url\" content=\"https:\/\/www.jl-paris.com\/en\/contact\/\" \/>\n<meta property=\"og:site_name\" content=\"J&amp;L Paris\" \/>\n<meta property=\"article:publisher\" content=\"https:\/\/www.facebook.com\/jlparis.agency\/\" \/>\n<meta property=\"article:modified_time\" content=\"2021-03-19T11:05:14+00:00\" \/>\n<meta property=\"og:image\" content=\"https:\/\/www.jl-paris.com\/wp-content\/uploads\/2016\/11\/a-propos-de-jl-paris-jess-et-lise.jpeg\" \/>\n\t<meta property=\"og:image:width\" content=\"1276\" \/>\n\t<meta property=\"og:image:height\" content=\"895\" \/>\n\t<meta property=\"og:image:type\" content=\"image\/jpeg\" \/>\n<meta name=\"twitter:card\" content=\"summary_large_image\" \/>\n<meta name=\"twitter:site\" content=\"@JLParisagency\" \/>\n<meta name=\"twitter:label1\" content=\"Est. reading time\" \/>\n\t<meta name=\"twitter:data1\" content=\"2 minutes\" \/>\n<script type=\"application\/ld+json\" class=\"yoast-schema-graph\">{\"@context\":\"https:\/\/schema.org\",\"@graph\":[{\"@type\":\"WebPage\",\"@id\":\"https:\/\/www.jl-paris.com\/en\/contact\/\",\"url\":\"https:\/\/www.jl-paris.com\/en\/contact\/\",\"name\":\"Guided tours in Paris - Contact us\",\"isPartOf\":{\"@id\":\"https:\/\/www.jl-paris.com\/en\/#website\"},\"primaryImageOfPage\":{\"@id\":\"https:\/\/www.jl-paris.com\/en\/contact\/#primaryimage\"},\"image\":{\"@id\":\"https:\/\/www.jl-paris.com\/en\/contact\/#primaryimage\"},\"thumbnailUrl\":\"https:\/\/www.jl-paris.com\/wp-content\/uploads\/2016\/11\/a-propos-de-jl-paris-jess-et-lise.jpeg\",\"datePublished\":\"2016-11-25T23:04:30+00:00\",\"dateModified\":\"2021-03-19T11:05:14+00:00\",\"description\":\"CONTACT FORM - For all questions and estimate requests, please feel free to contact our agency! (Phone reception: 7 days a week)\",\"breadcrumb\":{\"@id\":\"https:\/\/www.jl-paris.com\/en\/contact\/#breadcrumb\"},\"inLanguage\":\"en-US\",\"potentialAction\":[{\"@type\":\"ReadAction\",\"target\":[\"https:\/\/www.jl-paris.com\/en\/contact\/\"]}]},{\"@type\":\"ImageObject\",\"inLanguage\":\"en-US\",\"@id\":\"https:\/\/www.jl-paris.com\/en\/contact\/#primaryimage\",\"url\":\"https:\/\/www.jl-paris.com\/wp-content\/uploads\/2016\/11\/a-propos-de-jl-paris-jess-et-lise.jpeg\",\"contentUrl\":\"https:\/\/www.jl-paris.com\/wp-content\/uploads\/2016\/11\/a-propos-de-jl-paris-jess-et-lise.jpeg\",\"width\":1276,\"height\":895,\"caption\":\"J&L Paris visites guid\u00e9es \u00e0 Paris r\u00e9servation booking mentions l\u00e9gales legal notice conditions g\u00e9n\u00e9rales de vente general sales conditions credit card\"},{\"@type\":\"BreadcrumbList\",\"@id\":\"https:\/\/www.jl-paris.com\/en\/contact\/#breadcrumb\",\"itemListElement\":[{\"@type\":\"ListItem\",\"position\":1,\"name\":\"Accueil\",\"item\":\"https:\/\/www.jl-paris.com\/en\/\"},{\"@type\":\"ListItem\",\"position\":2,\"name\":\"Contact\"}]},{\"@type\":\"WebSite\",\"@id\":\"https:\/\/www.jl-paris.com\/en\/#website\",\"url\":\"https:\/\/www.jl-paris.com\/en\/\",\"name\":\"J&amp;L Paris\",\"description\":\"Visite guid\u00e9es, parcours, conf\u00e9rences \u00e0 Paris\",\"publisher\":{\"@id\":\"https:\/\/www.jl-paris.com\/en\/#organization\"},\"potentialAction\":[{\"@type\":\"SearchAction\",\"target\":{\"@type\":\"EntryPoint\",\"urlTemplate\":\"https:\/\/www.jl-paris.com\/en\/?s={search_term_string}\"},\"query-input\":{\"@type\":\"PropertyValueSpecification\",\"valueRequired\":true,\"valueName\":\"search_term_string\"}}],\"inLanguage\":\"en-US\"},{\"@type\":\"Organization\",\"@id\":\"https:\/\/www.jl-paris.com\/en\/#organization\",\"name\":\"J&L Paris\",\"url\":\"https:\/\/www.jl-paris.com\/en\/\",\"logo\":{\"@type\":\"ImageObject\",\"inLanguage\":\"en-US\",\"@id\":\"https:\/\/www.jl-paris.com\/en\/#\/schema\/logo\/image\/\",\"url\":\"https:\/\/www.jl-paris.com\/wp-content\/uploads\/2016\/11\/jl-paris-biography.jpg\",\"contentUrl\":\"https:\/\/www.jl-paris.com\/wp-content\/uploads\/2016\/11\/jl-paris-biography.jpg\",\"width\":400,\"height\":400,\"caption\":\"J&L Paris\"},\"image\":{\"@id\":\"https:\/\/www.jl-paris.com\/en\/#\/schema\/logo\/image\/\"},\"sameAs\":[\"https:\/\/www.facebook.com\/jlparis.agency\/\",\"https:\/\/x.com\/JLParisagency\",\"https:\/\/www.instagram.com\/jl_paris\/\",\"https:\/\/www.linkedin.com\/company\/10237378\/\"]}]}<\/script>\n<!-- \/ Yoast SEO plugin. -->","yoast_head_json":{"title":"Guided tours in Paris - Contact us","description":"CONTACT FORM - For all questions and estimate requests, please feel free to contact our agency! (Phone reception: 7 days a week)","robots":{"index":"index","follow":"follow","max-snippet":"max-snippet:-1","max-image-preview":"max-image-preview:large","max-video-preview":"max-video-preview:-1"},"canonical":"https:\/\/www.jl-paris.com\/en\/contact\/","og_locale":"en_US","og_type":"article","og_title":"Guided tours in Paris - Contact us","og_description":"CONTACT FORM - For all questions and estimate requests, please feel free to contact our agency! (Phone reception: 7 days a week)","og_url":"https:\/\/www.jl-paris.com\/en\/contact\/","og_site_name":"J&amp;L Paris","article_publisher":"https:\/\/www.facebook.com\/jlparis.agency\/","article_modified_time":"2021-03-19T11:05:14+00:00","og_image":[{"width":1276,"height":895,"url":"https:\/\/www.jl-paris.com\/wp-content\/uploads\/2016\/11\/a-propos-de-jl-paris-jess-et-lise.jpeg","type":"image\/jpeg"}],"twitter_card":"summary_large_image","twitter_site":"@JLParisagency","twitter_misc":{"Est. reading time":"2 minutes"},"schema":{"@context":"https:\/\/schema.org","@graph":[{"@type":"WebPage","@id":"https:\/\/www.jl-paris.com\/en\/contact\/","url":"https:\/\/www.jl-paris.com\/en\/contact\/","name":"Guided tours in Paris - Contact us","isPartOf":{"@id":"https:\/\/www.jl-paris.com\/en\/#website"},"primaryImageOfPage":{"@id":"https:\/\/www.jl-paris.com\/en\/contact\/#primaryimage"},"image":{"@id":"https:\/\/www.jl-paris.com\/en\/contact\/#primaryimage"},"thumbnailUrl":"https:\/\/www.jl-paris.com\/wp-content\/uploads\/2016\/11\/a-propos-de-jl-paris-jess-et-lise.jpeg","datePublished":"2016-11-25T23:04:30+00:00","dateModified":"2021-03-19T11:05:14+00:00","description":"CONTACT FORM - For all questions and estimate requests, please feel free to contact our agency! (Phone reception: 7 days a week)","breadcrumb":{"@id":"https:\/\/www.jl-paris.com\/en\/contact\/#breadcrumb"},"inLanguage":"en-US","potentialAction":[{"@type":"ReadAction","target":["https:\/\/www.jl-paris.com\/en\/contact\/"]}]},{"@type":"ImageObject","inLanguage":"en-US","@id":"https:\/\/www.jl-paris.com\/en\/contact\/#primaryimage","url":"https:\/\/www.jl-paris.com\/wp-content\/uploads\/2016\/11\/a-propos-de-jl-paris-jess-et-lise.jpeg","contentUrl":"https:\/\/www.jl-paris.com\/wp-content\/uploads\/2016\/11\/a-propos-de-jl-paris-jess-et-lise.jpeg","width":1276,"height":895,"caption":"J&L Paris visites guid\u00e9es \u00e0 Paris r\u00e9servation booking mentions l\u00e9gales legal notice conditions g\u00e9n\u00e9rales de vente general sales conditions credit card"},{"@type":"BreadcrumbList","@id":"https:\/\/www.jl-paris.com\/en\/contact\/#breadcrumb","itemListElement":[{"@type":"ListItem","position":1,"name":"Accueil","item":"https:\/\/www.jl-paris.com\/en\/"},{"@type":"ListItem","position":2,"name":"Contact"}]},{"@type":"WebSite","@id":"https:\/\/www.jl-paris.com\/en\/#website","url":"https:\/\/www.jl-paris.com\/en\/","name":"J&amp;L Paris","description":"Visite guid\u00e9es, parcours, conf\u00e9rences \u00e0 Paris","publisher":{"@id":"https:\/\/www.jl-paris.com\/en\/#organization"},"potentialAction":[{"@type":"SearchAction","target":{"@type":"EntryPoint","urlTemplate":"https:\/\/www.jl-paris.com\/en\/?s={search_term_string}"},"query-input":{"@type":"PropertyValueSpecification","valueRequired":true,"valueName":"search_term_string"}}],"inLanguage":"en-US"},{"@type":"Organization","@id":"https:\/\/www.jl-paris.com\/en\/#organization","name":"J&L Paris","url":"https:\/\/www.jl-paris.com\/en\/","logo":{"@type":"ImageObject","inLanguage":"en-US","@id":"https:\/\/www.jl-paris.com\/en\/#\/schema\/logo\/image\/","url":"https:\/\/www.jl-paris.com\/wp-content\/uploads\/2016\/11\/jl-paris-biography.jpg","contentUrl":"https:\/\/www.jl-paris.com\/wp-content\/uploads\/2016\/11\/jl-paris-biography.jpg","width":400,"height":400,"caption":"J&L Paris"},"image":{"@id":"https:\/\/www.jl-paris.com\/en\/#\/schema\/logo\/image\/"},"sameAs":["https:\/\/www.facebook.com\/jlparis.agency\/","https:\/\/x.com\/JLParisagency","https:\/\/www.instagram.com\/jl_paris\/","https:\/\/www.linkedin.com\/company\/10237378\/"]}]}},"_links":{"self":[{"href":"https:\/\/www.jl-paris.com\/en\/wp-json\/wp\/v2\/pages\/30827","targetHints":{"allow":["GET"]}}],"collection":[{"href":"https:\/\/www.jl-paris.com\/en\/wp-json\/wp\/v2\/pages"}],"about":[{"href":"https:\/\/www.jl-paris.com\/en\/wp-json\/wp\/v2\/types\/page"}],"author":[{"embeddable":true,"href":"https:\/\/www.jl-paris.com\/en\/wp-json\/wp\/v2\/users\/1"}],"replies":[{"embeddable":true,"href":"https:\/\/www.jl-paris.com\/en\/wp-json\/wp\/v2\/comments?post=30827"}],"version-history":[{"count":3,"href":"https:\/\/www.jl-paris.com\/en\/wp-json\/wp\/v2\/pages\/30827\/revisions"}],"predecessor-version":[{"id":35407,"href":"https:\/\/www.jl-paris.com\/en\/wp-json\/wp\/v2\/pages\/30827\/revisions\/35407"}],"wp:featuredmedia":[{"embeddable":true,"href":"https:\/\/www.jl-paris.com\/en\/wp-json\/wp\/v2\/media\/42"}],"wp:attachment":[{"href":"https:\/\/www.jl-paris.com\/en\/wp-json\/wp\/v2\/media?parent=30827"}],"curies":[{"name":"wp","href":"https:\/\/api.w.org\/{rel}","templated":true}]}}