{"id":30801,"date":"2016-11-26T02:42:14","date_gmt":"2016-11-26T01:42:14","guid":{"rendered":"https:\/\/www.jl-paris.com\/exhibitions\/"},"modified":"2024-12-04T20:48:57","modified_gmt":"2024-12-04T19:48:57","slug":"exhibitions-paris","status":"publish","type":"page","link":"https:\/\/www.jl-paris.com\/en\/exhibitions-paris\/","title":{"rendered":"Exhibitions"},"content":{"rendered":"<div class=\"wpb-content-wrapper\">[mk_page_section bg_image=&#8221;https:\/\/www.jl-paris.com\/wp-content\/uploads\/2015\/09\/jl-paris-blog-musee-cernushi.jpg&#8221; bg_position=&#8221;center top&#8221; bg_repeat=&#8221;no-repeat&#8221; bg_stretch=&#8221;true&#8221; video_color_mask=&#8221;#000000&#8243; video_opacity=&#8221;0.2&#8243; min_height=&#8221;450&#8243; full_width=&#8221;true&#8221; js_vertical_centered=&#8221;true&#8221; padding_top=&#8221;0&#8243; padding_bottom=&#8221;0&#8243; sidebar=&#8221;sidebar-1&#8243;][vc_column][mk_ornamental_title tag_name=&#8221;h1&#8243; text_color=&#8221;#ffffff&#8221; font_family=&#8221;none&#8221; font_size=&#8221;50&#8243; font_weight=&#8221;300&#8243; txt_transform=&#8221;uppercase&#8221; ornament_style=&#8221;lemo-single&#8221; nss_align=&#8221;center&#8221; margin_bottom=&#8221;0&#8243; el_class=&#8221;texte-ombre-noire&#8221;]Exhibitions[\/mk_ornamental_title][\/vc_column][\/mk_page_section][vc_row css=&#8221;.vc_custom_1480613876900{padding-top: 45px !important;}&#8221;][vc_column][vc_column_text align=&#8221;center&#8221; margin_bottom=&#8221;30&#8243; css=&#8221;.vc_custom_1729696086172{margin-bottom: 30px !important;}&#8221;]\n<p style=\"text-align: center;\">With J&amp;L, discover the exhibitions in Paris!<br \/>\nOur offers evolve every season with the latest cultural news in Paris!<\/p>\n<p style=\"text-align: center;\">Our 2024\/2025 selection is online!<\/p>\n[\/vc_column_text][\/vc_column][\/vc_row][mk_page_section min_height=&#8221;0&#8243; js_vertical_centered=&#8221;true&#8221; padding_top=&#8221;0&#8243; padding_bottom=&#8221;0&#8243; margin_bottom=&#8221;30&#8243; sidebar=&#8221;sidebar-1&#8243;][vc_column][vc_text_separator title=&#8221;CURRENTLY&#8221; color=&#8221;custom&#8221; border_width=&#8221;2&#8243; accent_color=&#8221;#e7ad9c&#8221;][\/vc_column][\/mk_page_section][mk_page_section min_height=&#8221;0&#8243; js_vertical_centered=&#8221;true&#8221; padding_top=&#8221;&#8221; padding_bottom=&#8221;0&#8243; margin_bottom=&#8221;30&#8243; sidebar=&#8221;sidebar-1&#8243;][vc_column][vc_tabs container_bg_color=&#8221;#ededed&#8221;][vc_tab title=&#8221;Borghese Gallery &#8211; Jacquemart-Andr\u00e9&#8221; tab_id=&#8221;1709058904686-4-1&#8243;][vc_row_inner][vc_column_inner width=&#8221;1\/3&#8243;][mk_image src=&#8221;https:\/\/www.jl-paris.com\/wp-content\/uploads\/2024\/10\/caravage-garcon-a-la-corbeille-de-fruits-vers-1596-huile-sur-toile-70-x-67-cm-galleria-borghese-rome.webp&#8221; image_size=&#8221;full&#8221; animation=&#8221;fade-in&#8221;][\/vc_column_inner][vc_column_inner width=&#8221;2\/3&#8243;][mk_fancy_title color=&#8221;#e7ad9c&#8221; size=&#8221;22&#8243; font_weight=&#8221;400&#8243; letter_spacing=&#8221;2&#8243; margin_bottom=&#8221;0&#8243; font_family=&#8221;none&#8221;]\n<p style=\"text-align: left;\"><strong>The masterpieces of the Borghese Gallery<\/strong><\/p>\n[\/mk_fancy_title][vc_empty_space height=&#8221;20px&#8221;][vc_column_text disable_pattern=&#8221;false&#8221; align=&#8221;center&#8221; margin_bottom=&#8221;45&#8243; css=&#8221;.vc_custom_1729696612240{margin-bottom: 45px !important;}&#8221;]\n<p style=\"text-align: left;\"><a href=\"https:\/\/www.musee-jacquemart-andre.com\/fr\/chefs-doeuvre-galerie-borghese\"><br \/>\n<strong><br \/>\n<span style=\"text-decoration: underline;\">Jaquemart-Andr\u00e9 Museum<\/span><br \/>\n<\/strong><br \/>\n<\/a><\/p>\n<p style=\"text-align: left;\"><strong>Duration:<\/strong> 1h30<\/p>\n<div class=\"wpb_text_column wpb_content_element\" style=\"text-align: left;\">\n<div class=\"wpb_wrapper\">\n<p style=\"text-align: left;\"><em>From September 6, 2024 to January 5, 2025<\/em><\/p>\n<\/div>\n<\/div>\n[\/vc_column_text][\/vc_column_inner][\/vc_row_inner][vc_column_text disable_pattern=&#8221;false&#8221; align=&#8221;center&#8221; margin_bottom=&#8221;45&#8243; css=&#8221;.vc_custom_1729695188089{margin-bottom: 45px !important;}&#8221;]<em>The reopening of the Jacquemart-Andr\u00e9 Museum coincides with an exceptional exhibition dedicated to the masterpieces of the Borghese Gallery, curated by Cardinal Scipio Borghese. From Caravaggio to Raphael, Titian and Bernini, visitors will be able to discover a rich and varied artistic palette, ranging from striking portraits to mythological scenes, including bucolic landscapes. This exhibition testifies to the cardinal&#8217;s eclectic taste and his decisive role in the history of art. <\/em>[\/vc_column_text][\/vc_tab][vc_tab title=&#8221;Caillebotte &#8211; Orsay&#8221; tab_id=&#8221;1729696685958-1-7&#8243;][vc_row_inner][vc_column_inner width=&#8221;1\/3&#8243;][mk_image src=&#8221;https:\/\/www.jl-paris.com\/wp-content\/uploads\/2024\/10\/jl-paris-expo-paris-orsay-caillebotte.webp&#8221; image_size=&#8221;full&#8221; animation=&#8221;fade-in&#8221;][\/vc_column_inner][vc_column_inner width=&#8221;2\/3&#8243;][mk_fancy_title color=&#8221;#e7ad9c&#8221; size=&#8221;22&#8243; font_weight=&#8221;400&#8243; letter_spacing=&#8221;2&#8243; margin_bottom=&#8221;0&#8243; font_family=&#8221;none&#8221;]\n<p style=\"text-align: left;\"><strong>Caillebotte, Painting Men<\/strong><\/p>\n[\/mk_fancy_title][vc_empty_space height=&#8221;20px&#8221;][vc_column_text disable_pattern=&#8221;false&#8221; align=&#8221;center&#8221; margin_bottom=&#8221;45&#8243; css=&#8221;.vc_custom_1729696765494{margin-bottom: 45px !important;}&#8221;]\n<p style=\"text-align: left;\"><a href=\"https:\/\/www.musee-orsay.fr\/fr\/agenda\/expositions\/caillebotte-peindre-les-hommes\"><br \/>\n<strong><br \/>\n<span style=\"text-decoration: underline;\">Mus\u00e9e d&#8217;Orsay<\/span><br \/>\n<\/strong><br \/>\n<\/a><\/p>\n<p style=\"text-align: left;\"><strong>Duration:<\/strong> 1h30<\/p>\n<div class=\"wpb_text_column wpb_content_element\" style=\"text-align: left;\">\n<div class=\"wpb_wrapper\">\n<p style=\"text-align: left;\"><em>From 08 October 2024 to 19 January 2025<\/em><\/p>\n<\/div>\n<\/div>\n[\/vc_column_text][\/vc_column_inner][\/vc_row_inner][vc_column_text disable_pattern=&#8221;false&#8221; align=&#8221;center&#8221; margin_bottom=&#8221;45&#8243; css=&#8221;.vc_custom_1729697797531{margin-bottom: 45px !important;}&#8221;]\n<p style=\"text-align: center;\"><em>&#8220;The exhibition presented at the Mus\u00e9e d&#8217;Orsay in the fall of 2024 takes as its subject Gustave Caillebotte&#8217;s (1848-1894) predilection for male figures and portraits of men, and aims to question the radical modernity of the artist&#8217;s masterpieces through the prism of the new look that art history has on nineteenth-century masculinities.&#8221;<\/em><\/p>\n[\/vc_column_text][\/vc_tab][\/vc_tabs][\/vc_column][\/mk_page_section][mk_page_section bg_color=&#8221;#e7ad9c&#8221; min_height=&#8221;&#8221; full_width=&#8221;true&#8221; js_vertical_centered=&#8221;true&#8221; padding_top=&#8221;30&#8243; padding_bottom=&#8221;30&#8243; top_shape_size=&#8221;small&#8221; top_shape_color=&#8221;#ffffff&#8221; top_shape_bg_color=&#8221;#e7ad9c&#8221; bottom_shape_size=&#8221;small&#8221; bottom_shape_color=&#8221;#ffffff&#8221; bottom_shape_bg_color=&#8221;#e7ad9c&#8221; sidebar=&#8221;sidebar-1&#8243;][vc_column][mk_fancy_title tag_name=&#8221;h4&#8243; color=&#8221;#ffffff&#8221; size=&#8221;22&#8243; font_weight=&#8221;400&#8243; letter_spacing=&#8221;2&#8243; margin_bottom=&#8221;0&#8243; font_family=&#8221;none&#8221; align=&#8221;center&#8221;]OUR PRIVATE TOURS[\/mk_fancy_title][\/vc_column][\/mk_page_section][vc_row css=&#8221;.vc_custom_1480613876900{padding-top: 45px !important;}&#8221;][vc_column][vc_column_text disable_pattern=&#8221;false&#8221; align=&#8221;center&#8221; css=&#8221;.vc_custom_1709232756686{margin-bottom: 0px !important;}&#8221;]\n<p style=\"text-align: center;\">Visit the exhibition of your choice with a guide dedicated just to your group!<br \/>\nAs a couple, with family or friends, you can easily book your tailor-made package by sending us all your desires.<br \/>\nTo obtain a personalized quote, simply indicate in your message the <strong><span style=\"color: #e7ad9c; text-decoration: underline;\">chosen exhibition<\/span><\/strong>, the <strong><span style=\"color: #e7ad9c; text-decoration: underline;\">number of participants<\/span><\/strong> and the <strong><span style=\"color: #e7ad9c; text-decoration: underline;\">preferred date<\/span><\/strong> to make your visit.<\/p>\n[\/vc_column_text][\/vc_column][\/vc_row][mk_page_section min_height=&#8221;0&#8243; js_vertical_centered=&#8221;true&#8221; padding_top=&#8221;30&#8243; padding_bottom=&#8221;0&#8243; sidebar=&#8221;sidebar-1&#8243;][vc_column][mk_contact_form style=&#8221;classic&#8221; email=&#8221;jlprojectparis@gmail.com&#8221; gdpr_consent=&#8221;false&#8221; captcha=&#8221;false&#8221;][\/vc_column][\/mk_page_section][mk_page_section bg_color=&#8221;#e7ad9c&#8221; min_height=&#8221;&#8221; full_width=&#8221;true&#8221; js_vertical_centered=&#8221;true&#8221; padding_top=&#8221;30&#8243; padding_bottom=&#8221;30&#8243; top_shape_size=&#8221;small&#8221; top_shape_color=&#8221;#ffffff&#8221; top_shape_bg_color=&#8221;#e7ad9c&#8221; bottom_shape_size=&#8221;small&#8221; bottom_shape_color=&#8221;#ffffff&#8221; bottom_shape_bg_color=&#8221;#e7ad9c&#8221; sidebar=&#8221;sidebar-1&#8243;][vc_column][mk_fancy_title tag_name=&#8221;h4&#8243; color=&#8221;#ffffff&#8221; size=&#8221;22&#8243; font_weight=&#8221;400&#8243; letter_spacing=&#8221;2&#8243; margin_bottom=&#8221;0&#8243; font_family=&#8221;none&#8221; align=&#8221;center&#8221;]OUR GROUP TOURS[\/mk_fancy_title][\/vc_column][\/mk_page_section][mk_page_section min_height=&#8221;0&#8243; js_vertical_centered=&#8221;true&#8221; padding_top=&#8221;30&#8243; padding_bottom=&#8221;0&#8243; sidebar=&#8221;sidebar-1&#8243;][vc_column][vc_column_text disable_pattern=&#8221;false&#8221; align=&#8221;center&#8221; css=&#8221;.vc_custom_1613510035976{margin-bottom: 0px !important;}&#8221;]\n<p style=\"text-align: center;\">You can also visit the exhibition of your choice by joining an existing group!<\/p>\n<p style=\"text-align: center;\">With our special offers, there&#8217;s something for every taste and budget!<\/p>\n<p style=\"text-align: center;\">Every month, J&amp;L Paris offers you tours at preferential rates to help you discover all the exhibitions of the moment!<\/p>\n[\/vc_column_text][vc_empty_space height=&#8221;10px&#8221;][mk_image src=&#8221;https:\/\/www.jl-paris.com\/wp-content\/uploads\/2021\/06\/jl-paris-visite-groupe-auvers-sur-oise-jessica.jpg&#8221; image_width=&#8221;600&#8243; image_height=&#8221;388&#8243; align=&#8221;center&#8221; animation=&#8221;fade-in&#8221;][vc_empty_space height=&#8221;10px&#8221;][mk_button dimension=&#8221;flat&#8221; size=&#8221;medium&#8221; url=&#8221;https:\/\/www.jl-paris.com\/parcours\/evenements&#8221; align=&#8221;center&#8221;]SPECIAL OFFERS[\/mk_button][vc_empty_space height=&#8221;20px&#8221;][\/vc_column][\/mk_page_section][mk_page_section bg_color=&#8221;#e7ad9c&#8221; min_height=&#8221;&#8221; full_width=&#8221;true&#8221; js_vertical_centered=&#8221;true&#8221; padding_top=&#8221;30&#8243; padding_bottom=&#8221;30&#8243; top_shape_size=&#8221;small&#8221; top_shape_color=&#8221;#ffffff&#8221; top_shape_bg_color=&#8221;#e7ad9c&#8221; bottom_shape_size=&#8221;small&#8221; bottom_shape_color=&#8221;#ffffff&#8221; bottom_shape_bg_color=&#8221;#e7ad9c&#8221; sidebar=&#8221;sidebar-1&#8243;][vc_column][mk_fancy_title tag_name=&#8221;h4&#8243; color=&#8221;#ffffff&#8221; size=&#8221;22&#8243; font_weight=&#8221;400&#8243; letter_spacing=&#8221;2&#8243; margin_bottom=&#8221;0&#8243; font_family=&#8221;none&#8221; align=&#8221;center&#8221;]PAST EXHIBITIONS[\/mk_fancy_title][\/vc_column][\/mk_page_section][vc_row css=&#8221;.vc_custom_1604516166451{margin-top: 60px !important;margin-bottom: 60px !important;}&#8221;][vc_column][mk_gallery images=&#8221;36737,36741,36739,36150,36146,36152,35299,35297,35308,35301&#8243; column=&#8221;5&#8243; image_size=&#8221;full&#8221; hover_scenarios=&#8221;overlay_layer&#8221; item_spacing=&#8221;15&#8243; margin_bottom=&#8221;15&#8243; frame_style=&#8221;rounded&#8221; orderby=&#8221;post__in&#8221;][mk_gallery images=&#8221;33802,33591,33589,33123,33125,32626,32628,32630,32451,32450,32449,32208,32209,32207,561,31195,31192,31194,567,568,569,571,570,572,308,306,307,305,304,303&#8243; column=&#8221;5&#8243; image_size=&#8221;full&#8221; hover_scenarios=&#8221;overlay_layer&#8221; item_spacing=&#8221;15&#8243; margin_bottom=&#8221;15&#8243; frame_style=&#8221;rounded&#8221; orderby=&#8221;post__in&#8221;][\/vc_column][\/vc_row]\n<\/div>","protected":false},"excerpt":{"rendered":"<p>[mk_page_section bg_image=&#8221;https:\/\/www.jl-paris.com\/wp-content\/uploads\/2015\/09\/jl-paris-blog-musee-cernushi.jpg&#8221; bg_position=&#8221;center top&#8221; bg_repeat=&#8221;no-repeat&#8221; bg_stretch=&#8221;true&#8221; video_color_mask=&#8221;#000000&#8243; video_opacity=&#8221;0.2&#8243; min_height=&#8221;450&#8243; full_width=&#8221;true&#8221; js_vertical_centered=&#8221;true&#8221; padding_top=&#8221;0&#8243; padding_bottom=&#8221;0&#8243; sidebar=&#8221;sidebar-1&#8243;][vc_column][mk_ornamental_title tag_name=&#8221;h1&#8243; text_color=&#8221;#ffffff&#8221; font_family=&#8221;none&#8221; font_size=&#8221;50&#8243; font_weight=&#8221;300&#8243; txt_transform=&#8221;uppercase&#8221; ornament_style=&#8221;lemo-single&#8221; nss_align=&#8221;center&#8221; margin_bottom=&#8221;0&#8243; el_class=&#8221;texte-ombre-noire&#8221;]Exhibitions[\/mk_ornamental_title][\/vc_column][\/mk_page_section][vc_row css=&#8221;.vc_custom_1480613876900{padding-top: 45px !important;}&#8221;][vc_column][vc_column_text align=&#8221;center&#8221; margin_bottom=&#8221;30&#8243; css=&#8221;.vc_custom_1729696086172{margin-bottom: 30px !important;}&#8221;] With J&amp;L, discover the exhibitions in Paris! Our offers evolve every season with the latest cultural news in Paris! Our 2024\/2025 selection is [&hellip;]<\/p>\n","protected":false},"author":1,"featured_media":33627,"parent":0,"menu_order":30,"comment_status":"closed","ping_status":"closed","template":"","meta":{"_acf_changed":false,"footnotes":""},"class_list":["post-30801","page","type-page","status-publish","has-post-thumbnail","hentry"],"acf":[],"yoast_head":"<!-- This site is optimized with the Yoast SEO plugin v27.1.1 - https:\/\/yoast.com\/product\/yoast-seo-wordpress\/ -->\n<title>Discover the best exhibitions in Paris with your guide!<\/title>\n<meta name=\"description\" content=\"Discover the temporary exhibitions with your tour guide and keep up with all the cultural news of the capital!\" \/>\n<meta name=\"robots\" content=\"index, follow, max-snippet:-1, max-image-preview:large, max-video-preview:-1\" \/>\n<link rel=\"canonical\" href=\"https:\/\/www.jl-paris.com\/en\/exhibitions-paris\/\" \/>\n<meta property=\"og:locale\" content=\"en_US\" \/>\n<meta property=\"og:type\" content=\"article\" \/>\n<meta property=\"og:title\" content=\"Discover the best exhibitions in Paris with your guide!\" \/>\n<meta property=\"og:description\" content=\"Discover the temporary exhibitions with your tour guide and keep up with all the cultural news of the capital!\" \/>\n<meta property=\"og:url\" content=\"https:\/\/www.jl-paris.com\/en\/exhibitions-paris\/\" \/>\n<meta property=\"og:site_name\" content=\"J&amp;L Paris\" \/>\n<meta property=\"article:publisher\" content=\"https:\/\/www.facebook.com\/jlparis.agency\/\" \/>\n<meta property=\"article:modified_time\" content=\"2024-12-04T19:48:57+00:00\" \/>\n<meta property=\"og:image\" content=\"https:\/\/www.jl-paris.com\/wp-content\/uploads\/2020\/01\/jl-paris-expositions-temporaires-man-ray-luxembourg-offre-speciale.jpg\" \/>\n\t<meta property=\"og:image:width\" content=\"500\" \/>\n\t<meta property=\"og:image:height\" content=\"330\" \/>\n\t<meta property=\"og:image:type\" content=\"image\/jpeg\" \/>\n<meta name=\"twitter:card\" content=\"summary_large_image\" \/>\n<meta name=\"twitter:site\" content=\"@JLParisagency\" \/>\n<meta name=\"twitter:label1\" content=\"Est. reading time\" \/>\n\t<meta name=\"twitter:data1\" content=\"3 minutes\" \/>\n<script type=\"application\/ld+json\" class=\"yoast-schema-graph\">{\"@context\":\"https:\/\/schema.org\",\"@graph\":[{\"@type\":\"WebPage\",\"@id\":\"https:\/\/www.jl-paris.com\/en\/exhibitions-paris\/\",\"url\":\"https:\/\/www.jl-paris.com\/en\/exhibitions-paris\/\",\"name\":\"Discover the best exhibitions in Paris with your guide!\",\"isPartOf\":{\"@id\":\"https:\/\/www.jl-paris.com\/en\/#website\"},\"primaryImageOfPage\":{\"@id\":\"https:\/\/www.jl-paris.com\/en\/exhibitions-paris\/#primaryimage\"},\"image\":{\"@id\":\"https:\/\/www.jl-paris.com\/en\/exhibitions-paris\/#primaryimage\"},\"thumbnailUrl\":\"https:\/\/www.jl-paris.com\/wp-content\/uploads\/2020\/01\/jl-paris-expositions-temporaires-man-ray-luxembourg-offre-speciale.jpg\",\"datePublished\":\"2016-11-26T01:42:14+00:00\",\"dateModified\":\"2024-12-04T19:48:57+00:00\",\"description\":\"Discover the temporary exhibitions with your tour guide and keep up with all the cultural news of the capital!\",\"breadcrumb\":{\"@id\":\"https:\/\/www.jl-paris.com\/en\/exhibitions-paris\/#breadcrumb\"},\"inLanguage\":\"en-US\",\"potentialAction\":[{\"@type\":\"ReadAction\",\"target\":[\"https:\/\/www.jl-paris.com\/en\/exhibitions-paris\/\"]}]},{\"@type\":\"ImageObject\",\"inLanguage\":\"en-US\",\"@id\":\"https:\/\/www.jl-paris.com\/en\/exhibitions-paris\/#primaryimage\",\"url\":\"https:\/\/www.jl-paris.com\/wp-content\/uploads\/2020\/01\/jl-paris-expositions-temporaires-man-ray-luxembourg-offre-speciale.jpg\",\"contentUrl\":\"https:\/\/www.jl-paris.com\/wp-content\/uploads\/2020\/01\/jl-paris-expositions-temporaires-man-ray-luxembourg-offre-speciale.jpg\",\"width\":500,\"height\":330,\"caption\":\"Man Ray et la Mode Mus\u00e9e du Luxembourg\"},{\"@type\":\"BreadcrumbList\",\"@id\":\"https:\/\/www.jl-paris.com\/en\/exhibitions-paris\/#breadcrumb\",\"itemListElement\":[{\"@type\":\"ListItem\",\"position\":1,\"name\":\"Accueil\",\"item\":\"https:\/\/www.jl-paris.com\/en\/\"},{\"@type\":\"ListItem\",\"position\":2,\"name\":\"Exhibitions\"}]},{\"@type\":\"WebSite\",\"@id\":\"https:\/\/www.jl-paris.com\/en\/#website\",\"url\":\"https:\/\/www.jl-paris.com\/en\/\",\"name\":\"J&amp;L Paris\",\"description\":\"Visite guid\u00e9es, parcours, conf\u00e9rences \u00e0 Paris\",\"publisher\":{\"@id\":\"https:\/\/www.jl-paris.com\/en\/#organization\"},\"potentialAction\":[{\"@type\":\"SearchAction\",\"target\":{\"@type\":\"EntryPoint\",\"urlTemplate\":\"https:\/\/www.jl-paris.com\/en\/?s={search_term_string}\"},\"query-input\":{\"@type\":\"PropertyValueSpecification\",\"valueRequired\":true,\"valueName\":\"search_term_string\"}}],\"inLanguage\":\"en-US\"},{\"@type\":\"Organization\",\"@id\":\"https:\/\/www.jl-paris.com\/en\/#organization\",\"name\":\"J&L Paris\",\"url\":\"https:\/\/www.jl-paris.com\/en\/\",\"logo\":{\"@type\":\"ImageObject\",\"inLanguage\":\"en-US\",\"@id\":\"https:\/\/www.jl-paris.com\/en\/#\/schema\/logo\/image\/\",\"url\":\"https:\/\/www.jl-paris.com\/wp-content\/uploads\/2016\/11\/jl-paris-biography.jpg\",\"contentUrl\":\"https:\/\/www.jl-paris.com\/wp-content\/uploads\/2016\/11\/jl-paris-biography.jpg\",\"width\":400,\"height\":400,\"caption\":\"J&L Paris\"},\"image\":{\"@id\":\"https:\/\/www.jl-paris.com\/en\/#\/schema\/logo\/image\/\"},\"sameAs\":[\"https:\/\/www.facebook.com\/jlparis.agency\/\",\"https:\/\/x.com\/JLParisagency\",\"https:\/\/www.instagram.com\/jl_paris\/\",\"https:\/\/www.linkedin.com\/company\/10237378\/\"]}]}<\/script>\n<!-- \/ Yoast SEO plugin. -->","yoast_head_json":{"title":"Discover the best exhibitions in Paris with your guide!","description":"Discover the temporary exhibitions with your tour guide and keep up with all the cultural news of the capital!","robots":{"index":"index","follow":"follow","max-snippet":"max-snippet:-1","max-image-preview":"max-image-preview:large","max-video-preview":"max-video-preview:-1"},"canonical":"https:\/\/www.jl-paris.com\/en\/exhibitions-paris\/","og_locale":"en_US","og_type":"article","og_title":"Discover the best exhibitions in Paris with your guide!","og_description":"Discover the temporary exhibitions with your tour guide and keep up with all the cultural news of the capital!","og_url":"https:\/\/www.jl-paris.com\/en\/exhibitions-paris\/","og_site_name":"J&amp;L Paris","article_publisher":"https:\/\/www.facebook.com\/jlparis.agency\/","article_modified_time":"2024-12-04T19:48:57+00:00","og_image":[{"width":500,"height":330,"url":"https:\/\/www.jl-paris.com\/wp-content\/uploads\/2020\/01\/jl-paris-expositions-temporaires-man-ray-luxembourg-offre-speciale.jpg","type":"image\/jpeg"}],"twitter_card":"summary_large_image","twitter_site":"@JLParisagency","twitter_misc":{"Est. reading time":"3 minutes"},"schema":{"@context":"https:\/\/schema.org","@graph":[{"@type":"WebPage","@id":"https:\/\/www.jl-paris.com\/en\/exhibitions-paris\/","url":"https:\/\/www.jl-paris.com\/en\/exhibitions-paris\/","name":"Discover the best exhibitions in Paris with your guide!","isPartOf":{"@id":"https:\/\/www.jl-paris.com\/en\/#website"},"primaryImageOfPage":{"@id":"https:\/\/www.jl-paris.com\/en\/exhibitions-paris\/#primaryimage"},"image":{"@id":"https:\/\/www.jl-paris.com\/en\/exhibitions-paris\/#primaryimage"},"thumbnailUrl":"https:\/\/www.jl-paris.com\/wp-content\/uploads\/2020\/01\/jl-paris-expositions-temporaires-man-ray-luxembourg-offre-speciale.jpg","datePublished":"2016-11-26T01:42:14+00:00","dateModified":"2024-12-04T19:48:57+00:00","description":"Discover the temporary exhibitions with your tour guide and keep up with all the cultural news of the capital!","breadcrumb":{"@id":"https:\/\/www.jl-paris.com\/en\/exhibitions-paris\/#breadcrumb"},"inLanguage":"en-US","potentialAction":[{"@type":"ReadAction","target":["https:\/\/www.jl-paris.com\/en\/exhibitions-paris\/"]}]},{"@type":"ImageObject","inLanguage":"en-US","@id":"https:\/\/www.jl-paris.com\/en\/exhibitions-paris\/#primaryimage","url":"https:\/\/www.jl-paris.com\/wp-content\/uploads\/2020\/01\/jl-paris-expositions-temporaires-man-ray-luxembourg-offre-speciale.jpg","contentUrl":"https:\/\/www.jl-paris.com\/wp-content\/uploads\/2020\/01\/jl-paris-expositions-temporaires-man-ray-luxembourg-offre-speciale.jpg","width":500,"height":330,"caption":"Man Ray et la Mode Mus\u00e9e du Luxembourg"},{"@type":"BreadcrumbList","@id":"https:\/\/www.jl-paris.com\/en\/exhibitions-paris\/#breadcrumb","itemListElement":[{"@type":"ListItem","position":1,"name":"Accueil","item":"https:\/\/www.jl-paris.com\/en\/"},{"@type":"ListItem","position":2,"name":"Exhibitions"}]},{"@type":"WebSite","@id":"https:\/\/www.jl-paris.com\/en\/#website","url":"https:\/\/www.jl-paris.com\/en\/","name":"J&amp;L Paris","description":"Visite guid\u00e9es, parcours, conf\u00e9rences \u00e0 Paris","publisher":{"@id":"https:\/\/www.jl-paris.com\/en\/#organization"},"potentialAction":[{"@type":"SearchAction","target":{"@type":"EntryPoint","urlTemplate":"https:\/\/www.jl-paris.com\/en\/?s={search_term_string}"},"query-input":{"@type":"PropertyValueSpecification","valueRequired":true,"valueName":"search_term_string"}}],"inLanguage":"en-US"},{"@type":"Organization","@id":"https:\/\/www.jl-paris.com\/en\/#organization","name":"J&L Paris","url":"https:\/\/www.jl-paris.com\/en\/","logo":{"@type":"ImageObject","inLanguage":"en-US","@id":"https:\/\/www.jl-paris.com\/en\/#\/schema\/logo\/image\/","url":"https:\/\/www.jl-paris.com\/wp-content\/uploads\/2016\/11\/jl-paris-biography.jpg","contentUrl":"https:\/\/www.jl-paris.com\/wp-content\/uploads\/2016\/11\/jl-paris-biography.jpg","width":400,"height":400,"caption":"J&L Paris"},"image":{"@id":"https:\/\/www.jl-paris.com\/en\/#\/schema\/logo\/image\/"},"sameAs":["https:\/\/www.facebook.com\/jlparis.agency\/","https:\/\/x.com\/JLParisagency","https:\/\/www.instagram.com\/jl_paris\/","https:\/\/www.linkedin.com\/company\/10237378\/"]}]}},"_links":{"self":[{"href":"https:\/\/www.jl-paris.com\/en\/wp-json\/wp\/v2\/pages\/30801","targetHints":{"allow":["GET"]}}],"collection":[{"href":"https:\/\/www.jl-paris.com\/en\/wp-json\/wp\/v2\/pages"}],"about":[{"href":"https:\/\/www.jl-paris.com\/en\/wp-json\/wp\/v2\/types\/page"}],"author":[{"embeddable":true,"href":"https:\/\/www.jl-paris.com\/en\/wp-json\/wp\/v2\/users\/1"}],"replies":[{"embeddable":true,"href":"https:\/\/www.jl-paris.com\/en\/wp-json\/wp\/v2\/comments?post=30801"}],"version-history":[{"count":42,"href":"https:\/\/www.jl-paris.com\/en\/wp-json\/wp\/v2\/pages\/30801\/revisions"}],"predecessor-version":[{"id":37687,"href":"https:\/\/www.jl-paris.com\/en\/wp-json\/wp\/v2\/pages\/30801\/revisions\/37687"}],"wp:featuredmedia":[{"embeddable":true,"href":"https:\/\/www.jl-paris.com\/en\/wp-json\/wp\/v2\/media\/33627"}],"wp:attachment":[{"href":"https:\/\/www.jl-paris.com\/en\/wp-json\/wp\/v2\/media?parent=30801"}],"curies":[{"name":"wp","href":"https:\/\/api.w.org\/{rel}","templated":true}]}}