{"id":30658,"date":"2016-11-30T20:59:06","date_gmt":"2016-11-30T19:59:06","guid":{"rendered":"https:\/\/www.jl-paris.com\/tours\/classic-tours\/monuments\/"},"modified":"2024-02-21T15:11:39","modified_gmt":"2024-02-21T14:11:39","slug":"monuments","status":"publish","type":"page","link":"https:\/\/www.jl-paris.com\/en\/paris\/classic-tours\/monuments\/","title":{"rendered":"Monuments"},"content":{"rendered":"<div class=\"wpb-content-wrapper\">[mk_page_section bg_image=&#8221;https:\/\/www.jl-paris.com\/wp-content\/uploads\/2016\/11\/jl-paris-parcours-classiques-monuments-opera-garnier-presentation3.jpg&#8221; bg_position=&#8221;center top&#8221; bg_repeat=&#8221;no-repeat&#8221; bg_stretch=&#8221;true&#8221; video_color_mask=&#8221;#000000&#8243; video_opacity=&#8221;0.2&#8243; min_height=&#8221;450&#8243; full_width=&#8221;true&#8221; js_vertical_centered=&#8221;true&#8221; padding_top=&#8221;0&#8243; padding_bottom=&#8221;0&#8243; sidebar=&#8221;sidebar-1&#8243;][vc_column][mk_ornamental_title tag_name=&#8221;h1&#8243; text_color=&#8221;#ffffff&#8221; font_family=&#8221;none&#8221; font_size=&#8221;50&#8243; font_weight=&#8221;300&#8243; txt_transform=&#8221;uppercase&#8221; ornament_style=&#8221;lemo-single&#8221; nss_align=&#8221;center&#8221; margin_bottom=&#8221;0&#8243; el_class=&#8221;texte-ombre-noire&#8221;]Monuments[\/mk_ornamental_title][\/vc_column][\/mk_page_section][mk_page_section min_height=&#8221;0&#8243; js_vertical_centered=&#8221;true&#8221; padding_top=&#8221;60&#8243; padding_bottom=&#8221;60&#8243; sidebar=&#8221;sidebar-1&#8243;][vc_column][vc_tabs container_bg_color=&#8221;#ededed&#8221;][vc_tab title=&#8221;Eiffel Tower&#8221; tab_id=&#8221;1480527279904-6-3&#8243;][mk_fancy_title color=&#8221;#e7ad9c&#8221; size=&#8221;22&#8243; font_weight=&#8221;300&#8243; letter_spacing=&#8221;2&#8243; font_family=&#8221;none&#8221; align=&#8221;center&#8221;]<strong>EIFFEL TOWER<\/strong>[\/mk_fancy_title][vc_row_inner][vc_column_inner width=&#8221;1\/2&#8243;][mk_image src=&#8221;https:\/\/www.jl-paris.com\/wp-content\/uploads\/2016\/11\/jl-paris-parcours-classiques-monuments-tour-eiffel.jpg&#8221; image_size=&#8221;full&#8221; caption_location=&#8221;outside-image&#8221; align=&#8221;center&#8221; margin_bottom=&#8221;15&#8243;][\/vc_column_inner][vc_column_inner width=&#8221;1\/2&#8243;][vc_column_text disable_pattern=&#8221;false&#8221; css=&#8221;.vc_custom_1582660815786{margin-bottom: 0px !important;}&#8221;]<span style=\"color: #e7ad9c;\">DURATION <\/span>: 2:00<\/p>\n<p style=\"text-align: justify;\"><span style=\"color: #e7ad9c;\">OPENING HOURS <\/span>: 9am-11pm \/ 12am\u00a0(from mid-June to September).<\/p>\n<p><span style=\"color: #e7ad9c;\">NOTE <\/span>: Tickets included<\/p>\n<p style=\"text-align: justify;\"><em>The Eiffel Tower is the most emblematic monument of Paris. Built for the 1889 World Fair, she was supposed to be destroyed after 20 years. Fortunately, its architect Gustave Eiffel, made everything in his power to save it. Follow your guide to explore the most famous monument of France and discover a breathtaking view of Paris.<\/em><\/p>\n[\/vc_column_text][\/vc_column_inner][vc_column_inner offset=&#8221;vc_hidden-xs&#8221;][vc_empty_space height=&#8221;15px&#8221;][mk_fancy_title tag_name=&#8221;h3&#8243; color=&#8221;#e7ad9c&#8221; size=&#8221;18&#8243; font_weight=&#8221;300&#8243; letter_spacing=&#8221;1&#8243; margin_top=&#8221;60&#8243; margin_bottom=&#8221;30&#8243; font_family=&#8221;none&#8221; align=&#8221;center&#8221;]<strong>RECOMMENDED TOURS<\/strong>[\/mk_fancy_title][\/vc_column_inner][vc_column_inner width=&#8221;1\/3&#8243; offset=&#8221;vc_hidden-xs&#8221;][\/vc_column_inner][vc_column_inner width=&#8221;1\/3&#8243; offset=&#8221;vc_hidden-xs&#8221;][mk_image src=&#8221;https:\/\/www.jl-paris.com\/wp-content\/uploads\/2016\/11\/jl-paris-parcours-thematiques-sightseeing.jpg&#8221; image_width=&#8221;300&#8243; image_height=&#8221;200&#8243; align=&#8221;center&#8221; margin_bottom=&#8221;15&#8243;][vc_column_text disable_pattern=&#8221;false&#8221; align=&#8221;center&#8221; css=&#8221;.vc_custom_1581005675539{margin-bottom: 0px !important;}&#8221;]Discovery tour of Paris[\/vc_column_text][mk_button dimension=&#8221;flat&#8221; size=&#8221;medium&#8221; icon=&#8221;mk-moon-info&#8221; icon_anim=&#8221;vertical&#8221; url=&#8221;https:\/\/www.jl-paris.com\/en\/tours\/classic-tours\/districts\/&#8221; align=&#8221;center&#8221; margin_top=&#8221;15&#8243; margin_right=&#8221;0&#8243; bg_color=&#8221;#e7ad9c&#8221; btn_hover_bg=&#8221;#f1cfc5&#8243; btn_hover_txt_color=&#8221;#ffffff&#8221;]MORE[\/mk_button][\/vc_column_inner][vc_column_inner width=&#8221;1\/3&#8243; offset=&#8221;vc_hidden-xs&#8221;][\/vc_column_inner][\/vc_row_inner][vc_column_text]<a name=\"resa\"><\/a>[\/vc_column_text][\/vc_tab][vc_tab title=&#8221;Garnier Opera House&#8221; tab_id=&#8221;1480528139980-6-6&#8243;][mk_fancy_title color=&#8221;#e7ad9c&#8221; size=&#8221;22&#8243; font_weight=&#8221;300&#8243; letter_spacing=&#8221;2&#8243; font_family=&#8221;none&#8221; align=&#8221;center&#8221;]<strong>GARNIER OPERA HOUSE<\/strong>[\/mk_fancy_title][vc_row_inner][vc_column_inner width=&#8221;1\/2&#8243;][mk_image src=&#8221;https:\/\/www.jl-paris.com\/wp-content\/uploads\/2016\/11\/jl-paris-parcours-classiques-monuments-opera-garnier.jpg&#8221; image_width=&#8221;500&#8243; image_height=&#8221;330&#8243; caption_location=&#8221;outside-image&#8221; align=&#8221;center&#8221; margin_bottom=&#8221;15&#8243;][\/vc_column_inner][vc_column_inner width=&#8221;1\/2&#8243;][vc_column_text disable_pattern=&#8221;false&#8221; css=&#8221;.vc_custom_1582660755437{margin-bottom: 0px !important;}&#8221;]\n<p style=\"text-align: justify;\"><span style=\"color: #e7ad9c;\">DURATION\u00a0<\/span>: 2:00<\/p>\n<p style=\"text-align: justify;\"><span style=\"color: #e7ad9c;\">OPENING HOURS\u00a0<\/span>: 10am-5pm (6pm from mid-July to end of August). Closed on exceptionally for special performances.<\/p>\n<p style=\"text-align: justify;\"><em>This tour starts in the guests rotunda, where as the yesteryear spectators you will enter into this monument with the honored staircase immersing you into Charles Garnier \u2018s fairyland. Symbol of the Second Empire style, said eclectic, the Opera House beautifully combines 19<sup>th<\/sup> century innovations with the most luxurious materials such as gold, marbles, mosaics and paintings.<\/em><\/p>\n[\/vc_column_text][\/vc_column_inner][vc_column_inner offset=&#8221;vc_hidden-xs&#8221;][vc_empty_space height=&#8221;15px&#8221;][mk_fancy_title tag_name=&#8221;h3&#8243; color=&#8221;#e7ad9c&#8221; size=&#8221;18&#8243; font_weight=&#8221;300&#8243; letter_spacing=&#8221;1&#8243; margin_top=&#8221;60&#8243; margin_bottom=&#8221;30&#8243; font_family=&#8221;none&#8221; align=&#8221;center&#8221;]<strong>RECOMMENDED TOURS<\/strong>[\/mk_fancy_title][\/vc_column_inner][vc_column_inner width=&#8221;1\/3&#8243; offset=&#8221;vc_hidden-xs&#8221;][\/vc_column_inner][vc_column_inner width=&#8221;1\/3&#8243; offset=&#8221;vc_hidden-xs&#8221;][mk_image src=&#8221;https:\/\/www.jl-paris.com\/wp-content\/uploads\/2016\/11\/jl-paris-parcours-thematiques-du-ballet-au-cabaret.jpg&#8221; image_width=&#8221;300&#8243; image_height=&#8221;200&#8243; align=&#8221;center&#8221; margin_bottom=&#8221;15&#8243;][vc_column_text disable_pattern=&#8221;false&#8221; align=&#8221;center&#8221; css=&#8221;.vc_custom_1581005699918{margin-bottom: 0px !important;}&#8221;]Paris Cancan[\/vc_column_text][mk_button dimension=&#8221;flat&#8221; size=&#8221;medium&#8221; icon=&#8221;mk-moon-info&#8221; icon_anim=&#8221;vertical&#8221; url=&#8221;https:\/\/www.jl-paris.com\/en\/tours\/thematic-tours\/&#8221; align=&#8221;center&#8221; margin_top=&#8221;15&#8243; margin_right=&#8221;0&#8243; bg_color=&#8221;#e7ad9c&#8221; btn_hover_bg=&#8221;#f1cfc5&#8243; btn_hover_txt_color=&#8221;#ffffff&#8221;]MORE[\/mk_button][\/vc_column_inner][vc_column_inner width=&#8221;1\/3&#8243; offset=&#8221;vc_hidden-xs&#8221;][\/vc_column_inner][\/vc_row_inner][vc_column_text]<a name=\"resa\"><\/a>[\/vc_column_text][\/vc_tab][vc_tab title=&#8221;Sainte-Chapelle and Conciergerie&#8221; tab_id=&#8221;1480531082520-3-8&#8243;][mk_fancy_title color=&#8221;#e7ad9c&#8221; size=&#8221;22&#8243; font_weight=&#8221;300&#8243; letter_spacing=&#8221;2&#8243; font_family=&#8221;none&#8221; align=&#8221;center&#8221;]<strong>SAINTE-CHAPELLE AND CONCIERGERIE<\/strong>[\/mk_fancy_title][vc_row_inner][vc_column_inner width=&#8221;1\/2&#8243;][mk_image src=&#8221;https:\/\/www.jl-paris.com\/wp-content\/uploads\/2016\/11\/jl-paris-parcours-classiques-monuments-sainte-chapelle.jpg&#8221; image_width=&#8221;500&#8243; image_height=&#8221;330&#8243; caption_location=&#8221;outside-image&#8221; align=&#8221;center&#8221; margin_bottom=&#8221;15&#8243;][\/vc_column_inner][vc_column_inner width=&#8221;1\/2&#8243;][vc_column_text disable_pattern=&#8221;false&#8221; css=&#8221;.vc_custom_1582660769665{margin-bottom: 0px !important;}&#8221;]<span style=\"color: #e7ad9c;\">DURATION <\/span>: 2:00<\/p>\n<p style=\"text-align: justify;\"><span style=\"color: #e7ad9c;\">OPENING HOURS\u00a0<\/span>: 9am-5pm (9:30am-6pm from March to october). From September to June: no access from 1pm to 2:15pm.<\/p>\n<p><span style=\"color: #e7ad9c;\">NOTE <\/span>: Tickets included<\/p>\n<p style=\"text-align: justify;\"><em>Your tour leads you to the preserved parts built from the 10<sup>th<\/sup> to 14<sup>th<\/sup> centuries of the former city royal palace. Your guide will take you to what is left of the Conciergerie prison that welcomed Queen Marie-Antoinette during the Revolution not a long time before her decapitation. The Sainte-Chapel is located in the palace central courtyard since 1248 to keep our relics brought to France by King Saint-Louis from a crusade war. This chapel is a Flamboyant Gothic jewel where stained glass windows seem setting on fire the choir.\u00a0<\/em><\/p>\n[\/vc_column_text][\/vc_column_inner][vc_column_inner offset=&#8221;vc_hidden-xs&#8221;][vc_empty_space height=&#8221;10px&#8221;][mk_fancy_title tag_name=&#8221;h3&#8243; color=&#8221;#e7ad9c&#8221; size=&#8221;18&#8243; font_weight=&#8221;300&#8243; letter_spacing=&#8221;1&#8243; margin_top=&#8221;60&#8243; margin_bottom=&#8221;30&#8243; font_family=&#8221;none&#8221; align=&#8221;center&#8221;]<strong>RECOMMENDED TOURS<\/strong>[\/mk_fancy_title][\/vc_column_inner][vc_column_inner width=&#8221;1\/3&#8243; offset=&#8221;vc_hidden-xs&#8221;][\/vc_column_inner][vc_column_inner width=&#8221;1\/3&#8243; offset=&#8221;vc_hidden-xs&#8221;][mk_image src=&#8221;https:\/\/www.jl-paris.com\/wp-content\/uploads\/2016\/11\/jl-paris-parcours-classiques-quartiers-cite.jpg&#8221; image_width=&#8221;300&#8243; image_height=&#8221;200&#8243; align=&#8221;center&#8221; margin_bottom=&#8221;15&#8243;][vc_column_text disable_pattern=&#8221;false&#8221; align=&#8221;center&#8221;]The Islands[\/vc_column_text][mk_button dimension=&#8221;flat&#8221; size=&#8221;medium&#8221; icon=&#8221;mk-moon-info&#8221; icon_anim=&#8221;vertical&#8221; url=&#8221;https:\/\/www.jl-paris.com\/en\/tours\/classic-tours\/districts\/&#8221; align=&#8221;center&#8221; margin_top=&#8221;15&#8243; margin_right=&#8221;0&#8243; bg_color=&#8221;#e7ad9c&#8221; btn_hover_bg=&#8221;#f1cfc5&#8243; btn_hover_txt_color=&#8221;#ffffff&#8221;]MORE[\/mk_button][\/vc_column_inner][vc_column_inner width=&#8221;1\/3&#8243; offset=&#8221;vc_hidden-xs&#8221;][\/vc_column_inner][\/vc_row_inner][vc_column_text]<a name=\"resa\"><\/a>[\/vc_column_text][\/vc_tab][\/vc_tabs][\/vc_column][\/mk_page_section][mk_page_section bg_color=&#8221;#e7ad9c&#8221; min_height=&#8221;&#8221; full_width=&#8221;true&#8221; js_vertical_centered=&#8221;true&#8221; padding_top=&#8221;30&#8243; padding_bottom=&#8221;30&#8243; top_shape_size=&#8221;small&#8221; top_shape_color=&#8221;#ffffff&#8221; top_shape_bg_color=&#8221;#e7ad9c&#8221; bottom_shape_size=&#8221;small&#8221; bottom_shape_color=&#8221;#ffffff&#8221; bottom_shape_bg_color=&#8221;#e7ad9c&#8221; section_id=&#8221;VP&#8221; sidebar=&#8221;sidebar-1&#8243;][vc_column][mk_fancy_title tag_name=&#8221;h4&#8243; color=&#8221;#ffffff&#8221; size=&#8221;22&#8243; font_weight=&#8221;400&#8243; letter_spacing=&#8221;2&#8243; margin_bottom=&#8221;0&#8243; font_family=&#8221;none&#8221; align=&#8221;center&#8221;]PRIVATE TOURS[\/mk_fancy_title][\/vc_column][\/mk_page_section][mk_page_section min_height=&#8221;0&#8243; js_vertical_centered=&#8221;true&#8221; padding_top=&#8221;30&#8243; padding_bottom=&#8221;30&#8243; sidebar=&#8221;sidebar-1&#8243;][vc_column width=&#8221;1\/6&#8243;][\/vc_column][vc_column width=&#8221;2\/3&#8243;][vc_column_text css=&#8221;.vc_custom_1708520697929{margin-bottom: 0px !important;}&#8221;]\n<p style=\"text-align: center;\">As a couple, a family or with friends, book your all-inclusive offer and enjoy your time with a tour guide just for you!<\/p>\n<p style=\"text-align: center;\">Contact us, we will come back to you in 24 hours with a tailored estimate!<\/p>\n[\/vc_column_text][vc_empty_space height=&#8221;15px&#8221;][mk_font_icons icon=&#8221;mk-moon-cart-add&#8221; color=&#8221;#e7ad9c&#8221; size=&#8221;medium&#8221; align=&#8221;center&#8221;][\/vc_column][vc_column width=&#8221;1\/6&#8243;][\/vc_column][\/mk_page_section][mk_page_section min_height=&#8221;0&#8243; js_vertical_centered=&#8221;true&#8221; padding_top=&#8221;0&#8243; padding_bottom=&#8221;15&#8243; sidebar=&#8221;sidebar-1&#8243;][vc_column][mk_contact_form title=&#8221;A QUESTION? AN ESTIMATE? CONTACT US! : CONTACT@JL-PARIS.COM&#8221; style=&#8221;classic&#8221; captcha=&#8221;false&#8221; gdpr_consent=&#8221;false&#8221;][\/vc_column][\/mk_page_section]\n<\/div>","protected":false},"excerpt":{"rendered":"<p>[mk_page_section bg_image=&#8221;https:\/\/www.jl-paris.com\/wp-content\/uploads\/2016\/11\/jl-paris-parcours-classiques-monuments-opera-garnier-presentation3.jpg&#8221; bg_position=&#8221;center top&#8221; bg_repeat=&#8221;no-repeat&#8221; bg_stretch=&#8221;true&#8221; video_color_mask=&#8221;#000000&#8243; video_opacity=&#8221;0.2&#8243; min_height=&#8221;450&#8243; full_width=&#8221;true&#8221; js_vertical_centered=&#8221;true&#8221; padding_top=&#8221;0&#8243; padding_bottom=&#8221;0&#8243; sidebar=&#8221;sidebar-1&#8243;][vc_column][mk_ornamental_title tag_name=&#8221;h1&#8243; text_color=&#8221;#ffffff&#8221; font_family=&#8221;none&#8221; font_size=&#8221;50&#8243; font_weight=&#8221;300&#8243; txt_transform=&#8221;uppercase&#8221; ornament_style=&#8221;lemo-single&#8221; nss_align=&#8221;center&#8221; margin_bottom=&#8221;0&#8243; el_class=&#8221;texte-ombre-noire&#8221;]Monuments[\/mk_ornamental_title][\/vc_column][\/mk_page_section][mk_page_section min_height=&#8221;0&#8243; js_vertical_centered=&#8221;true&#8221; padding_top=&#8221;60&#8243; padding_bottom=&#8221;60&#8243; sidebar=&#8221;sidebar-1&#8243;][vc_column][vc_tabs container_bg_color=&#8221;#ededed&#8221;][vc_tab title=&#8221;Eiffel Tower&#8221; tab_id=&#8221;1480527279904-6-3&#8243;][mk_fancy_title color=&#8221;#e7ad9c&#8221; size=&#8221;22&#8243; font_weight=&#8221;300&#8243; letter_spacing=&#8221;2&#8243; font_family=&#8221;none&#8221; align=&#8221;center&#8221;]EIFFEL TOWER[\/mk_fancy_title][vc_row_inner][vc_column_inner width=&#8221;1\/2&#8243;][mk_image src=&#8221;https:\/\/www.jl-paris.com\/wp-content\/uploads\/2016\/11\/jl-paris-parcours-classiques-monuments-tour-eiffel.jpg&#8221; image_size=&#8221;full&#8221; caption_location=&#8221;outside-image&#8221; align=&#8221;center&#8221; margin_bottom=&#8221;15&#8243;][\/vc_column_inner][vc_column_inner width=&#8221;1\/2&#8243;][vc_column_text disable_pattern=&#8221;false&#8221; css=&#8221;.vc_custom_1582660815786{margin-bottom: 0px !important;}&#8221;]DURATION : 2:00 OPENING HOURS [&hellip;]<\/p>\n","protected":false},"author":4,"featured_media":32882,"parent":30606,"menu_order":4,"comment_status":"closed","ping_status":"closed","template":"","meta":{"_acf_changed":false,"footnotes":""},"class_list":["post-30658","page","type-page","status-publish","has-post-thumbnail","hentry"],"acf":[],"yoast_head":"<!-- This site is optimized with the Yoast SEO plugin v27.1.1 - https:\/\/yoast.com\/product\/yoast-seo-wordpress\/ -->\n<title>Guided tour in Paris - Our Parisian monuments<\/title>\n<meta name=\"description\" content=\"Discover our tours in Parisian monuments! From the Eiffel Tower to the Opera House or the Sainte-Chapelle, choose the tour made for you!\" \/>\n<meta name=\"robots\" content=\"index, follow, max-snippet:-1, max-image-preview:large, max-video-preview:-1\" \/>\n<link rel=\"canonical\" href=\"https:\/\/www.jl-paris.com\/en\/paris\/classic-tours\/monuments\/\" \/>\n<meta property=\"og:locale\" content=\"en_US\" \/>\n<meta property=\"og:type\" content=\"article\" \/>\n<meta property=\"og:title\" content=\"Guided tour in Paris - Our Parisian monuments\" \/>\n<meta property=\"og:description\" content=\"Discover our tours in Parisian monuments! From the Eiffel Tower to the Opera House or the Sainte-Chapelle, choose the tour made for you!\" \/>\n<meta property=\"og:url\" content=\"https:\/\/www.jl-paris.com\/en\/paris\/classic-tours\/monuments\/\" \/>\n<meta property=\"og:site_name\" content=\"J&amp;L Paris\" \/>\n<meta property=\"article:publisher\" content=\"https:\/\/www.facebook.com\/jlparis.agency\/\" \/>\n<meta property=\"article:modified_time\" content=\"2024-02-21T14:11:39+00:00\" \/>\n<meta property=\"og:image\" content=\"https:\/\/www.jl-paris.com\/wp-content\/uploads\/2016\/11\/jl-paris-parcours-classiques-monuments-opera-garnier.jpg\" \/>\n\t<meta property=\"og:image:width\" content=\"500\" \/>\n\t<meta property=\"og:image:height\" content=\"330\" \/>\n\t<meta property=\"og:image:type\" content=\"image\/jpeg\" \/>\n<meta name=\"twitter:card\" content=\"summary_large_image\" \/>\n<meta name=\"twitter:site\" content=\"@JLParisagency\" \/>\n<meta name=\"twitter:label1\" content=\"Est. reading time\" \/>\n\t<meta name=\"twitter:data1\" content=\"4 minutes\" \/>\n<script type=\"application\/ld+json\" class=\"yoast-schema-graph\">{\"@context\":\"https:\/\/schema.org\",\"@graph\":[{\"@type\":\"WebPage\",\"@id\":\"https:\/\/www.jl-paris.com\/en\/paris\/classic-tours\/monuments\/\",\"url\":\"https:\/\/www.jl-paris.com\/en\/paris\/classic-tours\/monuments\/\",\"name\":\"Guided tour in Paris - Our Parisian monuments\",\"isPartOf\":{\"@id\":\"https:\/\/www.jl-paris.com\/en\/#website\"},\"primaryImageOfPage\":{\"@id\":\"https:\/\/www.jl-paris.com\/en\/paris\/classic-tours\/monuments\/#primaryimage\"},\"image\":{\"@id\":\"https:\/\/www.jl-paris.com\/en\/paris\/classic-tours\/monuments\/#primaryimage\"},\"thumbnailUrl\":\"https:\/\/www.jl-paris.com\/wp-content\/uploads\/2016\/11\/jl-paris-parcours-classiques-monuments-opera-garnier.jpg\",\"datePublished\":\"2016-11-30T19:59:06+00:00\",\"dateModified\":\"2024-02-21T14:11:39+00:00\",\"description\":\"Discover our tours in Parisian monuments! From the Eiffel Tower to the Opera House or the Sainte-Chapelle, choose the tour made for you!\",\"breadcrumb\":{\"@id\":\"https:\/\/www.jl-paris.com\/en\/paris\/classic-tours\/monuments\/#breadcrumb\"},\"inLanguage\":\"en-US\",\"potentialAction\":[{\"@type\":\"ReadAction\",\"target\":[\"https:\/\/www.jl-paris.com\/en\/paris\/classic-tours\/monuments\/\"]}]},{\"@type\":\"ImageObject\",\"inLanguage\":\"en-US\",\"@id\":\"https:\/\/www.jl-paris.com\/en\/paris\/classic-tours\/monuments\/#primaryimage\",\"url\":\"https:\/\/www.jl-paris.com\/wp-content\/uploads\/2016\/11\/jl-paris-parcours-classiques-monuments-opera-garnier.jpg\",\"contentUrl\":\"https:\/\/www.jl-paris.com\/wp-content\/uploads\/2016\/11\/jl-paris-parcours-classiques-monuments-opera-garnier.jpg\",\"width\":500,\"height\":330},{\"@type\":\"BreadcrumbList\",\"@id\":\"https:\/\/www.jl-paris.com\/en\/paris\/classic-tours\/monuments\/#breadcrumb\",\"itemListElement\":[{\"@type\":\"ListItem\",\"position\":1,\"name\":\"Accueil\",\"item\":\"https:\/\/www.jl-paris.com\/en\/\"},{\"@type\":\"ListItem\",\"position\":2,\"name\":\"Paris\",\"item\":\"https:\/\/www.jl-paris.com\/en\/paris\/\"},{\"@type\":\"ListItem\",\"position\":3,\"name\":\"Classic Tours\",\"item\":\"https:\/\/www.jl-paris.com\/en\/paris\/classic-tours\/\"},{\"@type\":\"ListItem\",\"position\":4,\"name\":\"Monuments\"}]},{\"@type\":\"WebSite\",\"@id\":\"https:\/\/www.jl-paris.com\/en\/#website\",\"url\":\"https:\/\/www.jl-paris.com\/en\/\",\"name\":\"J&amp;L Paris\",\"description\":\"Visite guid\u00e9es, parcours, conf\u00e9rences \u00e0 Paris\",\"publisher\":{\"@id\":\"https:\/\/www.jl-paris.com\/en\/#organization\"},\"potentialAction\":[{\"@type\":\"SearchAction\",\"target\":{\"@type\":\"EntryPoint\",\"urlTemplate\":\"https:\/\/www.jl-paris.com\/en\/?s={search_term_string}\"},\"query-input\":{\"@type\":\"PropertyValueSpecification\",\"valueRequired\":true,\"valueName\":\"search_term_string\"}}],\"inLanguage\":\"en-US\"},{\"@type\":\"Organization\",\"@id\":\"https:\/\/www.jl-paris.com\/en\/#organization\",\"name\":\"J&L Paris\",\"url\":\"https:\/\/www.jl-paris.com\/en\/\",\"logo\":{\"@type\":\"ImageObject\",\"inLanguage\":\"en-US\",\"@id\":\"https:\/\/www.jl-paris.com\/en\/#\/schema\/logo\/image\/\",\"url\":\"https:\/\/www.jl-paris.com\/wp-content\/uploads\/2016\/11\/jl-paris-biography.jpg\",\"contentUrl\":\"https:\/\/www.jl-paris.com\/wp-content\/uploads\/2016\/11\/jl-paris-biography.jpg\",\"width\":400,\"height\":400,\"caption\":\"J&L Paris\"},\"image\":{\"@id\":\"https:\/\/www.jl-paris.com\/en\/#\/schema\/logo\/image\/\"},\"sameAs\":[\"https:\/\/www.facebook.com\/jlparis.agency\/\",\"https:\/\/x.com\/JLParisagency\",\"https:\/\/www.instagram.com\/jl_paris\/\",\"https:\/\/www.linkedin.com\/company\/10237378\/\"]}]}<\/script>\n<!-- \/ Yoast SEO plugin. -->","yoast_head_json":{"title":"Guided tour in Paris - Our Parisian monuments","description":"Discover our tours in Parisian monuments! From the Eiffel Tower to the Opera House or the Sainte-Chapelle, choose the tour made for you!","robots":{"index":"index","follow":"follow","max-snippet":"max-snippet:-1","max-image-preview":"max-image-preview:large","max-video-preview":"max-video-preview:-1"},"canonical":"https:\/\/www.jl-paris.com\/en\/paris\/classic-tours\/monuments\/","og_locale":"en_US","og_type":"article","og_title":"Guided tour in Paris - Our Parisian monuments","og_description":"Discover our tours in Parisian monuments! From the Eiffel Tower to the Opera House or the Sainte-Chapelle, choose the tour made for you!","og_url":"https:\/\/www.jl-paris.com\/en\/paris\/classic-tours\/monuments\/","og_site_name":"J&amp;L Paris","article_publisher":"https:\/\/www.facebook.com\/jlparis.agency\/","article_modified_time":"2024-02-21T14:11:39+00:00","og_image":[{"width":500,"height":330,"url":"https:\/\/www.jl-paris.com\/wp-content\/uploads\/2016\/11\/jl-paris-parcours-classiques-monuments-opera-garnier.jpg","type":"image\/jpeg"}],"twitter_card":"summary_large_image","twitter_site":"@JLParisagency","twitter_misc":{"Est. reading time":"4 minutes"},"schema":{"@context":"https:\/\/schema.org","@graph":[{"@type":"WebPage","@id":"https:\/\/www.jl-paris.com\/en\/paris\/classic-tours\/monuments\/","url":"https:\/\/www.jl-paris.com\/en\/paris\/classic-tours\/monuments\/","name":"Guided tour in Paris - Our Parisian monuments","isPartOf":{"@id":"https:\/\/www.jl-paris.com\/en\/#website"},"primaryImageOfPage":{"@id":"https:\/\/www.jl-paris.com\/en\/paris\/classic-tours\/monuments\/#primaryimage"},"image":{"@id":"https:\/\/www.jl-paris.com\/en\/paris\/classic-tours\/monuments\/#primaryimage"},"thumbnailUrl":"https:\/\/www.jl-paris.com\/wp-content\/uploads\/2016\/11\/jl-paris-parcours-classiques-monuments-opera-garnier.jpg","datePublished":"2016-11-30T19:59:06+00:00","dateModified":"2024-02-21T14:11:39+00:00","description":"Discover our tours in Parisian monuments! From the Eiffel Tower to the Opera House or the Sainte-Chapelle, choose the tour made for you!","breadcrumb":{"@id":"https:\/\/www.jl-paris.com\/en\/paris\/classic-tours\/monuments\/#breadcrumb"},"inLanguage":"en-US","potentialAction":[{"@type":"ReadAction","target":["https:\/\/www.jl-paris.com\/en\/paris\/classic-tours\/monuments\/"]}]},{"@type":"ImageObject","inLanguage":"en-US","@id":"https:\/\/www.jl-paris.com\/en\/paris\/classic-tours\/monuments\/#primaryimage","url":"https:\/\/www.jl-paris.com\/wp-content\/uploads\/2016\/11\/jl-paris-parcours-classiques-monuments-opera-garnier.jpg","contentUrl":"https:\/\/www.jl-paris.com\/wp-content\/uploads\/2016\/11\/jl-paris-parcours-classiques-monuments-opera-garnier.jpg","width":500,"height":330},{"@type":"BreadcrumbList","@id":"https:\/\/www.jl-paris.com\/en\/paris\/classic-tours\/monuments\/#breadcrumb","itemListElement":[{"@type":"ListItem","position":1,"name":"Accueil","item":"https:\/\/www.jl-paris.com\/en\/"},{"@type":"ListItem","position":2,"name":"Paris","item":"https:\/\/www.jl-paris.com\/en\/paris\/"},{"@type":"ListItem","position":3,"name":"Classic Tours","item":"https:\/\/www.jl-paris.com\/en\/paris\/classic-tours\/"},{"@type":"ListItem","position":4,"name":"Monuments"}]},{"@type":"WebSite","@id":"https:\/\/www.jl-paris.com\/en\/#website","url":"https:\/\/www.jl-paris.com\/en\/","name":"J&amp;L Paris","description":"Visite guid\u00e9es, parcours, conf\u00e9rences \u00e0 Paris","publisher":{"@id":"https:\/\/www.jl-paris.com\/en\/#organization"},"potentialAction":[{"@type":"SearchAction","target":{"@type":"EntryPoint","urlTemplate":"https:\/\/www.jl-paris.com\/en\/?s={search_term_string}"},"query-input":{"@type":"PropertyValueSpecification","valueRequired":true,"valueName":"search_term_string"}}],"inLanguage":"en-US"},{"@type":"Organization","@id":"https:\/\/www.jl-paris.com\/en\/#organization","name":"J&L Paris","url":"https:\/\/www.jl-paris.com\/en\/","logo":{"@type":"ImageObject","inLanguage":"en-US","@id":"https:\/\/www.jl-paris.com\/en\/#\/schema\/logo\/image\/","url":"https:\/\/www.jl-paris.com\/wp-content\/uploads\/2016\/11\/jl-paris-biography.jpg","contentUrl":"https:\/\/www.jl-paris.com\/wp-content\/uploads\/2016\/11\/jl-paris-biography.jpg","width":400,"height":400,"caption":"J&L Paris"},"image":{"@id":"https:\/\/www.jl-paris.com\/en\/#\/schema\/logo\/image\/"},"sameAs":["https:\/\/www.facebook.com\/jlparis.agency\/","https:\/\/x.com\/JLParisagency","https:\/\/www.instagram.com\/jl_paris\/","https:\/\/www.linkedin.com\/company\/10237378\/"]}]}},"_links":{"self":[{"href":"https:\/\/www.jl-paris.com\/en\/wp-json\/wp\/v2\/pages\/30658","targetHints":{"allow":["GET"]}}],"collection":[{"href":"https:\/\/www.jl-paris.com\/en\/wp-json\/wp\/v2\/pages"}],"about":[{"href":"https:\/\/www.jl-paris.com\/en\/wp-json\/wp\/v2\/types\/page"}],"author":[{"embeddable":true,"href":"https:\/\/www.jl-paris.com\/en\/wp-json\/wp\/v2\/users\/4"}],"replies":[{"embeddable":true,"href":"https:\/\/www.jl-paris.com\/en\/wp-json\/wp\/v2\/comments?post=30658"}],"version-history":[{"count":3,"href":"https:\/\/www.jl-paris.com\/en\/wp-json\/wp\/v2\/pages\/30658\/revisions"}],"predecessor-version":[{"id":37229,"href":"https:\/\/www.jl-paris.com\/en\/wp-json\/wp\/v2\/pages\/30658\/revisions\/37229"}],"up":[{"embeddable":true,"href":"https:\/\/www.jl-paris.com\/en\/wp-json\/wp\/v2\/pages\/30606"}],"wp:featuredmedia":[{"embeddable":true,"href":"https:\/\/www.jl-paris.com\/en\/wp-json\/wp\/v2\/media\/32882"}],"wp:attachment":[{"href":"https:\/\/www.jl-paris.com\/en\/wp-json\/wp\/v2\/media?parent=30658"}],"curies":[{"name":"wp","href":"https:\/\/api.w.org\/{rel}","templated":true}]}}