{"id":30606,"date":"2016-11-25T20:42:32","date_gmt":"2016-11-25T19:42:32","guid":{"rendered":"https:\/\/www.jl-paris.com\/tours\/classic-tours\/"},"modified":"2022-03-03T16:53:40","modified_gmt":"2022-03-03T15:53:40","slug":"classic-tours","status":"publish","type":"page","link":"https:\/\/www.jl-paris.com\/en\/paris\/classic-tours\/","title":{"rendered":"Classic Tours"},"content":{"rendered":"<div class=\"wpb-content-wrapper\">[mk_page_section bg_image=&#8221;https:\/\/www.jl-paris.com\/wp-content\/uploads\/2016\/11\/jl-paris-parcours-classiques-1.jpg&#8221; bg_position=&#8221;center top&#8221; bg_repeat=&#8221;no-repeat&#8221; bg_stretch=&#8221;true&#8221; video_color_mask=&#8221;#000000&#8243; video_opacity=&#8221;0.2&#8243; min_height=&#8221;450&#8243; full_width=&#8221;true&#8221; js_vertical_centered=&#8221;true&#8221; padding_top=&#8221;0&#8243; padding_bottom=&#8221;0&#8243; section_id=&#8221;top&#8221; sidebar=&#8221;sidebar-1&#8243;][vc_column][mk_ornamental_title tag_name=&#8221;h1&#8243; text_color=&#8221;#ffffff&#8221; font_family=&#8221;none&#8221; font_size=&#8221;50&#8243; font_weight=&#8221;300&#8243; txt_transform=&#8221;uppercase&#8221; ornament_style=&#8221;lemo-single&#8221; nss_align=&#8221;center&#8221; margin_bottom=&#8221;0&#8243; el_class=&#8221;texte-ombre-noire&#8221;]CLASSIC TOURS[\/mk_ornamental_title][\/vc_column][\/mk_page_section][vc_row][vc_column width=&#8221;1\/6&#8243;][\/vc_column][vc_column width=&#8221;2\/3&#8243;][vc_empty_space height=&#8221;45px&#8221;][vc_column_text css=&#8221;.vc_custom_1543927006758{margin-bottom: 0px !important;}&#8221;]\n<p style=\"text-align: center;\">Classic tours include our guided tours in Parisian <a href=\"https:\/\/www.jl-paris.com\/en\/tours\/classic-tours\/museums\/\">Museums<\/a>, <a href=\"https:\/\/www.jl-paris.com\/en\/tours\/classic-tours\/districts\/\">Districts<\/a>, <a href=\"https:\/\/www.jl-paris.com\/en\/tours\/classic-tours\/castles-2\/\">Castles<\/a> or <a href=\"https:\/\/www.jl-paris.com\/en\/tours\/classic-tours\/monuments\/\">monuments<\/a>.<\/p>\n<p style=\"text-align: center;\">Discover all our guided tours in Paris!<\/p>\n[\/vc_column_text][vc_empty_space height=&#8221;30px&#8221;][\/vc_column][vc_column width=&#8221;1\/6&#8243;][\/vc_column][\/vc_row][vc_row fullwidth=&#8221;true&#8221; equal_columns=&#8221;true&#8221; attached=&#8221;true&#8221; column_padding=&#8221;1&#8243; css=&#8221;.vc_custom_1480105599078{margin-bottom: 60px !important;}&#8221;][vc_column width=&#8221;1\/4&#8243; offset=&#8221;vc_col-lg-offset-0 vc_col-md-offset-0 vc_col-sm-offset-0 vc_col-xs-offset-1 vc_col-xs-10&#8243;][mk_custom_box padding_vertical=&#8221;25&#8243; padding_horizental=&#8221;0&#8243; margin_bottom=&#8221;0&#8243; min_height=&#8221;255&#8243; bg_image=&#8221;https:\/\/www.jl-paris.com\/wp-content\/uploads\/2016\/11\/jl-paris-parcours-classiques-musees.jpg&#8221; bg_stretch=&#8221;true&#8221;][\/mk_custom_box][mk_button dimension=&#8221;flat&#8221; size=&#8221;large&#8221; url=&#8221;https:\/\/www.jl-paris.com\/en\/tours\/classic-tours\/museums\/&#8221; align=&#8221;center&#8221; fullwidth=&#8221;true&#8221; margin_bottom=&#8221;0&#8243; margin_right=&#8221;0&#8243; btn_hover_bg=&#8221;#e29c87&#8243; btn_hover_txt_color=&#8221;#ffffff&#8221;]MUSEUMS[\/mk_button][\/vc_column][vc_column width=&#8221;1\/4&#8243; offset=&#8221;vc_col-lg-offset-0 vc_col-md-offset-0 vc_col-sm-offset-0 vc_col-xs-offset-1 vc_col-xs-10&#8243;][mk_custom_box padding_vertical=&#8221;25&#8243; padding_horizental=&#8221;0&#8243; margin_bottom=&#8221;0&#8243; min_height=&#8221;255&#8243; bg_color=&#8221;#e7ad9c&#8221; bg_image=&#8221;https:\/\/www.jl-paris.com\/wp-content\/uploads\/2016\/11\/jl-paris-parcours-classiques-quartiers.jpg&#8221; bg_stretch=&#8221;true&#8221;][\/mk_custom_box][mk_button dimension=&#8221;flat&#8221; size=&#8221;large&#8221; url=&#8221;https:\/\/www.jl-paris.com\/en\/tours\/classic-tours\/districts\/&#8221; align=&#8221;center&#8221; fullwidth=&#8221;true&#8221; margin_right=&#8221;0&#8243; btn_hover_bg=&#8221;#e29c87&#8243; btn_hover_txt_color=&#8221;#ffffff&#8221;]DISTRICTS[\/mk_button][\/vc_column][vc_column width=&#8221;1\/4&#8243; offset=&#8221;vc_col-lg-offset-0 vc_col-md-offset-0 vc_col-sm-offset-0 vc_col-xs-offset-1 vc_col-xs-10&#8243;][mk_custom_box padding_vertical=&#8221;25&#8243; padding_horizental=&#8221;0&#8243; margin_bottom=&#8221;0&#8243; min_height=&#8221;255&#8243; bg_color=&#8221;#e7ad9c&#8221; bg_image=&#8221;https:\/\/www.jl-paris.com\/wp-content\/uploads\/2016\/11\/jl-paris-parcours-classiques-chateaux.jpg&#8221; bg_stretch=&#8221;true&#8221;][\/mk_custom_box][mk_button dimension=&#8221;flat&#8221; size=&#8221;large&#8221; url=&#8221;https:\/\/www.jl-paris.com\/en\/tours\/classic-tours\/castles-2\/&#8221; align=&#8221;center&#8221; fullwidth=&#8221;true&#8221; margin_right=&#8221;0&#8243; btn_hover_bg=&#8221;#e29c87&#8243; btn_hover_txt_color=&#8221;#ffffff&#8221;]CASTLES [\/mk_button][\/vc_column][vc_column width=&#8221;1\/4&#8243; offset=&#8221;vc_col-lg-offset-0 vc_col-md-offset-0 vc_col-sm-offset-0 vc_col-xs-offset-1 vc_col-xs-10&#8243;][mk_custom_box padding_vertical=&#8221;25&#8243; padding_horizental=&#8221;0&#8243; margin_bottom=&#8221;0&#8243; min_height=&#8221;255&#8243; bg_color=&#8221;#e7ad9c&#8221; bg_image=&#8221;https:\/\/www.jl-paris.com\/wp-content\/uploads\/2016\/11\/jl-paris-parcours-classiques-monuments.jpg&#8221; bg_stretch=&#8221;true&#8221;][\/mk_custom_box][mk_button dimension=&#8221;flat&#8221; size=&#8221;large&#8221; url=&#8221;https:\/\/www.jl-paris.com\/en\/tours\/classic-tours\/monuments\/&#8221; align=&#8221;center&#8221; fullwidth=&#8221;true&#8221; margin_right=&#8221;0&#8243; btn_hover_bg=&#8221;#e29c87&#8243; btn_hover_txt_color=&#8221;#ffffff&#8221;]MONUMENTS[\/mk_button][\/vc_column][\/vc_row]\n<\/div>","protected":false},"excerpt":{"rendered":"<p>[mk_page_section bg_image=&#8221;https:\/\/www.jl-paris.com\/wp-content\/uploads\/2016\/11\/jl-paris-parcours-classiques-1.jpg&#8221; bg_position=&#8221;center top&#8221; bg_repeat=&#8221;no-repeat&#8221; bg_stretch=&#8221;true&#8221; video_color_mask=&#8221;#000000&#8243; video_opacity=&#8221;0.2&#8243; min_height=&#8221;450&#8243; full_width=&#8221;true&#8221; js_vertical_centered=&#8221;true&#8221; padding_top=&#8221;0&#8243; padding_bottom=&#8221;0&#8243; section_id=&#8221;top&#8221; sidebar=&#8221;sidebar-1&#8243;][vc_column][mk_ornamental_title tag_name=&#8221;h1&#8243; text_color=&#8221;#ffffff&#8221; font_family=&#8221;none&#8221; font_size=&#8221;50&#8243; font_weight=&#8221;300&#8243; txt_transform=&#8221;uppercase&#8221; ornament_style=&#8221;lemo-single&#8221; nss_align=&#8221;center&#8221; margin_bottom=&#8221;0&#8243; el_class=&#8221;texte-ombre-noire&#8221;]CLASSIC TOURS[\/mk_ornamental_title][\/vc_column][\/mk_page_section][vc_row][vc_column width=&#8221;1\/6&#8243;][\/vc_column][vc_column width=&#8221;2\/3&#8243;][vc_empty_space height=&#8221;45px&#8221;][vc_column_text css=&#8221;.vc_custom_1543927006758{margin-bottom: 0px !important;}&#8221;] Classic tours include our guided tours in Parisian Museums, Districts, Castles or monuments. Discover all our guided tours in Paris! [\/vc_column_text][vc_empty_space height=&#8221;30px&#8221;][\/vc_column][vc_column width=&#8221;1\/6&#8243;][\/vc_column][\/vc_row][vc_row [&hellip;]<\/p>\n","protected":false},"author":1,"featured_media":32858,"parent":34333,"menu_order":3,"comment_status":"closed","ping_status":"closed","template":"","meta":{"_acf_changed":false,"footnotes":""},"class_list":["post-30606","page","type-page","status-publish","has-post-thumbnail","hentry"],"acf":[],"yoast_head":"<!-- This site is optimized with the Yoast SEO plugin v27.1.1 - https:\/\/yoast.com\/product\/yoast-seo-wordpress\/ -->\n<title>Guided tours in Paris - Our classic tours<\/title>\n<meta name=\"description\" content=\"Discover our classic tours in Paris! A museum? A district or a castle? Choose the guided tour made for you!\" \/>\n<meta name=\"robots\" content=\"index, follow, max-snippet:-1, max-image-preview:large, max-video-preview:-1\" \/>\n<link rel=\"canonical\" href=\"https:\/\/www.jl-paris.com\/en\/paris\/classic-tours\/\" \/>\n<meta property=\"og:locale\" content=\"en_US\" \/>\n<meta property=\"og:type\" content=\"article\" \/>\n<meta property=\"og:title\" content=\"Guided tours in Paris - Our classic tours\" \/>\n<meta property=\"og:description\" content=\"Discover our classic tours in Paris! A museum? A district or a castle? Choose the guided tour made for you!\" \/>\n<meta property=\"og:url\" content=\"https:\/\/www.jl-paris.com\/en\/paris\/classic-tours\/\" \/>\n<meta property=\"og:site_name\" content=\"J&amp;L Paris\" \/>\n<meta property=\"article:publisher\" content=\"https:\/\/www.facebook.com\/jlparis.agency\/\" \/>\n<meta property=\"article:modified_time\" content=\"2022-03-03T15:53:40+00:00\" \/>\n<meta property=\"og:image\" content=\"https:\/\/www.jl-paris.com\/wp-content\/uploads\/2016\/11\/jl-paris-parcours-classiques-1.jpg\" \/>\n\t<meta property=\"og:image:width\" content=\"1350\" \/>\n\t<meta property=\"og:image:height\" content=\"637\" \/>\n\t<meta property=\"og:image:type\" content=\"image\/jpeg\" \/>\n<meta name=\"twitter:card\" content=\"summary_large_image\" \/>\n<meta name=\"twitter:site\" content=\"@JLParisagency\" \/>\n<meta name=\"twitter:label1\" content=\"Est. reading time\" \/>\n\t<meta name=\"twitter:data1\" content=\"2 minutes\" \/>\n<script type=\"application\/ld+json\" class=\"yoast-schema-graph\">{\"@context\":\"https:\/\/schema.org\",\"@graph\":[{\"@type\":\"WebPage\",\"@id\":\"https:\/\/www.jl-paris.com\/en\/paris\/classic-tours\/\",\"url\":\"https:\/\/www.jl-paris.com\/en\/paris\/classic-tours\/\",\"name\":\"Guided tours in Paris - Our classic tours\",\"isPartOf\":{\"@id\":\"https:\/\/www.jl-paris.com\/en\/#website\"},\"primaryImageOfPage\":{\"@id\":\"https:\/\/www.jl-paris.com\/en\/paris\/classic-tours\/#primaryimage\"},\"image\":{\"@id\":\"https:\/\/www.jl-paris.com\/en\/paris\/classic-tours\/#primaryimage\"},\"thumbnailUrl\":\"https:\/\/www.jl-paris.com\/wp-content\/uploads\/2016\/11\/jl-paris-parcours-classiques-1.jpg\",\"datePublished\":\"2016-11-25T19:42:32+00:00\",\"dateModified\":\"2022-03-03T15:53:40+00:00\",\"description\":\"Discover our classic tours in Paris! A museum? A district or a castle? Choose the guided tour made for you!\",\"breadcrumb\":{\"@id\":\"https:\/\/www.jl-paris.com\/en\/paris\/classic-tours\/#breadcrumb\"},\"inLanguage\":\"en-US\",\"potentialAction\":[{\"@type\":\"ReadAction\",\"target\":[\"https:\/\/www.jl-paris.com\/en\/paris\/classic-tours\/\"]}]},{\"@type\":\"ImageObject\",\"inLanguage\":\"en-US\",\"@id\":\"https:\/\/www.jl-paris.com\/en\/paris\/classic-tours\/#primaryimage\",\"url\":\"https:\/\/www.jl-paris.com\/wp-content\/uploads\/2016\/11\/jl-paris-parcours-classiques-1.jpg\",\"contentUrl\":\"https:\/\/www.jl-paris.com\/wp-content\/uploads\/2016\/11\/jl-paris-parcours-classiques-1.jpg\",\"width\":1350,\"height\":637,\"caption\":\"parcours classiques classic tours\"},{\"@type\":\"BreadcrumbList\",\"@id\":\"https:\/\/www.jl-paris.com\/en\/paris\/classic-tours\/#breadcrumb\",\"itemListElement\":[{\"@type\":\"ListItem\",\"position\":1,\"name\":\"Accueil\",\"item\":\"https:\/\/www.jl-paris.com\/en\/\"},{\"@type\":\"ListItem\",\"position\":2,\"name\":\"Paris\",\"item\":\"https:\/\/www.jl-paris.com\/en\/paris\/\"},{\"@type\":\"ListItem\",\"position\":3,\"name\":\"Classic Tours\"}]},{\"@type\":\"WebSite\",\"@id\":\"https:\/\/www.jl-paris.com\/en\/#website\",\"url\":\"https:\/\/www.jl-paris.com\/en\/\",\"name\":\"J&amp;L Paris\",\"description\":\"Visite guid\u00e9es, parcours, conf\u00e9rences \u00e0 Paris\",\"publisher\":{\"@id\":\"https:\/\/www.jl-paris.com\/en\/#organization\"},\"potentialAction\":[{\"@type\":\"SearchAction\",\"target\":{\"@type\":\"EntryPoint\",\"urlTemplate\":\"https:\/\/www.jl-paris.com\/en\/?s={search_term_string}\"},\"query-input\":{\"@type\":\"PropertyValueSpecification\",\"valueRequired\":true,\"valueName\":\"search_term_string\"}}],\"inLanguage\":\"en-US\"},{\"@type\":\"Organization\",\"@id\":\"https:\/\/www.jl-paris.com\/en\/#organization\",\"name\":\"J&L Paris\",\"url\":\"https:\/\/www.jl-paris.com\/en\/\",\"logo\":{\"@type\":\"ImageObject\",\"inLanguage\":\"en-US\",\"@id\":\"https:\/\/www.jl-paris.com\/en\/#\/schema\/logo\/image\/\",\"url\":\"https:\/\/www.jl-paris.com\/wp-content\/uploads\/2016\/11\/jl-paris-biography.jpg\",\"contentUrl\":\"https:\/\/www.jl-paris.com\/wp-content\/uploads\/2016\/11\/jl-paris-biography.jpg\",\"width\":400,\"height\":400,\"caption\":\"J&L Paris\"},\"image\":{\"@id\":\"https:\/\/www.jl-paris.com\/en\/#\/schema\/logo\/image\/\"},\"sameAs\":[\"https:\/\/www.facebook.com\/jlparis.agency\/\",\"https:\/\/x.com\/JLParisagency\",\"https:\/\/www.instagram.com\/jl_paris\/\",\"https:\/\/www.linkedin.com\/company\/10237378\/\"]}]}<\/script>\n<!-- \/ Yoast SEO plugin. -->","yoast_head_json":{"title":"Guided tours in Paris - Our classic tours","description":"Discover our classic tours in Paris! A museum? A district or a castle? Choose the guided tour made for you!","robots":{"index":"index","follow":"follow","max-snippet":"max-snippet:-1","max-image-preview":"max-image-preview:large","max-video-preview":"max-video-preview:-1"},"canonical":"https:\/\/www.jl-paris.com\/en\/paris\/classic-tours\/","og_locale":"en_US","og_type":"article","og_title":"Guided tours in Paris - Our classic tours","og_description":"Discover our classic tours in Paris! A museum? A district or a castle? Choose the guided tour made for you!","og_url":"https:\/\/www.jl-paris.com\/en\/paris\/classic-tours\/","og_site_name":"J&amp;L Paris","article_publisher":"https:\/\/www.facebook.com\/jlparis.agency\/","article_modified_time":"2022-03-03T15:53:40+00:00","og_image":[{"width":1350,"height":637,"url":"https:\/\/www.jl-paris.com\/wp-content\/uploads\/2016\/11\/jl-paris-parcours-classiques-1.jpg","type":"image\/jpeg"}],"twitter_card":"summary_large_image","twitter_site":"@JLParisagency","twitter_misc":{"Est. reading time":"2 minutes"},"schema":{"@context":"https:\/\/schema.org","@graph":[{"@type":"WebPage","@id":"https:\/\/www.jl-paris.com\/en\/paris\/classic-tours\/","url":"https:\/\/www.jl-paris.com\/en\/paris\/classic-tours\/","name":"Guided tours in Paris - Our classic tours","isPartOf":{"@id":"https:\/\/www.jl-paris.com\/en\/#website"},"primaryImageOfPage":{"@id":"https:\/\/www.jl-paris.com\/en\/paris\/classic-tours\/#primaryimage"},"image":{"@id":"https:\/\/www.jl-paris.com\/en\/paris\/classic-tours\/#primaryimage"},"thumbnailUrl":"https:\/\/www.jl-paris.com\/wp-content\/uploads\/2016\/11\/jl-paris-parcours-classiques-1.jpg","datePublished":"2016-11-25T19:42:32+00:00","dateModified":"2022-03-03T15:53:40+00:00","description":"Discover our classic tours in Paris! A museum? A district or a castle? Choose the guided tour made for you!","breadcrumb":{"@id":"https:\/\/www.jl-paris.com\/en\/paris\/classic-tours\/#breadcrumb"},"inLanguage":"en-US","potentialAction":[{"@type":"ReadAction","target":["https:\/\/www.jl-paris.com\/en\/paris\/classic-tours\/"]}]},{"@type":"ImageObject","inLanguage":"en-US","@id":"https:\/\/www.jl-paris.com\/en\/paris\/classic-tours\/#primaryimage","url":"https:\/\/www.jl-paris.com\/wp-content\/uploads\/2016\/11\/jl-paris-parcours-classiques-1.jpg","contentUrl":"https:\/\/www.jl-paris.com\/wp-content\/uploads\/2016\/11\/jl-paris-parcours-classiques-1.jpg","width":1350,"height":637,"caption":"parcours classiques classic tours"},{"@type":"BreadcrumbList","@id":"https:\/\/www.jl-paris.com\/en\/paris\/classic-tours\/#breadcrumb","itemListElement":[{"@type":"ListItem","position":1,"name":"Accueil","item":"https:\/\/www.jl-paris.com\/en\/"},{"@type":"ListItem","position":2,"name":"Paris","item":"https:\/\/www.jl-paris.com\/en\/paris\/"},{"@type":"ListItem","position":3,"name":"Classic Tours"}]},{"@type":"WebSite","@id":"https:\/\/www.jl-paris.com\/en\/#website","url":"https:\/\/www.jl-paris.com\/en\/","name":"J&amp;L Paris","description":"Visite guid\u00e9es, parcours, conf\u00e9rences \u00e0 Paris","publisher":{"@id":"https:\/\/www.jl-paris.com\/en\/#organization"},"potentialAction":[{"@type":"SearchAction","target":{"@type":"EntryPoint","urlTemplate":"https:\/\/www.jl-paris.com\/en\/?s={search_term_string}"},"query-input":{"@type":"PropertyValueSpecification","valueRequired":true,"valueName":"search_term_string"}}],"inLanguage":"en-US"},{"@type":"Organization","@id":"https:\/\/www.jl-paris.com\/en\/#organization","name":"J&L Paris","url":"https:\/\/www.jl-paris.com\/en\/","logo":{"@type":"ImageObject","inLanguage":"en-US","@id":"https:\/\/www.jl-paris.com\/en\/#\/schema\/logo\/image\/","url":"https:\/\/www.jl-paris.com\/wp-content\/uploads\/2016\/11\/jl-paris-biography.jpg","contentUrl":"https:\/\/www.jl-paris.com\/wp-content\/uploads\/2016\/11\/jl-paris-biography.jpg","width":400,"height":400,"caption":"J&L Paris"},"image":{"@id":"https:\/\/www.jl-paris.com\/en\/#\/schema\/logo\/image\/"},"sameAs":["https:\/\/www.facebook.com\/jlparis.agency\/","https:\/\/x.com\/JLParisagency","https:\/\/www.instagram.com\/jl_paris\/","https:\/\/www.linkedin.com\/company\/10237378\/"]}]}},"_links":{"self":[{"href":"https:\/\/www.jl-paris.com\/en\/wp-json\/wp\/v2\/pages\/30606","targetHints":{"allow":["GET"]}}],"collection":[{"href":"https:\/\/www.jl-paris.com\/en\/wp-json\/wp\/v2\/pages"}],"about":[{"href":"https:\/\/www.jl-paris.com\/en\/wp-json\/wp\/v2\/types\/page"}],"author":[{"embeddable":true,"href":"https:\/\/www.jl-paris.com\/en\/wp-json\/wp\/v2\/users\/1"}],"replies":[{"embeddable":true,"href":"https:\/\/www.jl-paris.com\/en\/wp-json\/wp\/v2\/comments?post=30606"}],"version-history":[{"count":1,"href":"https:\/\/www.jl-paris.com\/en\/wp-json\/wp\/v2\/pages\/30606\/revisions"}],"predecessor-version":[{"id":35839,"href":"https:\/\/www.jl-paris.com\/en\/wp-json\/wp\/v2\/pages\/30606\/revisions\/35839"}],"up":[{"embeddable":true,"href":"https:\/\/www.jl-paris.com\/en\/wp-json\/wp\/v2\/pages\/34333"}],"wp:featuredmedia":[{"embeddable":true,"href":"https:\/\/www.jl-paris.com\/en\/wp-json\/wp\/v2\/media\/32858"}],"wp:attachment":[{"href":"https:\/\/www.jl-paris.com\/en\/wp-json\/wp\/v2\/media?parent=30606"}],"curies":[{"name":"wp","href":"https:\/\/api.w.org\/{rel}","templated":true}]}}